{"id":265,"date":"2024-07-01T12:56:55","date_gmt":"2024-07-01T12:56:55","guid":{"rendered":"http:\/\/norajunepeebles.com\/?page_id=265"},"modified":"2024-12-29T16:24:02","modified_gmt":"2024-12-29T16:24:02","slug":"serie-plan-b","status":"publish","type":"page","link":"https:\/\/norajunepeebles.com\/?page_id=265","title":{"rendered":"SERIE PLAN B"},"content":{"rendered":"\n<figure class=\"wp-block-image size-large is-resized\"><img loading=\"lazy\" decoding=\"async\" width=\"1024\" height=\"307\" src=\"https:\/\/norajunepeebles.com\/wp-content\/uploads\/2024\/12\/Blush-Wave-LinkedIn-Banner-1-1024x307.png\" alt=\"\" class=\"wp-image-615\" style=\"width:1629px;height:auto\" srcset=\"https:\/\/norajunepeebles.com\/wp-content\/uploads\/2024\/12\/Blush-Wave-LinkedIn-Banner-1-1024x307.png 1024w, https:\/\/norajunepeebles.com\/wp-content\/uploads\/2024\/12\/Blush-Wave-LinkedIn-Banner-1-300x90.png 300w, https:\/\/norajunepeebles.com\/wp-content\/uploads\/2024\/12\/Blush-Wave-LinkedIn-Banner-1-768x230.png 768w, https:\/\/norajunepeebles.com\/wp-content\/uploads\/2024\/12\/Blush-Wave-LinkedIn-Banner-1-1536x461.png 1536w, https:\/\/norajunepeebles.com\/wp-content\/uploads\/2024\/12\/Blush-Wave-LinkedIn-Banner-1-18x5.png 18w, https:\/\/norajunepeebles.com\/wp-content\/uploads\/2024\/12\/Blush-Wave-LinkedIn-Banner-1-600x180.png 600w, https:\/\/norajunepeebles.com\/wp-content\/uploads\/2024\/12\/Blush-Wave-LinkedIn-Banner-1.png 2000w\" sizes=\"auto, (max-width: 1024px) 100vw, 1024px\" \/><\/figure>\n\n\n\n<h2 class=\"wp-block-heading\">SERIE <em>PLAN B<\/em><\/h2>\n\n\n\n<h3 class=\"wp-block-heading\">ROMANZI &#8211; CONTEMPORARY, STEM &amp; SPORT ROMANCE<\/h3>\n\n\n\n<p>Immergiti in una serie indimenticabile in cui amore dirompente, passione e amicizia si mescolano in un connubio unico. La serie <em>Plan B<\/em> combina gli amatissimi generi STEM e sport romance. <\/p>\n\n\n\n<p>Tutti i romanzi della serie sono FM, con l&#8217;unica eccezione di <em>Le regole del gioco<\/em>, in cui trovate una coppia MM e bi rep. <\/p>\n\n\n\n<div class=\"wp-block-media-text alignfull has-media-on-the-right is-stacked-on-mobile is-vertically-aligned-center\"><div class=\"wp-block-media-text__content\">\n<h3 class=\"wp-block-heading has-text-align-left has-text-color\" style=\"color:#000000\"><a href=\"https:\/\/norajunepeebles.com\/?page_id=303\">GIOCO D&#8217;INTESA<\/a><\/h3>\n\n\n\n<h3 class=\"wp-block-heading\">STEM &amp; SPORT ROMANCE<\/h3>\n\n\n\n<p>Astrofisica \/ Giocatore di football<br>TROPES: chosen family, emotional scars, he falls first, &#8220;Ti fidi di me?&#8221;, <br>Amico del migliore amico<br>DOPPIO POV<\/p>\n\n\n\n<p><strong>Cos&#8217;hanno in comune un\u2019astrofisica che non crede pi\u00f9 nell\u2019amore e un giocatore di football dall\u2019animo romantico?<\/strong><\/p>\n\n\n\n<p><strong>Niente cattivi ragazzi da redimere<\/strong>, ma il fatidico Piano B e un colpo di fulmine che diventa amore in uno sport romance senza angst e pieno di speranza.<\/p>\n\n\n\n<p>Il primo capitolo della Serie Plan B \u00e8 online in una nuovissima veste, con nuova cover, nuove grafiche interne&nbsp;e con contenuti extra.<\/p>\n\n\n\n<div class=\"wp-block-buttons is-layout-flex wp-block-buttons-is-layout-flex\">\n<div class=\"wp-block-button\"><a class=\"wp-block-button__link wp-element-button\" href=\"https:\/\/www.amazon.it\/gp\/product\/B08R64MZL5\">Leggi <em>Gioco d&#8217;intesa<\/em><\/a><\/div>\n<\/div>\n<\/div><figure class=\"wp-block-media-text__media\"><img loading=\"lazy\" decoding=\"async\" width=\"1024\" height=\"944\" src=\"https:\/\/norajunepeebles.com\/wp-content\/uploads\/2024\/06\/1711530157-1024x944.png\" alt=\"\" class=\"wp-image-133 size-full\" srcset=\"https:\/\/norajunepeebles.com\/wp-content\/uploads\/2024\/06\/1711530157-1024x944.png 1024w, https:\/\/norajunepeebles.com\/wp-content\/uploads\/2024\/06\/1711530157-300x277.png 300w, https:\/\/norajunepeebles.com\/wp-content\/uploads\/2024\/06\/1711530157-768x708.png 768w, https:\/\/norajunepeebles.com\/wp-content\/uploads\/2024\/06\/1711530157-13x12.png 13w, https:\/\/norajunepeebles.com\/wp-content\/uploads\/2024\/06\/1711530157-600x553.png 600w, https:\/\/norajunepeebles.com\/wp-content\/uploads\/2024\/06\/1711530157.png 1500w\" sizes=\"auto, (max-width: 1024px) 100vw, 1024px\" \/><\/figure><\/div>\n\n\n\n<div class=\"wp-block-media-text alignfull has-media-on-the-right is-stacked-on-mobile is-vertically-aligned-center\" style=\"grid-template-columns:auto 53%\"><div class=\"wp-block-media-text__content\">\n<h3 class=\"wp-block-heading has-text-align-left has-text-color\" style=\"color:#000000\"><strong><a href=\"https:\/\/norajunepeebles.com\/?page_id=317\">LE REGOLE DEL GIOCO <\/a><\/strong><\/h3>\n\n\n\n<h3 class=\"wp-block-heading\">MM SPORT ROMANCE<\/h3>\n\n\n\n<p>Chef stellato \/ Giocatore di football<br>TROPES: hate to love, chosen family, hurt\/comfort, lezioni di cucina, bi rep,<br>brother&#8217;s best friend<br>DOPPIO POV<\/p>\n\n\n\n<p><em>A volte, la felicit\u00e0 \u00e8 a portata di mano: basta stendere il braccio e afferrarla. Sembra facile, vero?<\/em><\/p>\n\n\n\n<p>Alec Reid vive e respira per il football. E per il sesso, meglio se privo di legami e con una buona dose di controllo esercitata da lui.<\/p>\n\n\n\n<p>All\u2019apice della carriera, Alec ha tutto: successo, donne, amici leali. \u00c8 disposto a qualunque rinuncia pur di vivere il proprio sogno, persino a sacrificare se stesso. <\/p>\n\n\n\n<p><strong>Sono le regole del gioco. Deve solo tenere duro e continuare a giocare.<\/strong><\/p>\n\n\n\n<p>L&#8217;incontro con un enigmatico cuoco italiano lo spinger\u00e0 a mettere tutto in discussione.<\/p>\n\n\n\n<p><em>E se le regole del gioco fossero altre?<\/em><\/p>\n\n\n\n<div class=\"wp-block-buttons is-layout-flex wp-block-buttons-is-layout-flex\">\n<div class=\"wp-block-button\"><a class=\"wp-block-button__link wp-element-button\" href=\"https:\/\/www.amazon.it\/dp\/B09NR5R87C\">Leggi <em>Le regole del gioco<\/em><\/a><\/div>\n<\/div>\n<\/div><figure class=\"wp-block-media-text__media\"><img loading=\"lazy\" decoding=\"async\" width=\"1024\" height=\"944\" src=\"https:\/\/norajunepeebles.com\/wp-content\/uploads\/2024\/06\/1717430245-1024x944.png\" alt=\"\" class=\"wp-image-36 size-full\" srcset=\"https:\/\/norajunepeebles.com\/wp-content\/uploads\/2024\/06\/1717430245-1024x944.png 1024w, https:\/\/norajunepeebles.com\/wp-content\/uploads\/2024\/06\/1717430245-300x277.png 300w, https:\/\/norajunepeebles.com\/wp-content\/uploads\/2024\/06\/1717430245-768x708.png 768w, https:\/\/norajunepeebles.com\/wp-content\/uploads\/2024\/06\/1717430245-13x12.png 13w, https:\/\/norajunepeebles.com\/wp-content\/uploads\/2024\/06\/1717430245-600x553.png 600w, https:\/\/norajunepeebles.com\/wp-content\/uploads\/2024\/06\/1717430245.png 1500w\" sizes=\"auto, (max-width: 1024px) 100vw, 1024px\" \/><\/figure><\/div>\n\n\n\n<div class=\"wp-block-media-text alignfull has-media-on-the-right is-stacked-on-mobile is-vertically-aligned-center\"><div class=\"wp-block-media-text__content\">\n<h3 class=\"wp-block-heading has-text-align-left has-text-color\" style=\"color:#000000\"><a href=\"https:\/\/norajunepeebles.com\/?page_id=470\">SOLO QUATTRO MESI<\/a><\/h3>\n\n\n\n<h3 class=\"wp-block-heading\">STEM &amp; MEDICAL ROMANCE<\/h3>\n\n\n\n<p>Archeologa \/ Medico di pronto soccorso<br>TROPES: Small town, sworn off relationships, chosen family, <br>emotional scars, insta-attraction, Scozia <br>DOPPIO POV<\/p>\n\n\n\n<p><strong>L\u2019amore non fa per lei.&nbsp;<\/strong>Dopo l\u2019ultima delusione, Margherita vuole concentrarsi sulla propria carriera. Sostituir\u00e0 il direttore di un museo in un paesino scozzese per l\u2019estate. Un sogno che si avvera! Certo, non \u00e8 partito sotto i migliori auspici: l\u2019auto che ha noleggiato ha preso fuoco e il tizio che l\u2019ha soccorsa \u00e8 il burbero medico del paese, uno snob insopportabile. \u00c8 anche l\u2019uomo pi\u00f9 affascinante che lei abbia mai incontrato. E ha delle mani\u2026 L\u2019ha gi\u00e0 detto che \u00e8 insopportabile? Rester\u00e0 ad Abermouth&nbsp;solo&nbsp;quattro&nbsp;mesi, non ha tempo per cotte senza speranza.&nbsp;<\/p>\n\n\n\n<p><em>Sapr\u00e0 resistergli. Oppure no?&nbsp;<\/em><\/p>\n\n\n\n<p><strong>Tra un\u2019auto che decide di esalare l\u2019ultimo respiro a poche miglia dalla meta, una collezione a dir poco insolita e i colori della Scozia, un ruvido medico che si nasconde dal passato e un\u2019archeologa che non sogna pi\u00f9 l\u2019amore riusciranno a rimettersi in gioco e a conquistare il loro lieto fine?<\/strong><\/p>\n\n\n\n<div class=\"wp-block-buttons is-layout-flex wp-block-buttons-is-layout-flex\">\n<div class=\"wp-block-button\"><a class=\"wp-block-button__link wp-element-button\" href=\"https:\/\/www.amazon.it\/dp\/B09964CLTW\">Leggi <em>Solo quattro mesi<\/em><\/a><\/div>\n<\/div>\n<\/div><figure class=\"wp-block-media-text__media\"><img loading=\"lazy\" decoding=\"async\" width=\"1024\" height=\"944\" src=\"https:\/\/norajunepeebles.com\/wp-content\/uploads\/2024\/08\/1723543352-1-1024x944.png\" alt=\"\" class=\"wp-image-487 size-full\" srcset=\"https:\/\/norajunepeebles.com\/wp-content\/uploads\/2024\/08\/1723543352-1-1024x944.png 1024w, https:\/\/norajunepeebles.com\/wp-content\/uploads\/2024\/08\/1723543352-1-300x277.png 300w, https:\/\/norajunepeebles.com\/wp-content\/uploads\/2024\/08\/1723543352-1-768x708.png 768w, https:\/\/norajunepeebles.com\/wp-content\/uploads\/2024\/08\/1723543352-1-13x12.png 13w, https:\/\/norajunepeebles.com\/wp-content\/uploads\/2024\/08\/1723543352-1-600x553.png 600w, https:\/\/norajunepeebles.com\/wp-content\/uploads\/2024\/08\/1723543352-1.png 1500w\" sizes=\"auto, (max-width: 1024px) 100vw, 1024px\" \/><\/figure><\/div>\n\n\n\n<div class=\"wp-block-media-text alignfull has-media-on-the-right is-stacked-on-mobile is-vertically-aligned-center\"><div class=\"wp-block-media-text__content\">\n<h3 class=\"wp-block-heading has-text-align-left has-text-color\" style=\"color:#000000\"><a href=\"https:\/\/norajunepeebles.com\/?page_id=552\">GIOCO DI SEDUZIONE<\/a><\/h3>\n\n\n\n<h3 class=\"wp-block-heading\">STEM &amp; SPORT ROMANCE<\/h3>\n\n\n\n<p>Vulcanologa \/ Giocatore di football<br>TROPES: chosen family, emotional scars, prime volte, secret identity, amico del migliore amico, cowboys, &#8220;sei mia&#8221;<br>DOPPIO POV<\/p>\n\n\n\n<p><strong>Cosa succede quando il giocatore pi\u00f9 sexy e pi\u00f9 zen del football americano si scontra con l\u2019unica donna capace di fargli perdere la testa?<\/strong><\/p>\n\n\n\n<p><em>Jake pu\u00f2 sedurre qualunque donna lui voglia\u2026 oppure no?&nbsp;<\/em><\/p>\n\n\n\n<p>Una nevicata da record, un gioco di seduzione impossibile da perdere e un\u2019insana passione per il&nbsp;<em>Signore degli Anelli<\/em>&nbsp;sono le scintille che fanno divampare un amore travolgente nella coppia pi\u00f9 insospettabile di tutte.&nbsp;<\/p>\n\n\n\n<p>Scopri l\u2019epilogo della serie <em>Plan B<\/em>, dove i piani di riserva si rivelano ricchi di sorprese inaspettate.<\/p>\n\n\n\n<div class=\"wp-block-buttons is-layout-flex wp-block-buttons-is-layout-flex\">\n<div class=\"wp-block-button\"><a class=\"wp-block-button__link wp-element-button\" href=\"https:\/\/www.amazon.it\/dp\/B0BQN9HZV6\">Leggi<em> Gioco di seduzione<\/em><\/a><\/div>\n<\/div>\n<\/div><figure class=\"wp-block-media-text__media\"><img loading=\"lazy\" decoding=\"async\" width=\"1024\" height=\"944\" src=\"https:\/\/norajunepeebles.com\/wp-content\/uploads\/2024\/11\/1730753596-1024x944.png\" alt=\"\" class=\"wp-image-534 size-full\" srcset=\"https:\/\/norajunepeebles.com\/wp-content\/uploads\/2024\/11\/1730753596-1024x944.png 1024w, https:\/\/norajunepeebles.com\/wp-content\/uploads\/2024\/11\/1730753596-300x277.png 300w, https:\/\/norajunepeebles.com\/wp-content\/uploads\/2024\/11\/1730753596-768x708.png 768w, https:\/\/norajunepeebles.com\/wp-content\/uploads\/2024\/11\/1730753596-13x12.png 13w, https:\/\/norajunepeebles.com\/wp-content\/uploads\/2024\/11\/1730753596-600x553.png 600w, https:\/\/norajunepeebles.com\/wp-content\/uploads\/2024\/11\/1730753596.png 1500w\" sizes=\"auto, (max-width: 1024px) 100vw, 1024px\" \/><\/figure><\/div>\n\n\n\n<div class=\"wp-block-columns is-layout-flex wp-container-core-columns-is-layout-9d6595d7 wp-block-columns-is-layout-flex\">\n<div class=\"wp-block-column is-layout-flow wp-block-column-is-layout-flow\">\n<h3 class=\"wp-block-heading\"><a href=\"https:\/\/norajunepeebles.com\/?page_id=607\">IN CUCINA CON NORA<\/a><\/h3>\n\n\n\n<h3 class=\"wp-block-heading\">RICETTE PER LE SECONDE OCCASIONI<\/h3>\n\n\n\n<p>\u201cI piatti pi\u00f9 semplici sono i pi\u00f9 difficili.\u201d<br>Questa \u00e8 la convinzione di Dan, cuoco stellato e protagonista di&nbsp;<em>Le regole del gioco<\/em>, uno dei romanzi della serie&nbsp;<em>Plan B<\/em>.<\/p>\n\n\n\n<p>I piatti semplici sono quelli che fanno parte della nostra memoria collettiva, della nostra infanzia, di domeniche passate a cucinare con le mamme e le nonne. Sono quelli che evocano ricordi e senso di protezione, ed \u00e8 questo che li rende difficili. Vanno fatti con il cuore, con l\u2019amore che contraddistingue i nostri ricordi.<\/p>\n\n\n\n<p><em>In cucina con Nora&nbsp;<\/em>\u00e8 la raccolta delle ricette citate nei romanzi della serie&nbsp;<em>Plan B<\/em>. Sono ricette di famiglia, inventate o regalate da amiche, inframezzate da spezzoni dei romanzi in cui vengono citate. Richiedono pochi ingredienti e un pizzico di fantasia e non sono sempre fedeli alla versione originale, ma sono cambiate nel tempo con i miei viaggi e la vita all\u2019estero.<\/p>\n\n\n\n<p><em>In cucina con Nora<\/em>&nbsp;\u00e8 il mio invito a sperimentare, a provare e riprovare, a cambiare a seconda dei propri gusti, ed \u00e8 un inno alle seconde occasioni, quelle colte dai protagonisti della serie e quelle che possiamo afferrare noi tutti i giorni.<\/p>\n\n\n\n<p>Buona lettura e buon divertimento in cucina!<\/p>\n<\/div>\n\n\n\n<div class=\"wp-block-column is-layout-flow wp-block-column-is-layout-flow\">\n<div class=\"wp-block-columns is-layout-flex wp-container-core-columns-is-layout-9d6595d7 wp-block-columns-is-layout-flex\">\n<div class=\"wp-block-column is-layout-flow wp-block-column-is-layout-flow\">\n<figure class=\"wp-block-image size-large\"><img loading=\"lazy\" decoding=\"async\" width=\"1024\" height=\"944\" src=\"https:\/\/norajunepeebles.com\/wp-content\/uploads\/2024\/12\/1735487367-1-1024x944.png\" alt=\"\" class=\"wp-image-613\" srcset=\"https:\/\/norajunepeebles.com\/wp-content\/uploads\/2024\/12\/1735487367-1-1024x944.png 1024w, https:\/\/norajunepeebles.com\/wp-content\/uploads\/2024\/12\/1735487367-1-300x277.png 300w, https:\/\/norajunepeebles.com\/wp-content\/uploads\/2024\/12\/1735487367-1-768x708.png 768w, https:\/\/norajunepeebles.com\/wp-content\/uploads\/2024\/12\/1735487367-1-13x12.png 13w, https:\/\/norajunepeebles.com\/wp-content\/uploads\/2024\/12\/1735487367-1-600x553.png 600w, https:\/\/norajunepeebles.com\/wp-content\/uploads\/2024\/12\/1735487367-1.png 1500w\" sizes=\"auto, (max-width: 1024px) 100vw, 1024px\" \/><\/figure>\n<\/div>\n<\/div>\n<\/div>\n<\/div>\n","protected":false},"excerpt":{"rendered":"<p>SERIE PLAN B ROMANZI &#8211; CONTEMPORARY, STEM &amp; SPORT ROMANCE Immergiti in una serie indimenticabile in cui amore dirompente, passione e amicizia si mescolano in un connubio unico. La serie Plan B combina gli amatissimi generi STEM e sport romance. Tutti i romanzi della serie sono FM, con l&#8217;unica eccezione di Le regole del gioco,&#8230;<\/p>\n","protected":false},"author":1,"featured_media":0,"parent":0,"menu_order":0,"comment_status":"closed","ping_status":"closed","template":"","meta":{"_themeisle_gutenberg_block_has_review":false,"_kadence_starter_templates_imported_post":false,"_kad_post_transparent":"","_kad_post_title":"","_kad_post_layout":"","_kad_post_sidebar_id":"","_kad_post_content_style":"","_kad_post_vertical_padding":"","_kad_post_feature":"","_kad_post_feature_position":"","_kad_post_header":false,"_kad_post_footer":false,"footnotes":""},"class_list":["post-265","page","type-page","status-publish","hentry"],"yoast_head":"<!-- This site is optimized with the Yoast SEO plugin v22.8 - https:\/\/yoast.com\/wordpress\/plugins\/seo\/ -->\n<title>SPORT ROMANCE - SERIE PLAN B<\/title>\n<meta name=\"description\" content=\"I romanzi della PLAN B series coniugano generi amati quali STEM e sport romance. Fatti conquistare da queste storie d&#039;amore e passione!\" \/>\n<meta name=\"robots\" content=\"index, follow, max-snippet:-1, max-image-preview:large, max-video-preview:-1\" \/>\n<link rel=\"canonical\" href=\"https:\/\/norajunepeebles.com\/?page_id=265\" \/>\n<meta property=\"og:locale\" content=\"en_US\" \/>\n<meta property=\"og:type\" content=\"article\" \/>\n<meta property=\"og:title\" content=\"SPORT ROMANCE - SERIE PLAN B\" \/>\n<meta property=\"og:description\" content=\"I romanzi della PLAN B series coniugano generi amati quali STEM e sport romance. Fatti conquistare da queste storie d&#039;amore e passione!\" \/>\n<meta property=\"og:url\" content=\"https:\/\/norajunepeebles.com\/?page_id=265\" \/>\n<meta property=\"og:site_name\" content=\"NORA JUNE PEEBLES - ROMANCE AUTHOR\" \/>\n<meta property=\"article:modified_time\" content=\"2024-12-29T16:24:02+00:00\" \/>\n<meta property=\"og:image\" content=\"https:\/\/norajunepeebles.com\/wp-content\/uploads\/2024\/12\/Blush-Wave-LinkedIn-Banner-1-1024x307.png\" \/>\n<meta name=\"twitter:card\" content=\"summary_large_image\" \/>\n<meta name=\"twitter:label1\" content=\"Est. reading time\" \/>\n\t<meta name=\"twitter:data1\" content=\"5 minutes\" \/>\n<script type=\"application\/ld+json\" class=\"yoast-schema-graph\">{\"@context\":\"https:\/\/schema.org\",\"@graph\":[{\"@type\":\"WebPage\",\"@id\":\"https:\/\/norajunepeebles.com\/?page_id=265\",\"url\":\"https:\/\/norajunepeebles.com\/?page_id=265\",\"name\":\"SPORT ROMANCE - SERIE PLAN B\",\"isPartOf\":{\"@id\":\"https:\/\/norajunepeebles.com\/#website\"},\"primaryImageOfPage\":{\"@id\":\"https:\/\/norajunepeebles.com\/?page_id=265#primaryimage\"},\"image\":{\"@id\":\"https:\/\/norajunepeebles.com\/?page_id=265#primaryimage\"},\"thumbnailUrl\":\"https:\/\/norajunepeebles.com\/wp-content\/uploads\/2024\/12\/Blush-Wave-LinkedIn-Banner-1-1024x307.png\",\"datePublished\":\"2024-07-01T12:56:55+00:00\",\"dateModified\":\"2024-12-29T16:24:02+00:00\",\"description\":\"I romanzi della PLAN B series coniugano generi amati quali STEM e sport romance. Fatti conquistare da queste storie d'amore e passione!\",\"breadcrumb\":{\"@id\":\"https:\/\/norajunepeebles.com\/?page_id=265#breadcrumb\"},\"inLanguage\":\"en-US\",\"potentialAction\":[{\"@type\":\"ReadAction\",\"target\":[\"https:\/\/norajunepeebles.com\/?page_id=265\"]}]},{\"@type\":\"ImageObject\",\"inLanguage\":\"en-US\",\"@id\":\"https:\/\/norajunepeebles.com\/?page_id=265#primaryimage\",\"url\":\"https:\/\/norajunepeebles.com\/wp-content\/uploads\/2024\/12\/Blush-Wave-LinkedIn-Banner-1.png\",\"contentUrl\":\"https:\/\/norajunepeebles.com\/wp-content\/uploads\/2024\/12\/Blush-Wave-LinkedIn-Banner-1.png\",\"width\":2000,\"height\":600},{\"@type\":\"BreadcrumbList\",\"@id\":\"https:\/\/norajunepeebles.com\/?page_id=265#breadcrumb\",\"itemListElement\":[{\"@type\":\"ListItem\",\"position\":1,\"name\":\"Home\",\"item\":\"https:\/\/norajunepeebles.com\/\"},{\"@type\":\"ListItem\",\"position\":2,\"name\":\"SERIE PLAN B\"}]},{\"@type\":\"WebSite\",\"@id\":\"https:\/\/norajunepeebles.com\/#website\",\"url\":\"https:\/\/norajunepeebles.com\/\",\"name\":\"NORA JUNE PEEBLES - ROMANCE AUTHOR\",\"description\":\"LOVE, HUMOUR AND A HAPPILY EVER AFTER\",\"publisher\":{\"@id\":\"https:\/\/norajunepeebles.com\/#organization\"},\"potentialAction\":[{\"@type\":\"SearchAction\",\"target\":{\"@type\":\"EntryPoint\",\"urlTemplate\":\"https:\/\/norajunepeebles.com\/?s={search_term_string}\"},\"query-input\":\"required name=search_term_string\"}],\"inLanguage\":\"en-US\"},{\"@type\":\"Organization\",\"@id\":\"https:\/\/norajunepeebles.com\/#organization\",\"name\":\"NORA JUNE PEEBLES - ROMANCE AUTHOR\",\"url\":\"https:\/\/norajunepeebles.com\/\",\"logo\":{\"@type\":\"ImageObject\",\"inLanguage\":\"en-US\",\"@id\":\"https:\/\/norajunepeebles.com\/#\/schema\/logo\/image\/\",\"url\":\"https:\/\/norajunepeebles.com\/wp-content\/uploads\/2024\/06\/cropped-Love-humour-and-a-happily-ever-after-4.png\",\"contentUrl\":\"https:\/\/norajunepeebles.com\/wp-content\/uploads\/2024\/06\/cropped-Love-humour-and-a-happily-ever-after-4.png\",\"width\":500,\"height\":363,\"caption\":\"NORA JUNE PEEBLES - ROMANCE AUTHOR\"},\"image\":{\"@id\":\"https:\/\/norajunepeebles.com\/#\/schema\/logo\/image\/\"}}]}<\/script>\n<!-- \/ Yoast SEO plugin. -->","yoast_head_json":{"title":"SPORT ROMANCE - SERIE PLAN B","description":"I romanzi della PLAN B series coniugano generi amati quali STEM e sport romance. Fatti conquistare da queste storie d'amore e passione!","robots":{"index":"index","follow":"follow","max-snippet":"max-snippet:-1","max-image-preview":"max-image-preview:large","max-video-preview":"max-video-preview:-1"},"canonical":"https:\/\/norajunepeebles.com\/?page_id=265","og_locale":"en_US","og_type":"article","og_title":"SPORT ROMANCE - SERIE PLAN B","og_description":"I romanzi della PLAN B series coniugano generi amati quali STEM e sport romance. Fatti conquistare da queste storie d'amore e passione!","og_url":"https:\/\/norajunepeebles.com\/?page_id=265","og_site_name":"NORA JUNE PEEBLES - ROMANCE AUTHOR","article_modified_time":"2024-12-29T16:24:02+00:00","og_image":[{"url":"https:\/\/norajunepeebles.com\/wp-content\/uploads\/2024\/12\/Blush-Wave-LinkedIn-Banner-1-1024x307.png"}],"twitter_card":"summary_large_image","twitter_misc":{"Est. reading time":"5 minutes"},"schema":{"@context":"https:\/\/schema.org","@graph":[{"@type":"WebPage","@id":"https:\/\/norajunepeebles.com\/?page_id=265","url":"https:\/\/norajunepeebles.com\/?page_id=265","name":"SPORT ROMANCE - SERIE PLAN B","isPartOf":{"@id":"https:\/\/norajunepeebles.com\/#website"},"primaryImageOfPage":{"@id":"https:\/\/norajunepeebles.com\/?page_id=265#primaryimage"},"image":{"@id":"https:\/\/norajunepeebles.com\/?page_id=265#primaryimage"},"thumbnailUrl":"https:\/\/norajunepeebles.com\/wp-content\/uploads\/2024\/12\/Blush-Wave-LinkedIn-Banner-1-1024x307.png","datePublished":"2024-07-01T12:56:55+00:00","dateModified":"2024-12-29T16:24:02+00:00","description":"I romanzi della PLAN B series coniugano generi amati quali STEM e sport romance. Fatti conquistare da queste storie d'amore e passione!","breadcrumb":{"@id":"https:\/\/norajunepeebles.com\/?page_id=265#breadcrumb"},"inLanguage":"en-US","potentialAction":[{"@type":"ReadAction","target":["https:\/\/norajunepeebles.com\/?page_id=265"]}]},{"@type":"ImageObject","inLanguage":"en-US","@id":"https:\/\/norajunepeebles.com\/?page_id=265#primaryimage","url":"https:\/\/norajunepeebles.com\/wp-content\/uploads\/2024\/12\/Blush-Wave-LinkedIn-Banner-1.png","contentUrl":"https:\/\/norajunepeebles.com\/wp-content\/uploads\/2024\/12\/Blush-Wave-LinkedIn-Banner-1.png","width":2000,"height":600},{"@type":"BreadcrumbList","@id":"https:\/\/norajunepeebles.com\/?page_id=265#breadcrumb","itemListElement":[{"@type":"ListItem","position":1,"name":"Home","item":"https:\/\/norajunepeebles.com\/"},{"@type":"ListItem","position":2,"name":"SERIE PLAN B"}]},{"@type":"WebSite","@id":"https:\/\/norajunepeebles.com\/#website","url":"https:\/\/norajunepeebles.com\/","name":"NORA JUNE PEEBLES - ROMANCE AUTHOR","description":"LOVE, HUMOUR AND A HAPPILY EVER AFTER","publisher":{"@id":"https:\/\/norajunepeebles.com\/#organization"},"potentialAction":[{"@type":"SearchAction","target":{"@type":"EntryPoint","urlTemplate":"https:\/\/norajunepeebles.com\/?s={search_term_string}"},"query-input":"required name=search_term_string"}],"inLanguage":"en-US"},{"@type":"Organization","@id":"https:\/\/norajunepeebles.com\/#organization","name":"NORA JUNE PEEBLES - ROMANCE AUTHOR","url":"https:\/\/norajunepeebles.com\/","logo":{"@type":"ImageObject","inLanguage":"en-US","@id":"https:\/\/norajunepeebles.com\/#\/schema\/logo\/image\/","url":"https:\/\/norajunepeebles.com\/wp-content\/uploads\/2024\/06\/cropped-Love-humour-and-a-happily-ever-after-4.png","contentUrl":"https:\/\/norajunepeebles.com\/wp-content\/uploads\/2024\/06\/cropped-Love-humour-and-a-happily-ever-after-4.png","width":500,"height":363,"caption":"NORA JUNE PEEBLES - ROMANCE AUTHOR"},"image":{"@id":"https:\/\/norajunepeebles.com\/#\/schema\/logo\/image\/"}}]}},"_links":{"self":[{"href":"https:\/\/norajunepeebles.com\/index.php?rest_route=\/wp\/v2\/pages\/265","targetHints":{"allow":["GET"]}}],"collection":[{"href":"https:\/\/norajunepeebles.com\/index.php?rest_route=\/wp\/v2\/pages"}],"about":[{"href":"https:\/\/norajunepeebles.com\/index.php?rest_route=\/wp\/v2\/types\/page"}],"author":[{"embeddable":true,"href":"https:\/\/norajunepeebles.com\/index.php?rest_route=\/wp\/v2\/users\/1"}],"replies":[{"embeddable":true,"href":"https:\/\/norajunepeebles.com\/index.php?rest_route=%2Fwp%2Fv2%2Fcomments&post=265"}],"version-history":[{"count":4,"href":"https:\/\/norajunepeebles.com\/index.php?rest_route=\/wp\/v2\/pages\/265\/revisions"}],"predecessor-version":[{"id":617,"href":"https:\/\/norajunepeebles.com\/index.php?rest_route=\/wp\/v2\/pages\/265\/revisions\/617"}],"wp:attachment":[{"href":"https:\/\/norajunepeebles.com\/index.php?rest_route=%2Fwp%2Fv2%2Fmedia&parent=265"}],"curies":[{"name":"wp","href":"https:\/\/api.w.org\/{rel}","templated":true}]}}