{"id":369,"date":"2024-07-17T07:45:33","date_gmt":"2024-07-17T07:45:33","guid":{"rendered":"https:\/\/norajunepeebles.com\/?page_id=369"},"modified":"2024-08-01T08:23:53","modified_gmt":"2024-08-01T08:23:53","slug":"materiale-gioco-dintesa","status":"publish","type":"page","link":"https:\/\/norajunepeebles.com\/?page_id=369","title":{"rendered":"MATERIALE GIOCO D&#8217;INTESA"},"content":{"rendered":"\n<figure class=\"wp-block-image size-large is-resized\"><img loading=\"lazy\" decoding=\"async\" width=\"1024\" height=\"317\" src=\"https:\/\/norajunepeebles.com\/wp-content\/uploads\/2024\/07\/GDI-A-Content-top-1024x317.png\" alt=\"\" class=\"wp-image-349\" style=\"width:1450px;height:auto\" srcset=\"https:\/\/norajunepeebles.com\/wp-content\/uploads\/2024\/07\/GDI-A-Content-top-1024x317.png 1024w, https:\/\/norajunepeebles.com\/wp-content\/uploads\/2024\/07\/GDI-A-Content-top-300x93.png 300w, https:\/\/norajunepeebles.com\/wp-content\/uploads\/2024\/07\/GDI-A-Content-top-768x238.png 768w, https:\/\/norajunepeebles.com\/wp-content\/uploads\/2024\/07\/GDI-A-Content-top-1536x475.png 1536w, https:\/\/norajunepeebles.com\/wp-content\/uploads\/2024\/07\/GDI-A-Content-top-18x6.png 18w, https:\/\/norajunepeebles.com\/wp-content\/uploads\/2024\/07\/GDI-A-Content-top-600x186.png 600w, https:\/\/norajunepeebles.com\/wp-content\/uploads\/2024\/07\/GDI-A-Content-top.png 1940w\" sizes=\"auto, (max-width: 1024px) 100vw, 1024px\" \/><\/figure>\n\n\n\n<h2 class=\"wp-block-heading\">GIOCO D&#8217;INTESA<\/h2>\n\n\n\n<p>Qui trovi il materiale influencer per Gioco d&#8217;intesa:  la scheda romanzo, un mini blurb, la descrizione Amazon e un estratto. Puoi trovare card e materiale promozionale <a href=\"https:\/\/norajunepeebles.com\/?page_id=361\">qui<\/a>.<\/p>\n\n\n\n<h4 class=\"wp-block-heading\">STEM &amp; SPORT ROMANCE<\/h4>\n\n\n\n<p><strong>Titolo: <\/strong>Gioco d\u2019intesa<\/p>\n\n\n\n<p><strong>Autore: <\/strong>Nora June Peebles<\/p>\n\n\n\n<p><strong>Genere: <\/strong>Sport &amp; STEM Romance<\/p>\n\n\n\n<p><strong>Formato: <\/strong>ebook e cartaceo (paperback e hardcover), anche in abbonamento Kindle Unlimited<\/p>\n\n\n\n<p><strong>Costo: <\/strong>1.79 euro al lancio, poi 2.69 euro<\/p>\n\n\n\n<p><strong>Sito web: <\/strong><a href=\"https:\/\/norajunepeebles.com\/\">https:\/\/norajunepeebles.com\/ <\/a><\/p>\n\n\n\n<p><strong>Pagina Autore su Amazon: <\/strong><a href=\"https:\/\/www.amazon.it\/stores\/Nora-June-Peebles\/author\/B08R7HHN2M\">https:\/\/www.amazon.it\/stores\/Nora-June-Peebles\/author\/B08R7HHN2M<\/a><\/p>\n\n\n\n<p><strong>Pagina Facebook: <\/strong>https:\/\/www.facebook.com\/norajpeebles&nbsp;<\/p>\n\n\n\n<p><strong>TikTok, Instagram e Threads: <\/strong>norajunepeebles.<\/p>\n\n\n\n<p>Link alla pagina Amazon: <a href=\"https:\/\/www.amazon.it\/dp\/B08R64MZL5\">GIOCO D&#8217;INTESA<\/a><\/p>\n\n\n\n<h5 class=\"wp-block-heading\"><strong>MINI BLURB:<\/strong><\/h5>\n\n\n\n<p><strong>Gioco d\u2019intesa \u00e8 il primo volume autoconclusivo della serie <a href=\"https:\/\/norajunepeebles.com\/?page_id=265\">Plan B<\/a>, in cui sport e STEM romance si intrecciano in una storia d\u2019amore dirompente, nella quale vi aspettano amici giramondo, un approccio sperimentale al sesso e la finale delle finali.<\/strong><\/p>\n\n\n\n<h5 class=\"wp-block-heading\"><strong>TRAMA E DESCRIZIONE AMAZON:<\/strong><\/h5>\n\n\n\n<p><strong>Cos&#8217;hanno in comune un\u2019astrofisica che non crede pi\u00f9 nell\u2019amore&nbsp;e&nbsp;un giocatore di football dall\u2019animo romantico?&nbsp;<\/strong><\/p>\n\n\n\n<p><strong>Niente cattivi ragazzi da redimere<\/strong>, ma il fatidico Piano B e&nbsp;un colpo di fulmine che diventa amore in uno sport romance senza angst e pieno di speranza.&nbsp;<\/p>\n\n\n\n<p><em>Pu\u00f2 un incontro fortuito cambiare tutto?<\/em><\/p>\n\n\n\n<p>Braccato dai giornalisti e stanco di nascondersi nella sua stanza di hotel, Nathan MacGregor si rifugia in casa del suo amico Dan\u2026 solo per essere minacciato da una ragazza sconosciuta che brandisce una padella come se fosse un&#8217;ascia. A-DO-RA-BI-LE!<\/p>\n\n\n\n<p>Sara Cherubini ha smesso di credere all\u2019amore, e di cercarlo, quando un vichingo dalla risata travolgente e il sex appeal di una divinit\u00e0 nordica (qualcuno ha detto Thor?) le piomba in casa all\u2019improvviso. La casa non \u00e8 sua, ma sono dettagli.<\/p>\n\n\n\n<p><strong>Una storia d\u2019amore dirompente, degli amici giramondo, un approccio sperimentale al sesso e la finale delle finali.&nbsp;<\/strong><\/p>\n\n\n\n<p>Il lieto fine \u00e8 a portata di mano, ma il passato \u00e8 in agguato e ci sono demoni che vanno affrontati e sconfitti.&nbsp;<\/p>\n\n\n\n<p><em>Cosa succede quando il tuo peggior nemico\u2026 sei tu?&nbsp;<\/em><\/p>\n\n\n\n<h5 class=\"wp-block-heading\">ESTRATTO<\/h5>\n\n\n\n<p>\u00abPerch\u00e9 non mi hai scritto?\u00bb chiese con fare inquisitorio, mentre lo sospingeva fino in soggiorno puntandogli un dito minaccioso al petto. \u00ab\u00c8 stato il mio primo giorno a New York. Non avresti potuto chiedermi come stavo? Ti ho offeso e sono stata insensibile, ma tu non sei stato migliore di me. Mi inviti per colazione dopo due giorni dal mio arrivo e basta. Silenzio stampa. E io? Guardami: sto facendo una scenata degna dei peggiori clich\u00e9 sulle ragazze-polipo.\u00bb<\/p>\n\n\n\n<p>\u00abRagazze-polipo,\u00bb si limit\u00f2 a ripetere Nate, mantenendo un\u2019espressione neutrale.&nbsp;<\/p>\n\n\n\n<p>\u00abS\u00ec. Quelle che ti si avviluppano addosso come un polipo impazzito. Non sono io. Non \u00e8 il mio modo di fare. E sono ubriaca. Non ho neanche bevuto cos\u00ec tanto! E ho bisogno di farmi una doccia!\u00bb L\u2019esasperazione che provava trasudava dalle sue parole. Erano ormai arrivati in soggiorno e l\u2019atmosfera rilassata di quella stanza priva di cianfrusaglie la calm\u00f2 a sufficienza da farle fare una pausa e riprendere fiato.<\/p>\n\n\n\n<p>\u00abHmmm,\u00bb fu l\u2019unico commento di Nate.&nbsp;<\/p>\n\n\n\n<p>\u00abHmmm? Non dici niente?\u00bb chiese Sara, ormai pronta al secondo round, che per\u00f2 non arriv\u00f2.&nbsp;<\/p>\n\n\n\n<p>Nate le circond\u00f2 le spalle con un braccio, la spinse leggermente all\u2019indietro e la fece cadere stesa su un enorme divano grigio ad angolo.&nbsp;<\/p>\n\n\n\n<p>Sara soffi\u00f2 via tutta l\u2019aria contenuta nei suoi polmoni.&nbsp;<\/p>\n\n\n\n<p>\u00abSono figlio di un avvocato e fratello di un laureato in legge. So come reagire in questi casi.\u00bb<\/p>\n\n\n\n<p>\u00abPlaccando l\u2019avversario e immobilizzandolo a terra?\u00bb domand\u00f2 lei, concedendosi una risata dopo aver ripreso fiato.&nbsp;<\/p>\n\n\n\n<p>\u00abSono un uomo d\u2019azione. Con Alec funziona alla perfezione,\u00bb le assicur\u00f2 il vichingo, con un ghigno soddisfatto. \u00abCon mia madre non ho chance. Quella donna saprebbe intortare persino il diavolo in persona, tanto \u00e8 loquace.\u00bb<\/p>\n\n\n\n<p>\u00abFa paura pensarci.\u00bb&nbsp;<\/p>\n\n\n\n<p>\u00abNon lasciarti intimidire. Ti adorer\u00e0.\u00bb<\/p>\n\n\n\n<p>\u00abNel tuo corso di italiano non hanno mai introdotto il concetto di <em>suocera<\/em>, vero?\u00bb<\/p>\n","protected":false},"excerpt":{"rendered":"<p>GIOCO D&#8217;INTESA Qui trovi il materiale influencer per Gioco d&#8217;intesa: la scheda romanzo, un mini blurb, la descrizione Amazon e un estratto. Puoi trovare card e materiale promozionale qui. STEM &amp; SPORT ROMANCE Titolo: Gioco d\u2019intesa Autore: Nora June Peebles Genere: Sport &amp; STEM Romance Formato: ebook e cartaceo (paperback e hardcover), anche in abbonamento&#8230;<\/p>\n","protected":false},"author":1,"featured_media":0,"parent":0,"menu_order":0,"comment_status":"closed","ping_status":"closed","template":"","meta":{"_themeisle_gutenberg_block_has_review":false,"_kadence_starter_templates_imported_post":false,"_kad_post_transparent":"","_kad_post_title":"","_kad_post_layout":"","_kad_post_sidebar_id":"","_kad_post_content_style":"","_kad_post_vertical_padding":"","_kad_post_feature":"","_kad_post_feature_position":"","_kad_post_header":false,"_kad_post_footer":false,"footnotes":""},"class_list":["post-369","page","type-page","status-publish","hentry"],"yoast_head":"<!-- This site is optimized with the Yoast SEO plugin v22.8 - https:\/\/yoast.com\/wordpress\/plugins\/seo\/ -->\n<title>MATERIALE GIOCO D&#039;INTESA - NORA JUNE PEEBLES - ROMANCE AUTHOR<\/title>\n<meta name=\"description\" content=\"Nora June Peebles \u00e8 un&#039;autrice italiana di romanzi rosa, romantasy e fantasy. Qui trovi il materiale per gli influencer per Gioco d&#039;intesa.\" \/>\n<meta name=\"robots\" content=\"index, follow, max-snippet:-1, max-image-preview:large, max-video-preview:-1\" \/>\n<link rel=\"canonical\" href=\"https:\/\/norajunepeebles.com\/?page_id=369\" \/>\n<meta property=\"og:locale\" content=\"en_US\" \/>\n<meta property=\"og:type\" content=\"article\" \/>\n<meta property=\"og:title\" content=\"MATERIALE GIOCO D&#039;INTESA - NORA JUNE PEEBLES - ROMANCE AUTHOR\" \/>\n<meta property=\"og:description\" content=\"Nora June Peebles \u00e8 un&#039;autrice italiana di romanzi rosa, romantasy e fantasy. Qui trovi il materiale per gli influencer per Gioco d&#039;intesa.\" \/>\n<meta property=\"og:url\" content=\"https:\/\/norajunepeebles.com\/?page_id=369\" \/>\n<meta property=\"og:site_name\" content=\"NORA JUNE PEEBLES - ROMANCE AUTHOR\" \/>\n<meta property=\"article:modified_time\" content=\"2024-08-01T08:23:53+00:00\" \/>\n<meta property=\"og:image\" content=\"https:\/\/norajunepeebles.com\/wp-content\/uploads\/2024\/07\/GDI-A-Content-top-1024x317.png\" \/>\n<meta name=\"twitter:card\" content=\"summary_large_image\" \/>\n<meta name=\"twitter:label1\" content=\"Est. reading time\" \/>\n\t<meta name=\"twitter:data1\" content=\"3 minutes\" \/>\n<script type=\"application\/ld+json\" class=\"yoast-schema-graph\">{\"@context\":\"https:\/\/schema.org\",\"@graph\":[{\"@type\":\"WebPage\",\"@id\":\"https:\/\/norajunepeebles.com\/?page_id=369\",\"url\":\"https:\/\/norajunepeebles.com\/?page_id=369\",\"name\":\"MATERIALE GIOCO D'INTESA - NORA JUNE PEEBLES - ROMANCE AUTHOR\",\"isPartOf\":{\"@id\":\"https:\/\/norajunepeebles.com\/#website\"},\"primaryImageOfPage\":{\"@id\":\"https:\/\/norajunepeebles.com\/?page_id=369#primaryimage\"},\"image\":{\"@id\":\"https:\/\/norajunepeebles.com\/?page_id=369#primaryimage\"},\"thumbnailUrl\":\"https:\/\/norajunepeebles.com\/wp-content\/uploads\/2024\/07\/GDI-A-Content-top-1024x317.png\",\"datePublished\":\"2024-07-17T07:45:33+00:00\",\"dateModified\":\"2024-08-01T08:23:53+00:00\",\"description\":\"Nora June Peebles \u00e8 un'autrice italiana di romanzi rosa, romantasy e fantasy. Qui trovi il materiale per gli influencer per Gioco d'intesa.\",\"breadcrumb\":{\"@id\":\"https:\/\/norajunepeebles.com\/?page_id=369#breadcrumb\"},\"inLanguage\":\"en-US\",\"potentialAction\":[{\"@type\":\"ReadAction\",\"target\":[\"https:\/\/norajunepeebles.com\/?page_id=369\"]}]},{\"@type\":\"ImageObject\",\"inLanguage\":\"en-US\",\"@id\":\"https:\/\/norajunepeebles.com\/?page_id=369#primaryimage\",\"url\":\"https:\/\/norajunepeebles.com\/wp-content\/uploads\/2024\/07\/GDI-A-Content-top.png\",\"contentUrl\":\"https:\/\/norajunepeebles.com\/wp-content\/uploads\/2024\/07\/GDI-A-Content-top.png\",\"width\":1940,\"height\":600},{\"@type\":\"BreadcrumbList\",\"@id\":\"https:\/\/norajunepeebles.com\/?page_id=369#breadcrumb\",\"itemListElement\":[{\"@type\":\"ListItem\",\"position\":1,\"name\":\"Home\",\"item\":\"https:\/\/norajunepeebles.com\/\"},{\"@type\":\"ListItem\",\"position\":2,\"name\":\"MATERIALE GIOCO D&#8217;INTESA\"}]},{\"@type\":\"WebSite\",\"@id\":\"https:\/\/norajunepeebles.com\/#website\",\"url\":\"https:\/\/norajunepeebles.com\/\",\"name\":\"NORA JUNE PEEBLES - ROMANCE AUTHOR\",\"description\":\"LOVE, HUMOUR AND A HAPPILY EVER AFTER\",\"publisher\":{\"@id\":\"https:\/\/norajunepeebles.com\/#organization\"},\"potentialAction\":[{\"@type\":\"SearchAction\",\"target\":{\"@type\":\"EntryPoint\",\"urlTemplate\":\"https:\/\/norajunepeebles.com\/?s={search_term_string}\"},\"query-input\":\"required name=search_term_string\"}],\"inLanguage\":\"en-US\"},{\"@type\":\"Organization\",\"@id\":\"https:\/\/norajunepeebles.com\/#organization\",\"name\":\"NORA JUNE PEEBLES - ROMANCE AUTHOR\",\"url\":\"https:\/\/norajunepeebles.com\/\",\"logo\":{\"@type\":\"ImageObject\",\"inLanguage\":\"en-US\",\"@id\":\"https:\/\/norajunepeebles.com\/#\/schema\/logo\/image\/\",\"url\":\"https:\/\/norajunepeebles.com\/wp-content\/uploads\/2024\/06\/cropped-Love-humour-and-a-happily-ever-after-4.png\",\"contentUrl\":\"https:\/\/norajunepeebles.com\/wp-content\/uploads\/2024\/06\/cropped-Love-humour-and-a-happily-ever-after-4.png\",\"width\":500,\"height\":363,\"caption\":\"NORA JUNE PEEBLES - ROMANCE AUTHOR\"},\"image\":{\"@id\":\"https:\/\/norajunepeebles.com\/#\/schema\/logo\/image\/\"}}]}<\/script>\n<!-- \/ Yoast SEO plugin. -->","yoast_head_json":{"title":"MATERIALE GIOCO D'INTESA - NORA JUNE PEEBLES - ROMANCE AUTHOR","description":"Nora June Peebles \u00e8 un'autrice italiana di romanzi rosa, romantasy e fantasy. Qui trovi il materiale per gli influencer per Gioco d'intesa.","robots":{"index":"index","follow":"follow","max-snippet":"max-snippet:-1","max-image-preview":"max-image-preview:large","max-video-preview":"max-video-preview:-1"},"canonical":"https:\/\/norajunepeebles.com\/?page_id=369","og_locale":"en_US","og_type":"article","og_title":"MATERIALE GIOCO D'INTESA - NORA JUNE PEEBLES - ROMANCE AUTHOR","og_description":"Nora June Peebles \u00e8 un'autrice italiana di romanzi rosa, romantasy e fantasy. Qui trovi il materiale per gli influencer per Gioco d'intesa.","og_url":"https:\/\/norajunepeebles.com\/?page_id=369","og_site_name":"NORA JUNE PEEBLES - ROMANCE AUTHOR","article_modified_time":"2024-08-01T08:23:53+00:00","og_image":[{"url":"https:\/\/norajunepeebles.com\/wp-content\/uploads\/2024\/07\/GDI-A-Content-top-1024x317.png"}],"twitter_card":"summary_large_image","twitter_misc":{"Est. reading time":"3 minutes"},"schema":{"@context":"https:\/\/schema.org","@graph":[{"@type":"WebPage","@id":"https:\/\/norajunepeebles.com\/?page_id=369","url":"https:\/\/norajunepeebles.com\/?page_id=369","name":"MATERIALE GIOCO D'INTESA - NORA JUNE PEEBLES - ROMANCE AUTHOR","isPartOf":{"@id":"https:\/\/norajunepeebles.com\/#website"},"primaryImageOfPage":{"@id":"https:\/\/norajunepeebles.com\/?page_id=369#primaryimage"},"image":{"@id":"https:\/\/norajunepeebles.com\/?page_id=369#primaryimage"},"thumbnailUrl":"https:\/\/norajunepeebles.com\/wp-content\/uploads\/2024\/07\/GDI-A-Content-top-1024x317.png","datePublished":"2024-07-17T07:45:33+00:00","dateModified":"2024-08-01T08:23:53+00:00","description":"Nora June Peebles \u00e8 un'autrice italiana di romanzi rosa, romantasy e fantasy. Qui trovi il materiale per gli influencer per Gioco d'intesa.","breadcrumb":{"@id":"https:\/\/norajunepeebles.com\/?page_id=369#breadcrumb"},"inLanguage":"en-US","potentialAction":[{"@type":"ReadAction","target":["https:\/\/norajunepeebles.com\/?page_id=369"]}]},{"@type":"ImageObject","inLanguage":"en-US","@id":"https:\/\/norajunepeebles.com\/?page_id=369#primaryimage","url":"https:\/\/norajunepeebles.com\/wp-content\/uploads\/2024\/07\/GDI-A-Content-top.png","contentUrl":"https:\/\/norajunepeebles.com\/wp-content\/uploads\/2024\/07\/GDI-A-Content-top.png","width":1940,"height":600},{"@type":"BreadcrumbList","@id":"https:\/\/norajunepeebles.com\/?page_id=369#breadcrumb","itemListElement":[{"@type":"ListItem","position":1,"name":"Home","item":"https:\/\/norajunepeebles.com\/"},{"@type":"ListItem","position":2,"name":"MATERIALE GIOCO D&#8217;INTESA"}]},{"@type":"WebSite","@id":"https:\/\/norajunepeebles.com\/#website","url":"https:\/\/norajunepeebles.com\/","name":"NORA JUNE PEEBLES - ROMANCE AUTHOR","description":"LOVE, HUMOUR AND A HAPPILY EVER AFTER","publisher":{"@id":"https:\/\/norajunepeebles.com\/#organization"},"potentialAction":[{"@type":"SearchAction","target":{"@type":"EntryPoint","urlTemplate":"https:\/\/norajunepeebles.com\/?s={search_term_string}"},"query-input":"required name=search_term_string"}],"inLanguage":"en-US"},{"@type":"Organization","@id":"https:\/\/norajunepeebles.com\/#organization","name":"NORA JUNE PEEBLES - ROMANCE AUTHOR","url":"https:\/\/norajunepeebles.com\/","logo":{"@type":"ImageObject","inLanguage":"en-US","@id":"https:\/\/norajunepeebles.com\/#\/schema\/logo\/image\/","url":"https:\/\/norajunepeebles.com\/wp-content\/uploads\/2024\/06\/cropped-Love-humour-and-a-happily-ever-after-4.png","contentUrl":"https:\/\/norajunepeebles.com\/wp-content\/uploads\/2024\/06\/cropped-Love-humour-and-a-happily-ever-after-4.png","width":500,"height":363,"caption":"NORA JUNE PEEBLES - ROMANCE AUTHOR"},"image":{"@id":"https:\/\/norajunepeebles.com\/#\/schema\/logo\/image\/"}}]}},"_links":{"self":[{"href":"https:\/\/norajunepeebles.com\/index.php?rest_route=\/wp\/v2\/pages\/369","targetHints":{"allow":["GET"]}}],"collection":[{"href":"https:\/\/norajunepeebles.com\/index.php?rest_route=\/wp\/v2\/pages"}],"about":[{"href":"https:\/\/norajunepeebles.com\/index.php?rest_route=\/wp\/v2\/types\/page"}],"author":[{"embeddable":true,"href":"https:\/\/norajunepeebles.com\/index.php?rest_route=\/wp\/v2\/users\/1"}],"replies":[{"embeddable":true,"href":"https:\/\/norajunepeebles.com\/index.php?rest_route=%2Fwp%2Fv2%2Fcomments&post=369"}],"version-history":[{"count":5,"href":"https:\/\/norajunepeebles.com\/index.php?rest_route=\/wp\/v2\/pages\/369\/revisions"}],"predecessor-version":[{"id":452,"href":"https:\/\/norajunepeebles.com\/index.php?rest_route=\/wp\/v2\/pages\/369\/revisions\/452"}],"wp:attachment":[{"href":"https:\/\/norajunepeebles.com\/index.php?rest_route=%2Fwp%2Fv2%2Fmedia&parent=369"}],"curies":[{"name":"wp","href":"https:\/\/api.w.org\/{rel}","templated":true}]}}