{"id":416,"date":"2024-07-17T13:27:43","date_gmt":"2024-07-17T13:27:43","guid":{"rendered":"https:\/\/norajunepeebles.com\/?page_id=416"},"modified":"2024-08-01T08:22:21","modified_gmt":"2024-08-01T08:22:21","slug":"materiale-le-regole-del-gioco","status":"publish","type":"page","link":"https:\/\/norajunepeebles.com\/?page_id=416","title":{"rendered":"MATERIALE LE REGOLE DEL GIOCO"},"content":{"rendered":"\n<figure class=\"wp-block-image size-large is-resized\"><img loading=\"lazy\" decoding=\"async\" width=\"1024\" height=\"317\" src=\"https:\/\/norajunepeebles.com\/wp-content\/uploads\/2024\/07\/2-1-1024x317.png\" alt=\"\" class=\"wp-image-350\" style=\"width:1450px;height:auto\" srcset=\"https:\/\/norajunepeebles.com\/wp-content\/uploads\/2024\/07\/2-1-1024x317.png 1024w, https:\/\/norajunepeebles.com\/wp-content\/uploads\/2024\/07\/2-1-300x93.png 300w, https:\/\/norajunepeebles.com\/wp-content\/uploads\/2024\/07\/2-1-768x238.png 768w, https:\/\/norajunepeebles.com\/wp-content\/uploads\/2024\/07\/2-1-1536x475.png 1536w, https:\/\/norajunepeebles.com\/wp-content\/uploads\/2024\/07\/2-1-18x6.png 18w, https:\/\/norajunepeebles.com\/wp-content\/uploads\/2024\/07\/2-1-600x186.png 600w, https:\/\/norajunepeebles.com\/wp-content\/uploads\/2024\/07\/2-1.png 1940w\" sizes=\"auto, (max-width: 1024px) 100vw, 1024px\" \/><\/figure>\n\n\n\n<h2 class=\"wp-block-heading\">LE REGOLE DEL GIOCO<\/h2>\n\n\n\n<p>Qui trovi il materiale influencer per LE REGOLE DEL GIOCO: la scheda romanzo, un mini blurb, la descrizione Amazon e un estratto. Puoi trovare card e materiale promozionale <a href=\"https:\/\/norajunepeebles.com\/?page_id=361\">qui<\/a>.<\/p>\n\n\n\n<h4 class=\"wp-block-heading\">MM SPORT ROMANCE<\/h4>\n\n\n\n<p><strong>Titolo: <\/strong>Le regole del gioco<\/p>\n\n\n\n<p><strong>Autore: <\/strong>Nora June Peebles<\/p>\n\n\n\n<p><strong>Genere: <\/strong>Sport MM Romance<\/p>\n\n\n\n<p><strong>Trope:<\/strong> hate to love, bi rep, prime volte, slow burn, shibari, coming out, Dom\/Dom, chosen family, hurt\/comfort, lezioni di cucina, emotional scars<\/p>\n\n\n\n<p><strong>Formato: <\/strong>ebook e cartaceo, anche in abbonamento Kindle Unlimited<\/p>\n\n\n\n<p><strong>Costo: <\/strong>0.99 euro al lancio, poi 2.69 euro<\/p>\n\n\n\n<p><strong>Pagina Autore su Amazon: <\/strong><a href=\"https:\/\/www.amazon.it\/stores\/Nora-June-Peebles\/author\/B08R7HHN2M\">https:\/\/www.amazon.it\/stores\/Nora-June-Peebles\/author\/B08R7HHN2M<\/a><\/p>\n\n\n\n<p><strong>Pagina Facebook: <\/strong>https:\/\/www.facebook.com\/norajpeebles&nbsp;<\/p>\n\n\n\n<p><strong>TikTok, Instagram e Threads: <\/strong>norajunepeebles<\/p>\n\n\n\n<p>Link alla pagina Amazon: <a href=\"https:\/\/www.amazon.it\/dp\/B09NR5R87C\">LE REGOLE DEL GIOCO<\/a><\/p>\n\n\n\n<h5 class=\"wp-block-heading\"><strong>MINI BLURB:<\/strong><\/h5>\n\n\n\n<p><strong><em>Le regole del gioco<\/em>&nbsp;\u00e8 il secondo volume autoconclusivo della serie&nbsp;<a href=\"https:\/\/norajunepeebles.com\/?page_id=265\">PLAN B<\/a>.<\/strong> <\/p>\n\n\n\n<p><strong>Tra battibecchi, profonde amicizie e lezioni di cucina\u2026 originali, Dan e Alec verranno travolti da un amore capace di infrangere ogni scudo e ogni difesa.<\/strong><\/p>\n\n\n\n<p><em>A volte, la felicit\u00e0 \u00e8 a portata di mano: basta stendere il braccio e afferrarla.<\/em><\/p>\n\n\n\n<p><em>Sembra facile, vero?<\/em><\/p>\n\n\n\n<h5 class=\"wp-block-heading\"><strong>TRAMA E DESCRIZIONE AMAZON:<\/strong><\/h5>\n\n\n\n<p><strong>Cosa c\u2019\u00e8 di razionale nell\u2019amore?<\/strong><\/p>\n\n\n\n<p>Alec Reid vive e respira per il football. E per il sesso, meglio se privo di legami e con una buona dose di controllo esercitata da lui.<\/p>\n\n\n\n<p>All\u2019apice della carriera, Alec ha tutto: successo, donne, amici leali. Su quella facciata, per\u00f2, serpeggiano delle piccole crepe: alcuni sacrifici sono necessari, quando si ha il privilegio di vivere il proprio sogno. Soprattutto, se quel sogno porta il nome di NFL.<\/p>\n\n\n\n<p><strong>Sono le regole del gioco. Deve solo tenere duro e continuare a giocare.<\/strong><br><br>Poco importa se, per farlo, deve rinunciare a una parte di s\u00e9. Uno spumeggiante cuoco italiano, incontrato nel momento peggiore della sua vita, metter\u00e0 tutto in discussione.<\/p>\n\n\n\n<p><em>E se le regole del gioco fossero altre?<\/em><\/p>\n\n\n\n<p><strong>Daniele Suardi non ha bisogno dell\u2019amore.<\/strong><\/p>\n\n\n\n<p>Al club, lo chiamano&nbsp;<em>il gentiluomo di ghiaccio e a<\/em>&nbsp;lui sta bene cos\u00ec.<\/p>\n\n\n\n<p>Dan ha tutto ci\u00f2 che si possa desiderare: un ristorante di successo, una stella Michelin, una famiglia e degli amici fantastici.<\/p>\n\n\n\n<p>E ha le idee chiare:&nbsp;<strong>mai frequentare un uomo che si nasconde da se stesso.<\/strong><\/p>\n\n\n\n<p>L\u2019incontro con un gigante prostrato a terra dal dolore scombiner\u00e0 le carte sul tavolo e risveglier\u00e0 in lui un desiderio che credeva sopito.<\/p>\n\n\n\n<p><strong>Tra battibecchi, profonde amicizie e lezioni di cucina\u2026 originali, Dan e Alec verranno travolti da un amore capace di infrangere ogni scudo e ogni difesa.<\/strong><\/p>\n\n\n\n<p><em>A volte, la felicit\u00e0 \u00e8 a portata di mano: basta stendere il braccio e afferrarla.<\/em><\/p>\n\n\n\n<p><em>Sembra facile, vero?<\/em><\/p>\n\n\n\n<h5 class=\"wp-block-heading\">ESTRATTO<\/h5>\n\n\n\n<p>Le sue spalle sbatterono contro la parete, seguite dalla testa, e tutta l\u2019aria lasci\u00f2 i suoi polmoni all\u2019istante. Per un tempo indefinito, vide solo bianco e non sent\u00ec pi\u00f9 nulla. Inspir\u00f2 a fondo. Spezie, caff\u00e8 e pulito si mescolarono al respiro accelerato e caldo del suo aggressore, ai rumori dei monitor e all\u2019odore di disinfettante.&nbsp;<\/p>\n\n\n\n<p>\u00abCosa cazzo ci fai anche qui?\u00bb La voce di Alec vibrava per la frustrazione, mentre gli stringeva la maglia tra i pugni e lo schiacciava contro il muro della stanza di Nate.<\/p>\n\n\n\n<p>\u00abIntendi continuare per molto a entrare in una stanza nella quale sono da solo e attaccarmi verbalmente\u2026\u00bb Dan non riusc\u00ec a trattenere un sorriso di sfida. \u00abO fisicamente, come stai facendo ora?\u00bb<\/p>\n\n\n\n<p>Sorpresa e rabbia si alternarono negli occhi di Alec. \u00abSei forse diventato la sua ragazza, adesso?\u00bb tuon\u00f2.<\/p>\n\n\n\n<p>\u00abAvresti qualcosa da ridire?\u00bb<\/p>\n\n\n\n<p>Alec sbarr\u00f2 gli occhi per un istante, prima di stringere ulteriormente i pugni e piantarglieli nel petto.&nbsp;\u00abDevi sapere che sono cos\u00ec a mio agio con la mia sessualit\u00e0,\u00bb continu\u00f2 Dan sprezzante, \u00abda non aver problemi a definirmi il ragazzo o il compagno di un uomo, non la sua ragazza. A ogni modo, Nate non \u00e8 il mio tipo.\u00bb <em>Tu sei il mio tipo. Cazzo, tu. Tu.<\/em><\/p>\n","protected":false},"excerpt":{"rendered":"<p>LE REGOLE DEL GIOCO Qui trovi il materiale influencer per LE REGOLE DEL GIOCO: la scheda romanzo, un mini blurb, la descrizione Amazon e un estratto. Puoi trovare card e materiale promozionale qui. MM SPORT ROMANCE Titolo: Le regole del gioco Autore: Nora June Peebles Genere: Sport MM Romance Trope: hate to love, bi rep,&#8230;<\/p>\n","protected":false},"author":1,"featured_media":0,"parent":0,"menu_order":0,"comment_status":"closed","ping_status":"closed","template":"","meta":{"_themeisle_gutenberg_block_has_review":false,"_kadence_starter_templates_imported_post":false,"_kad_post_transparent":"","_kad_post_title":"","_kad_post_layout":"","_kad_post_sidebar_id":"","_kad_post_content_style":"","_kad_post_vertical_padding":"","_kad_post_feature":"","_kad_post_feature_position":"","_kad_post_header":false,"_kad_post_footer":false,"footnotes":""},"class_list":["post-416","page","type-page","status-publish","hentry"],"yoast_head":"<!-- This site is optimized with the Yoast SEO plugin v22.8 - https:\/\/yoast.com\/wordpress\/plugins\/seo\/ -->\n<title>MATERIALE LE REGOLE DEL GIOCO - NORA JUNE PEEBLES - ROMANCE AUTHOR<\/title>\n<meta name=\"description\" content=\"Nora June Peebles \u00e8 un&#039;autrice italiana di romanzi rosa, romantasy e fantasy. Qui c&#039;\u00e8 il materiale per gli influencer di Le regole del gioco.\" \/>\n<meta name=\"robots\" content=\"index, follow, max-snippet:-1, max-image-preview:large, max-video-preview:-1\" \/>\n<link rel=\"canonical\" href=\"https:\/\/norajunepeebles.com\/?page_id=416\" \/>\n<meta property=\"og:locale\" content=\"en_US\" \/>\n<meta property=\"og:type\" content=\"article\" \/>\n<meta property=\"og:title\" content=\"MATERIALE LE REGOLE DEL GIOCO - NORA JUNE PEEBLES - ROMANCE AUTHOR\" \/>\n<meta property=\"og:description\" content=\"Nora June Peebles \u00e8 un&#039;autrice italiana di romanzi rosa, romantasy e fantasy. Qui c&#039;\u00e8 il materiale per gli influencer di Le regole del gioco.\" \/>\n<meta property=\"og:url\" content=\"https:\/\/norajunepeebles.com\/?page_id=416\" \/>\n<meta property=\"og:site_name\" content=\"NORA JUNE PEEBLES - ROMANCE AUTHOR\" \/>\n<meta property=\"article:modified_time\" content=\"2024-08-01T08:22:21+00:00\" \/>\n<meta property=\"og:image\" content=\"https:\/\/norajunepeebles.com\/wp-content\/uploads\/2024\/07\/2-1-1024x317.png\" \/>\n<meta name=\"twitter:card\" content=\"summary_large_image\" \/>\n<meta name=\"twitter:label1\" content=\"Est. reading time\" \/>\n\t<meta name=\"twitter:data1\" content=\"3 minutes\" \/>\n<script type=\"application\/ld+json\" class=\"yoast-schema-graph\">{\"@context\":\"https:\/\/schema.org\",\"@graph\":[{\"@type\":\"WebPage\",\"@id\":\"https:\/\/norajunepeebles.com\/?page_id=416\",\"url\":\"https:\/\/norajunepeebles.com\/?page_id=416\",\"name\":\"MATERIALE LE REGOLE DEL GIOCO - NORA JUNE PEEBLES - ROMANCE AUTHOR\",\"isPartOf\":{\"@id\":\"https:\/\/norajunepeebles.com\/#website\"},\"primaryImageOfPage\":{\"@id\":\"https:\/\/norajunepeebles.com\/?page_id=416#primaryimage\"},\"image\":{\"@id\":\"https:\/\/norajunepeebles.com\/?page_id=416#primaryimage\"},\"thumbnailUrl\":\"https:\/\/norajunepeebles.com\/wp-content\/uploads\/2024\/07\/2-1-1024x317.png\",\"datePublished\":\"2024-07-17T13:27:43+00:00\",\"dateModified\":\"2024-08-01T08:22:21+00:00\",\"description\":\"Nora June Peebles \u00e8 un'autrice italiana di romanzi rosa, romantasy e fantasy. Qui c'\u00e8 il materiale per gli influencer di Le regole del gioco.\",\"breadcrumb\":{\"@id\":\"https:\/\/norajunepeebles.com\/?page_id=416#breadcrumb\"},\"inLanguage\":\"en-US\",\"potentialAction\":[{\"@type\":\"ReadAction\",\"target\":[\"https:\/\/norajunepeebles.com\/?page_id=416\"]}]},{\"@type\":\"ImageObject\",\"inLanguage\":\"en-US\",\"@id\":\"https:\/\/norajunepeebles.com\/?page_id=416#primaryimage\",\"url\":\"https:\/\/norajunepeebles.com\/wp-content\/uploads\/2024\/07\/2-1.png\",\"contentUrl\":\"https:\/\/norajunepeebles.com\/wp-content\/uploads\/2024\/07\/2-1.png\",\"width\":1940,\"height\":600},{\"@type\":\"BreadcrumbList\",\"@id\":\"https:\/\/norajunepeebles.com\/?page_id=416#breadcrumb\",\"itemListElement\":[{\"@type\":\"ListItem\",\"position\":1,\"name\":\"Home\",\"item\":\"https:\/\/norajunepeebles.com\/\"},{\"@type\":\"ListItem\",\"position\":2,\"name\":\"MATERIALE LE REGOLE DEL GIOCO\"}]},{\"@type\":\"WebSite\",\"@id\":\"https:\/\/norajunepeebles.com\/#website\",\"url\":\"https:\/\/norajunepeebles.com\/\",\"name\":\"NORA JUNE PEEBLES - ROMANCE AUTHOR\",\"description\":\"LOVE, HUMOUR AND A HAPPILY EVER AFTER\",\"publisher\":{\"@id\":\"https:\/\/norajunepeebles.com\/#organization\"},\"potentialAction\":[{\"@type\":\"SearchAction\",\"target\":{\"@type\":\"EntryPoint\",\"urlTemplate\":\"https:\/\/norajunepeebles.com\/?s={search_term_string}\"},\"query-input\":\"required name=search_term_string\"}],\"inLanguage\":\"en-US\"},{\"@type\":\"Organization\",\"@id\":\"https:\/\/norajunepeebles.com\/#organization\",\"name\":\"NORA JUNE PEEBLES - ROMANCE AUTHOR\",\"url\":\"https:\/\/norajunepeebles.com\/\",\"logo\":{\"@type\":\"ImageObject\",\"inLanguage\":\"en-US\",\"@id\":\"https:\/\/norajunepeebles.com\/#\/schema\/logo\/image\/\",\"url\":\"https:\/\/norajunepeebles.com\/wp-content\/uploads\/2024\/06\/cropped-Love-humour-and-a-happily-ever-after-4.png\",\"contentUrl\":\"https:\/\/norajunepeebles.com\/wp-content\/uploads\/2024\/06\/cropped-Love-humour-and-a-happily-ever-after-4.png\",\"width\":500,\"height\":363,\"caption\":\"NORA JUNE PEEBLES - ROMANCE AUTHOR\"},\"image\":{\"@id\":\"https:\/\/norajunepeebles.com\/#\/schema\/logo\/image\/\"}}]}<\/script>\n<!-- \/ Yoast SEO plugin. -->","yoast_head_json":{"title":"MATERIALE LE REGOLE DEL GIOCO - NORA JUNE PEEBLES - ROMANCE AUTHOR","description":"Nora June Peebles \u00e8 un'autrice italiana di romanzi rosa, romantasy e fantasy. Qui c'\u00e8 il materiale per gli influencer di Le regole del gioco.","robots":{"index":"index","follow":"follow","max-snippet":"max-snippet:-1","max-image-preview":"max-image-preview:large","max-video-preview":"max-video-preview:-1"},"canonical":"https:\/\/norajunepeebles.com\/?page_id=416","og_locale":"en_US","og_type":"article","og_title":"MATERIALE LE REGOLE DEL GIOCO - NORA JUNE PEEBLES - ROMANCE AUTHOR","og_description":"Nora June Peebles \u00e8 un'autrice italiana di romanzi rosa, romantasy e fantasy. Qui c'\u00e8 il materiale per gli influencer di Le regole del gioco.","og_url":"https:\/\/norajunepeebles.com\/?page_id=416","og_site_name":"NORA JUNE PEEBLES - ROMANCE AUTHOR","article_modified_time":"2024-08-01T08:22:21+00:00","og_image":[{"url":"https:\/\/norajunepeebles.com\/wp-content\/uploads\/2024\/07\/2-1-1024x317.png"}],"twitter_card":"summary_large_image","twitter_misc":{"Est. reading time":"3 minutes"},"schema":{"@context":"https:\/\/schema.org","@graph":[{"@type":"WebPage","@id":"https:\/\/norajunepeebles.com\/?page_id=416","url":"https:\/\/norajunepeebles.com\/?page_id=416","name":"MATERIALE LE REGOLE DEL GIOCO - NORA JUNE PEEBLES - ROMANCE AUTHOR","isPartOf":{"@id":"https:\/\/norajunepeebles.com\/#website"},"primaryImageOfPage":{"@id":"https:\/\/norajunepeebles.com\/?page_id=416#primaryimage"},"image":{"@id":"https:\/\/norajunepeebles.com\/?page_id=416#primaryimage"},"thumbnailUrl":"https:\/\/norajunepeebles.com\/wp-content\/uploads\/2024\/07\/2-1-1024x317.png","datePublished":"2024-07-17T13:27:43+00:00","dateModified":"2024-08-01T08:22:21+00:00","description":"Nora June Peebles \u00e8 un'autrice italiana di romanzi rosa, romantasy e fantasy. Qui c'\u00e8 il materiale per gli influencer di Le regole del gioco.","breadcrumb":{"@id":"https:\/\/norajunepeebles.com\/?page_id=416#breadcrumb"},"inLanguage":"en-US","potentialAction":[{"@type":"ReadAction","target":["https:\/\/norajunepeebles.com\/?page_id=416"]}]},{"@type":"ImageObject","inLanguage":"en-US","@id":"https:\/\/norajunepeebles.com\/?page_id=416#primaryimage","url":"https:\/\/norajunepeebles.com\/wp-content\/uploads\/2024\/07\/2-1.png","contentUrl":"https:\/\/norajunepeebles.com\/wp-content\/uploads\/2024\/07\/2-1.png","width":1940,"height":600},{"@type":"BreadcrumbList","@id":"https:\/\/norajunepeebles.com\/?page_id=416#breadcrumb","itemListElement":[{"@type":"ListItem","position":1,"name":"Home","item":"https:\/\/norajunepeebles.com\/"},{"@type":"ListItem","position":2,"name":"MATERIALE LE REGOLE DEL GIOCO"}]},{"@type":"WebSite","@id":"https:\/\/norajunepeebles.com\/#website","url":"https:\/\/norajunepeebles.com\/","name":"NORA JUNE PEEBLES - ROMANCE AUTHOR","description":"LOVE, HUMOUR AND A HAPPILY EVER AFTER","publisher":{"@id":"https:\/\/norajunepeebles.com\/#organization"},"potentialAction":[{"@type":"SearchAction","target":{"@type":"EntryPoint","urlTemplate":"https:\/\/norajunepeebles.com\/?s={search_term_string}"},"query-input":"required name=search_term_string"}],"inLanguage":"en-US"},{"@type":"Organization","@id":"https:\/\/norajunepeebles.com\/#organization","name":"NORA JUNE PEEBLES - ROMANCE AUTHOR","url":"https:\/\/norajunepeebles.com\/","logo":{"@type":"ImageObject","inLanguage":"en-US","@id":"https:\/\/norajunepeebles.com\/#\/schema\/logo\/image\/","url":"https:\/\/norajunepeebles.com\/wp-content\/uploads\/2024\/06\/cropped-Love-humour-and-a-happily-ever-after-4.png","contentUrl":"https:\/\/norajunepeebles.com\/wp-content\/uploads\/2024\/06\/cropped-Love-humour-and-a-happily-ever-after-4.png","width":500,"height":363,"caption":"NORA JUNE PEEBLES - ROMANCE AUTHOR"},"image":{"@id":"https:\/\/norajunepeebles.com\/#\/schema\/logo\/image\/"}}]}},"_links":{"self":[{"href":"https:\/\/norajunepeebles.com\/index.php?rest_route=\/wp\/v2\/pages\/416","targetHints":{"allow":["GET"]}}],"collection":[{"href":"https:\/\/norajunepeebles.com\/index.php?rest_route=\/wp\/v2\/pages"}],"about":[{"href":"https:\/\/norajunepeebles.com\/index.php?rest_route=\/wp\/v2\/types\/page"}],"author":[{"embeddable":true,"href":"https:\/\/norajunepeebles.com\/index.php?rest_route=\/wp\/v2\/users\/1"}],"replies":[{"embeddable":true,"href":"https:\/\/norajunepeebles.com\/index.php?rest_route=%2Fwp%2Fv2%2Fcomments&post=416"}],"version-history":[{"count":5,"href":"https:\/\/norajunepeebles.com\/index.php?rest_route=\/wp\/v2\/pages\/416\/revisions"}],"predecessor-version":[{"id":451,"href":"https:\/\/norajunepeebles.com\/index.php?rest_route=\/wp\/v2\/pages\/416\/revisions\/451"}],"wp:attachment":[{"href":"https:\/\/norajunepeebles.com\/index.php?rest_route=%2Fwp%2Fv2%2Fmedia&parent=416"}],"curies":[{"name":"wp","href":"https:\/\/api.w.org\/{rel}","templated":true}]}}