{"id":426,"date":"2024-07-17T15:55:19","date_gmt":"2024-07-17T15:55:19","guid":{"rendered":"https:\/\/norajunepeebles.com\/?page_id=426"},"modified":"2024-08-14T06:54:51","modified_gmt":"2024-08-14T06:54:51","slug":"materiale-solo-quattro-mesi","status":"publish","type":"page","link":"https:\/\/norajunepeebles.com\/?page_id=426","title":{"rendered":"MATERIALE SOLO QUATTRO MESI"},"content":{"rendered":"\n<figure class=\"wp-block-image size-large is-resized\"><img loading=\"lazy\" decoding=\"async\" width=\"1024\" height=\"317\" src=\"https:\/\/norajunepeebles.com\/wp-content\/uploads\/2024\/08\/GDI-A-Content-a-1024x317.png\" alt=\"\" class=\"wp-image-491\" style=\"width:1450px;height:auto\" srcset=\"https:\/\/norajunepeebles.com\/wp-content\/uploads\/2024\/08\/GDI-A-Content-a-1024x317.png 1024w, https:\/\/norajunepeebles.com\/wp-content\/uploads\/2024\/08\/GDI-A-Content-a-300x93.png 300w, https:\/\/norajunepeebles.com\/wp-content\/uploads\/2024\/08\/GDI-A-Content-a-768x238.png 768w, https:\/\/norajunepeebles.com\/wp-content\/uploads\/2024\/08\/GDI-A-Content-a-1536x475.png 1536w, https:\/\/norajunepeebles.com\/wp-content\/uploads\/2024\/08\/GDI-A-Content-a-18x6.png 18w, https:\/\/norajunepeebles.com\/wp-content\/uploads\/2024\/08\/GDI-A-Content-a-600x186.png 600w, https:\/\/norajunepeebles.com\/wp-content\/uploads\/2024\/08\/GDI-A-Content-a.png 1940w\" sizes=\"auto, (max-width: 1024px) 100vw, 1024px\" \/><\/figure>\n\n\n\n<p>Qui trovi il materiale influencer per SOLO QUATTRO MESI : la scheda romanzo, un mini blurb, la descrizione Amazon e un estratto. Puoi trovare card e materiale promozionale <a href=\"https:\/\/norajunepeebles.com\/?page_id=361\">qui<\/a>.<\/p>\n\n\n\n<h4 class=\"wp-block-heading\">STEM, CONTEMPORARY AND MEDICAL ROMANCE<\/h4>\n\n\n\n<p><strong>Titolo: <\/strong>Solo quattro mesi<\/p>\n\n\n\n<p><strong>Autore: <\/strong>Nora June Peebles<\/p>\n\n\n\n<p><strong>Genere: <\/strong>STEM, Contemporary and medical<strong> <\/strong>romance<\/p>\n\n\n\n<p><strong>Trope:<\/strong> Small town, sworn off relationships, chosen family, emotional scars, insta-attraction, Scozia<\/p>\n\n\n\n<p><strong>Formato: <\/strong>ebook e cartaceo, anche in abbonamento Kindle Unlimited<\/p>\n\n\n\n<p><strong>Costo: <\/strong>0.99 euro al lancio, poi 1.69 euro.<\/p>\n\n\n\n<p><strong>Pagina Autore su Amazon: <\/strong><a href=\"https:\/\/www.amazon.it\/stores\/Nora-June-Peebles\/author\/B08R7HHN2M\">https:\/\/www.amazon.it\/stores\/Nora-June-Peebles\/author\/B08R7HHN2M<\/a><\/p>\n\n\n\n<p><strong>Pagina Facebook: <\/strong>https:\/\/www.facebook.com\/norajpeebles&nbsp;<\/p>\n\n\n\n<p><strong>TikTok, Instagram e Threads: <\/strong>norajunepeebles<\/p>\n\n\n\n<p>Link alla pagina Amazon: <a href=\"https:\/\/www.amazon.it\/dp\/B09964CLTW\">SOLO QUATTRO MESI<\/a><\/p>\n\n\n\n<p><strong>MINI BLURB:<\/strong><\/p>\n\n\n\n<p><strong>SOLO QUATTRO MESI \u00e8 una romantica novella autoconclusiva ambientata in Scozia. <\/strong><\/p>\n\n\n\n<p><strong>Tra un\u2019auto che decide di esalare l\u2019ultimo respiro a poche miglia dalla meta, una collezione a dir poco insolita e i colori della Scozia, un ruvido medico che si nasconde dal passato e un\u2019archeologa che non sogna pi\u00f9 l\u2019amore riusciranno a rimettersi in gioco e a conquistare il loro lieto fine?<\/strong><\/p>\n\n\n\n<h5 class=\"wp-block-heading\"><strong>TRAMA E DESCRIZIONE AMAZON:<\/strong><\/h5>\n\n\n\n<p><strong>L\u2019amore non fa per lui.&nbsp;<\/strong>Quello in cui Graham riesce bene sono i rapporti fisici. Consenzienti. Maturi. Della durata di una notte. Almeno fino all\u2019incontro con Margherita Ricci, l\u2019archeologa arrivata a dirigere il museo locale. Rester\u00e0 in Scozia&nbsp;solo&nbsp;quattro&nbsp;mesi. Non ha senso rischiare di perdere l\u2018equilibrio che si \u00e8 costruito per lei.<\/p>\n\n\n\n<p><em>Sapr\u00e0 resisterle. Oppure no?<\/em><\/p>\n\n\n\n<p><strong>L\u2019amore non fa per lei.&nbsp;<\/strong>Dopo l\u2019ultima delusione, Margherita vuole concentrarsi sulla propria carriera. Sostituir\u00e0 il direttore di un museo in un paesino scozzese per l\u2019estate. Un sogno che si avvera! Certo, non \u00e8 partito sotto i migliori auspici: l\u2019auto che ha noleggiato ha preso fuoco e il tizio che l\u2019ha soccorsa \u00e8 il burbero medico del paese, uno snob insopportabile. \u00c8 anche l\u2019uomo pi\u00f9 affascinante che lei abbia mai incontrato. E ha delle mani\u2026 L\u2019ha gi\u00e0 detto che \u00e8 insopportabile? Rester\u00e0 ad Abermouth&nbsp;solo&nbsp;quattro&nbsp;mesi, non ha tempo per cotte senza speranza.&nbsp;<\/p>\n\n\n\n<p><em>Sapr\u00e0 resistergli. Oppure no?&nbsp;<\/em><\/p>\n\n\n\n<p><strong>Tra un\u2019auto che decide di esalare l\u2019ultimo respiro a poche miglia dalla meta, una collezione a dir poco insolita e i colori della Scozia, un ruvido medico che si nasconde dal passato e un\u2019archeologa che non sogna pi\u00f9 l\u2019amore riusciranno a rimettersi in gioco e a conquistare il loro lieto fine?<\/strong><\/p>\n\n\n\n<h5 class=\"wp-block-heading\">ESTRATTO<\/h5>\n\n\n\n<p>\u00abSignorina\u2026 Signora\u2026\u00bb&nbsp;<\/p>\n\n\n\n<p>Lei non rispose.&nbsp;<\/p>\n\n\n\n<p>Una mano le si pos\u00f2 con cautela sulla spalla. \u00abSignorina,\u00bb ripet\u00e9 l\u2019uomo con delicatezza.&nbsp;<\/p>\n\n\n\n<p>\u00abDottoressa,\u00bb rispose lei, senza pensare e senza guardarlo. \u00abNon capir\u00f2 mai perch\u00e9, quando parlate a una donna, pensate sempre e solo a definirla in base al suo stato civile.\u00bb&nbsp;<\/p>\n\n\n\n<p>\u00ab\u00c8 una collega?\u00bb indag\u00f2 la voce profonda e virile con un malcelato tono di sorpresa.&nbsp;<\/p>\n\n\n\n<p>Collega di chi? Ah, doveva essere un medico. Hanno la tendenza a considerare dottori solo se stessi. Margherita si volt\u00f2 finalmente a guardarlo. Non l\u2019avesse mai fatto. Se Adone fosse nato nelle Highlands, e se avesse fatto un turno in pronto soccorso di trentasei ore di fila, sarebbe stato esattamente cos\u00ec: sguardo limpido e intelligente negli occhi grigi, un\u2019aria stanca sul volto magro e incorniciato da una barba di almeno un paio di giorni, i capelli scuri che ravviava con la mano robusta e sensuale, le vene in evidenza. Eccolo l\u00ec, davanti a lei, il clich\u00e9 del sexy medico scozzese. Aveva proprio l\u2019aria da medico, non c\u2019erano dubbi. Alto, snello, spalle larghe, jeans e camicia azzurra con le maniche arrotolate fin sotto al gomito. Margherita gli aveva appena fatto una radiografia. \u00abNo, non siamo colleghi, a meno che lei non abbia un dottorato in Storia antica e una specializzazione in Archeologia\u00bb ribatt\u00e9, divertita suo malgrado. \u00abLei ha l\u2019aria di preferire la dinamicit\u00e0 delle corsie d\u2019ospedale alla meditazione. Nel mio mondo, l\u2019azione \u00e8 finita da un pezzo.\u00bb<\/p>\n\n\n\n<p>\u00abQuindi \u00e8 dottore in Storia antica, eh?\u00bb chiese Adone con aria beffarda.&nbsp;<\/p>\n\n\n\n<p>Come volevasi dimostrare.<\/p>\n","protected":false},"excerpt":{"rendered":"<p>Qui trovi il materiale influencer per SOLO QUATTRO MESI : la scheda romanzo, un mini blurb, la descrizione Amazon e un estratto. Puoi trovare card e materiale promozionale qui. STEM, CONTEMPORARY AND MEDICAL ROMANCE Titolo: Solo quattro mesi Autore: Nora June Peebles Genere: STEM, Contemporary and medical romance Trope: Small town, sworn off relationships, chosen&#8230;<\/p>\n","protected":false},"author":1,"featured_media":0,"parent":0,"menu_order":0,"comment_status":"closed","ping_status":"closed","template":"","meta":{"_themeisle_gutenberg_block_has_review":false,"_kadence_starter_templates_imported_post":false,"_kad_post_transparent":"","_kad_post_title":"","_kad_post_layout":"","_kad_post_sidebar_id":"","_kad_post_content_style":"","_kad_post_vertical_padding":"","_kad_post_feature":"","_kad_post_feature_position":"","_kad_post_header":false,"_kad_post_footer":false,"footnotes":""},"class_list":["post-426","page","type-page","status-publish","hentry"],"yoast_head":"<!-- This site is optimized with the Yoast SEO plugin v22.8 - https:\/\/yoast.com\/wordpress\/plugins\/seo\/ -->\n<title>MATERIALE SOLO QUATTRO MESI - NORA JUNE PEEBLES - ROMANCE AUTHOR<\/title>\n<meta name=\"description\" content=\"Nora June Peebles \u00e8 un&#039;autrice italiana di romanzi rosa, romantasy e fantasy. Qui trovi il materiale per gli influencer di Solo quattro mesi.\" \/>\n<meta name=\"robots\" content=\"index, follow, max-snippet:-1, max-image-preview:large, max-video-preview:-1\" \/>\n<link rel=\"canonical\" href=\"https:\/\/norajunepeebles.com\/?page_id=426\" \/>\n<meta property=\"og:locale\" content=\"en_US\" \/>\n<meta property=\"og:type\" content=\"article\" \/>\n<meta property=\"og:title\" content=\"MATERIALE SOLO QUATTRO MESI - NORA JUNE PEEBLES - ROMANCE AUTHOR\" \/>\n<meta property=\"og:description\" content=\"Nora June Peebles \u00e8 un&#039;autrice italiana di romanzi rosa, romantasy e fantasy. Qui trovi il materiale per gli influencer di Solo quattro mesi.\" \/>\n<meta property=\"og:url\" content=\"https:\/\/norajunepeebles.com\/?page_id=426\" \/>\n<meta property=\"og:site_name\" content=\"NORA JUNE PEEBLES - ROMANCE AUTHOR\" \/>\n<meta property=\"article:modified_time\" content=\"2024-08-14T06:54:51+00:00\" \/>\n<meta property=\"og:image\" content=\"https:\/\/norajunepeebles.com\/wp-content\/uploads\/2024\/08\/GDI-A-Content-a-1024x317.png\" \/>\n<meta name=\"twitter:card\" content=\"summary_large_image\" \/>\n<meta name=\"twitter:label1\" content=\"Est. reading time\" \/>\n\t<meta name=\"twitter:data1\" content=\"3 minutes\" \/>\n<script type=\"application\/ld+json\" class=\"yoast-schema-graph\">{\"@context\":\"https:\/\/schema.org\",\"@graph\":[{\"@type\":\"WebPage\",\"@id\":\"https:\/\/norajunepeebles.com\/?page_id=426\",\"url\":\"https:\/\/norajunepeebles.com\/?page_id=426\",\"name\":\"MATERIALE SOLO QUATTRO MESI - NORA JUNE PEEBLES - ROMANCE AUTHOR\",\"isPartOf\":{\"@id\":\"https:\/\/norajunepeebles.com\/#website\"},\"primaryImageOfPage\":{\"@id\":\"https:\/\/norajunepeebles.com\/?page_id=426#primaryimage\"},\"image\":{\"@id\":\"https:\/\/norajunepeebles.com\/?page_id=426#primaryimage\"},\"thumbnailUrl\":\"https:\/\/norajunepeebles.com\/wp-content\/uploads\/2024\/08\/GDI-A-Content-a-1024x317.png\",\"datePublished\":\"2024-07-17T15:55:19+00:00\",\"dateModified\":\"2024-08-14T06:54:51+00:00\",\"description\":\"Nora June Peebles \u00e8 un'autrice italiana di romanzi rosa, romantasy e fantasy. Qui trovi il materiale per gli influencer di Solo quattro mesi.\",\"breadcrumb\":{\"@id\":\"https:\/\/norajunepeebles.com\/?page_id=426#breadcrumb\"},\"inLanguage\":\"en-US\",\"potentialAction\":[{\"@type\":\"ReadAction\",\"target\":[\"https:\/\/norajunepeebles.com\/?page_id=426\"]}]},{\"@type\":\"ImageObject\",\"inLanguage\":\"en-US\",\"@id\":\"https:\/\/norajunepeebles.com\/?page_id=426#primaryimage\",\"url\":\"https:\/\/norajunepeebles.com\/wp-content\/uploads\/2024\/08\/GDI-A-Content-a.png\",\"contentUrl\":\"https:\/\/norajunepeebles.com\/wp-content\/uploads\/2024\/08\/GDI-A-Content-a.png\",\"width\":1940,\"height\":600},{\"@type\":\"BreadcrumbList\",\"@id\":\"https:\/\/norajunepeebles.com\/?page_id=426#breadcrumb\",\"itemListElement\":[{\"@type\":\"ListItem\",\"position\":1,\"name\":\"Home\",\"item\":\"https:\/\/norajunepeebles.com\/\"},{\"@type\":\"ListItem\",\"position\":2,\"name\":\"MATERIALE SOLO QUATTRO MESI\"}]},{\"@type\":\"WebSite\",\"@id\":\"https:\/\/norajunepeebles.com\/#website\",\"url\":\"https:\/\/norajunepeebles.com\/\",\"name\":\"NORA JUNE PEEBLES - ROMANCE AUTHOR\",\"description\":\"LOVE, HUMOUR AND A HAPPILY EVER AFTER\",\"publisher\":{\"@id\":\"https:\/\/norajunepeebles.com\/#organization\"},\"potentialAction\":[{\"@type\":\"SearchAction\",\"target\":{\"@type\":\"EntryPoint\",\"urlTemplate\":\"https:\/\/norajunepeebles.com\/?s={search_term_string}\"},\"query-input\":\"required name=search_term_string\"}],\"inLanguage\":\"en-US\"},{\"@type\":\"Organization\",\"@id\":\"https:\/\/norajunepeebles.com\/#organization\",\"name\":\"NORA JUNE PEEBLES - ROMANCE AUTHOR\",\"url\":\"https:\/\/norajunepeebles.com\/\",\"logo\":{\"@type\":\"ImageObject\",\"inLanguage\":\"en-US\",\"@id\":\"https:\/\/norajunepeebles.com\/#\/schema\/logo\/image\/\",\"url\":\"https:\/\/norajunepeebles.com\/wp-content\/uploads\/2024\/06\/cropped-Love-humour-and-a-happily-ever-after-4.png\",\"contentUrl\":\"https:\/\/norajunepeebles.com\/wp-content\/uploads\/2024\/06\/cropped-Love-humour-and-a-happily-ever-after-4.png\",\"width\":500,\"height\":363,\"caption\":\"NORA JUNE PEEBLES - ROMANCE AUTHOR\"},\"image\":{\"@id\":\"https:\/\/norajunepeebles.com\/#\/schema\/logo\/image\/\"}}]}<\/script>\n<!-- \/ Yoast SEO plugin. -->","yoast_head_json":{"title":"MATERIALE SOLO QUATTRO MESI - NORA JUNE PEEBLES - ROMANCE AUTHOR","description":"Nora June Peebles \u00e8 un'autrice italiana di romanzi rosa, romantasy e fantasy. Qui trovi il materiale per gli influencer di Solo quattro mesi.","robots":{"index":"index","follow":"follow","max-snippet":"max-snippet:-1","max-image-preview":"max-image-preview:large","max-video-preview":"max-video-preview:-1"},"canonical":"https:\/\/norajunepeebles.com\/?page_id=426","og_locale":"en_US","og_type":"article","og_title":"MATERIALE SOLO QUATTRO MESI - NORA JUNE PEEBLES - ROMANCE AUTHOR","og_description":"Nora June Peebles \u00e8 un'autrice italiana di romanzi rosa, romantasy e fantasy. Qui trovi il materiale per gli influencer di Solo quattro mesi.","og_url":"https:\/\/norajunepeebles.com\/?page_id=426","og_site_name":"NORA JUNE PEEBLES - ROMANCE AUTHOR","article_modified_time":"2024-08-14T06:54:51+00:00","og_image":[{"url":"https:\/\/norajunepeebles.com\/wp-content\/uploads\/2024\/08\/GDI-A-Content-a-1024x317.png"}],"twitter_card":"summary_large_image","twitter_misc":{"Est. reading time":"3 minutes"},"schema":{"@context":"https:\/\/schema.org","@graph":[{"@type":"WebPage","@id":"https:\/\/norajunepeebles.com\/?page_id=426","url":"https:\/\/norajunepeebles.com\/?page_id=426","name":"MATERIALE SOLO QUATTRO MESI - NORA JUNE PEEBLES - ROMANCE AUTHOR","isPartOf":{"@id":"https:\/\/norajunepeebles.com\/#website"},"primaryImageOfPage":{"@id":"https:\/\/norajunepeebles.com\/?page_id=426#primaryimage"},"image":{"@id":"https:\/\/norajunepeebles.com\/?page_id=426#primaryimage"},"thumbnailUrl":"https:\/\/norajunepeebles.com\/wp-content\/uploads\/2024\/08\/GDI-A-Content-a-1024x317.png","datePublished":"2024-07-17T15:55:19+00:00","dateModified":"2024-08-14T06:54:51+00:00","description":"Nora June Peebles \u00e8 un'autrice italiana di romanzi rosa, romantasy e fantasy. Qui trovi il materiale per gli influencer di Solo quattro mesi.","breadcrumb":{"@id":"https:\/\/norajunepeebles.com\/?page_id=426#breadcrumb"},"inLanguage":"en-US","potentialAction":[{"@type":"ReadAction","target":["https:\/\/norajunepeebles.com\/?page_id=426"]}]},{"@type":"ImageObject","inLanguage":"en-US","@id":"https:\/\/norajunepeebles.com\/?page_id=426#primaryimage","url":"https:\/\/norajunepeebles.com\/wp-content\/uploads\/2024\/08\/GDI-A-Content-a.png","contentUrl":"https:\/\/norajunepeebles.com\/wp-content\/uploads\/2024\/08\/GDI-A-Content-a.png","width":1940,"height":600},{"@type":"BreadcrumbList","@id":"https:\/\/norajunepeebles.com\/?page_id=426#breadcrumb","itemListElement":[{"@type":"ListItem","position":1,"name":"Home","item":"https:\/\/norajunepeebles.com\/"},{"@type":"ListItem","position":2,"name":"MATERIALE SOLO QUATTRO MESI"}]},{"@type":"WebSite","@id":"https:\/\/norajunepeebles.com\/#website","url":"https:\/\/norajunepeebles.com\/","name":"NORA JUNE PEEBLES - ROMANCE AUTHOR","description":"LOVE, HUMOUR AND A HAPPILY EVER AFTER","publisher":{"@id":"https:\/\/norajunepeebles.com\/#organization"},"potentialAction":[{"@type":"SearchAction","target":{"@type":"EntryPoint","urlTemplate":"https:\/\/norajunepeebles.com\/?s={search_term_string}"},"query-input":"required name=search_term_string"}],"inLanguage":"en-US"},{"@type":"Organization","@id":"https:\/\/norajunepeebles.com\/#organization","name":"NORA JUNE PEEBLES - ROMANCE AUTHOR","url":"https:\/\/norajunepeebles.com\/","logo":{"@type":"ImageObject","inLanguage":"en-US","@id":"https:\/\/norajunepeebles.com\/#\/schema\/logo\/image\/","url":"https:\/\/norajunepeebles.com\/wp-content\/uploads\/2024\/06\/cropped-Love-humour-and-a-happily-ever-after-4.png","contentUrl":"https:\/\/norajunepeebles.com\/wp-content\/uploads\/2024\/06\/cropped-Love-humour-and-a-happily-ever-after-4.png","width":500,"height":363,"caption":"NORA JUNE PEEBLES - ROMANCE AUTHOR"},"image":{"@id":"https:\/\/norajunepeebles.com\/#\/schema\/logo\/image\/"}}]}},"_links":{"self":[{"href":"https:\/\/norajunepeebles.com\/index.php?rest_route=\/wp\/v2\/pages\/426","targetHints":{"allow":["GET"]}}],"collection":[{"href":"https:\/\/norajunepeebles.com\/index.php?rest_route=\/wp\/v2\/pages"}],"about":[{"href":"https:\/\/norajunepeebles.com\/index.php?rest_route=\/wp\/v2\/types\/page"}],"author":[{"embeddable":true,"href":"https:\/\/norajunepeebles.com\/index.php?rest_route=\/wp\/v2\/users\/1"}],"replies":[{"embeddable":true,"href":"https:\/\/norajunepeebles.com\/index.php?rest_route=%2Fwp%2Fv2%2Fcomments&post=426"}],"version-history":[{"count":5,"href":"https:\/\/norajunepeebles.com\/index.php?rest_route=\/wp\/v2\/pages\/426\/revisions"}],"predecessor-version":[{"id":511,"href":"https:\/\/norajunepeebles.com\/index.php?rest_route=\/wp\/v2\/pages\/426\/revisions\/511"}],"wp:attachment":[{"href":"https:\/\/norajunepeebles.com\/index.php?rest_route=%2Fwp%2Fv2%2Fmedia&parent=426"}],"curies":[{"name":"wp","href":"https:\/\/api.w.org\/{rel}","templated":true}]}}