{"id":539,"date":"2024-11-05T07:07:58","date_gmt":"2024-11-05T07:07:58","guid":{"rendered":"https:\/\/norajunepeebles.com\/?page_id=539"},"modified":"2024-11-05T07:08:00","modified_gmt":"2024-11-05T07:08:00","slug":"materiale-gioco-di-seduzione","status":"publish","type":"page","link":"https:\/\/norajunepeebles.com\/?page_id=539","title":{"rendered":"MATERIALE GIOCO DI SEDUZIONE"},"content":{"rendered":"\n<figure class=\"wp-block-image size-large is-resized\"><img loading=\"lazy\" decoding=\"async\" width=\"1024\" height=\"317\" src=\"https:\/\/norajunepeebles.com\/wp-content\/uploads\/2024\/11\/GDI-A-Content-5-1024x317.png\" alt=\"\" class=\"wp-image-531\" style=\"width:1450px;height:auto\" srcset=\"https:\/\/norajunepeebles.com\/wp-content\/uploads\/2024\/11\/GDI-A-Content-5-1024x317.png 1024w, https:\/\/norajunepeebles.com\/wp-content\/uploads\/2024\/11\/GDI-A-Content-5-300x93.png 300w, https:\/\/norajunepeebles.com\/wp-content\/uploads\/2024\/11\/GDI-A-Content-5-768x238.png 768w, https:\/\/norajunepeebles.com\/wp-content\/uploads\/2024\/11\/GDI-A-Content-5-1536x475.png 1536w, https:\/\/norajunepeebles.com\/wp-content\/uploads\/2024\/11\/GDI-A-Content-5-18x6.png 18w, https:\/\/norajunepeebles.com\/wp-content\/uploads\/2024\/11\/GDI-A-Content-5-600x186.png 600w, https:\/\/norajunepeebles.com\/wp-content\/uploads\/2024\/11\/GDI-A-Content-5.png 1940w\" sizes=\"auto, (max-width: 1024px) 100vw, 1024px\" \/><\/figure>\n\n\n\n<h2 class=\"wp-block-heading\">GIOCO DI SEDUZIONE<\/h2>\n\n\n\n<p>Qui trovi il materiale influencer per Gioco di seduzione: la scheda romanzo, un mini blurb, la descrizione Amazon e un estratto. Puoi trovare card e materiale promozionale <a href=\"https:\/\/norajunepeebles.com\/?page_id=361\">qui<\/a>.<\/p>\n\n\n\n<h4 class=\"wp-block-heading\">STEM &amp; SPORT ROMANCE<\/h4>\n\n\n\n<p><strong>Titolo: <\/strong>Gioco di seduzione<\/p>\n\n\n\n<p><strong>Autore: <\/strong>Nora June Peebles<\/p>\n\n\n\n<p><strong>Genere: <\/strong>Sport &amp; STEM Romance<\/p>\n\n\n\n<p><strong>Formato: <\/strong>ebook e cartaceo (paperback e hardcover), anche in abbonamento Kindle Unlimited<\/p>\n\n\n\n<p><strong>Costo: <\/strong>1.79 euro al lancio, poi 2.69 euro<\/p>\n\n\n\n<p><strong>Sito web: <\/strong><a href=\"https:\/\/norajunepeebles.com\/\">https:\/\/norajunepeebles.com\/ <\/a><\/p>\n\n\n\n<p><strong>Pagina Autore su Amazon: <\/strong><a href=\"https:\/\/www.amazon.it\/stores\/Nora-June-Peebles\/author\/B08R7HHN2M\">https:\/\/www.amazon.it\/stores\/Nora-June-Peebles\/author\/B08R7HHN2M<\/a><\/p>\n\n\n\n<p><strong>Pagina Facebook: <\/strong>https:\/\/www.facebook.com\/norajpeebles&nbsp;<\/p>\n\n\n\n<p><strong>TikTok, Instagram e Threads: <\/strong>norajunepeebles.<\/p>\n\n\n\n<p>Link alla pagina Amazon: <a href=\"https:\/\/www.amazon.it\/dp\/B0BQN9HZV6\">GIOCO DI SEDUZIONE<\/a><\/p>\n\n\n\n<h5 class=\"wp-block-heading\"><strong>MINI BLURB:<\/strong><\/h5>\n\n\n\n<p><strong>Gioco di seduzione \u00e8 il terzo e ultimo volume autoconclusivo della serie <a href=\"https:\/\/norajunepeebles.com\/?page_id=265\">Plan B<\/a>, in cui sport e STEM romance si intrecciano in una storia d\u2019amore travolgente, nella quale vi aspettano una nevicata da record, identit\u00e0 segrete e un gioco di seduzione impossibile da perdere.<\/strong><\/p>\n\n\n\n<h5 class=\"wp-block-heading\"><strong>TRAMA E DESCRIZIONE AMAZON:<\/strong><\/h5>\n\n\n\n<p><strong>Cosa succede quando il giocatore pi\u00f9 sexy e pi\u00f9 zen del football americano si scontra con l\u2019unica donna capace di fargli perdere la testa?&nbsp;<\/strong><\/p>\n\n\n\n<p><strong>Gli opposti si attraggono<\/strong>, dicono, ma Amelia Baldi non crede alle dicerie. Vulcanologa di successo, \u00e8 una scienziata e, come tale, ha bisogno di prove. L\u2019evidenza sperimentale, per\u00f2, punta in tutt\u2019altra direzione. Ogni uomo con cui \u00e8 stata si \u00e8 rivelato bugiardo, sposato o entrambe le cose. Il fatto che abbia avuto un\u2019unica relazione non inficia il risultato dell\u2019esperimento. Giusto?<\/p>\n\n\n\n<p><strong>Tutto ci\u00f2 che tocca diventa d\u2019oro.<\/strong>&nbsp;Ex capitano dei Giants e proprietario di un\u2019azienda di software in costante ascesa, Jakob Dwight Sullivan \u00e8 uno degli uomini pi\u00f9 ricchi di New York.&nbsp;Leale, di talento e dotato di un\u2019eleganza innata, Jake ha successo in ogni sua impresa e non perde mai il controllo. Le donne,&nbsp;<em>tutte le donne<\/em>, impazziscono per lui. O cos\u00ec credeva, prima di conoscere Amelia. Quel diavolo di scienziata gli si \u00e8 infilata sotto pelle e crede di potergli resistere. Non sa con chi ha a che fare!&nbsp;<\/p>\n\n\n\n<p>Le d\u00e0 quattro giorni per capitolare.<\/p>\n\n\n\n<p><em>Jake pu\u00f2 sedurre qualunque donna lui voglia\u2026 oppure no?&nbsp;<\/em><\/p>\n\n\n\n<p><strong>Una nevicata da record, identit\u00e0 segrete, un gioco di seduzione impossibile da perdere e un\u2019insana passione per il\u00a0<em>Signore degli Anelli<\/em>\u00a0sono le scintille che fanno divampare un amore travolgente nella coppia pi\u00f9 insospettabile di tutte.\u00a0<\/strong><\/p>\n\n\n\n<p>Scopri l\u2019epilogo della serie <em>Plan B<\/em>, dove i piani di riserva si rivelano ricchi di sorprese inaspettate.<\/p>\n\n\n\n<p>Nota dell\u2019autrice:&nbsp;<em>Gioco di seduzione<\/em>&nbsp;\u00e8 il terzo volume della serie<em>&nbsp;Plan B.<\/em>&nbsp;Anche se compaiono alcuni dei protagonisti di&nbsp;<em>Gioco d\u2019intesa<\/em>e<em>Le regole del gioco<\/em>, pu\u00f2 essere letto come uno standalone. Il consiglio, per\u00f2, \u00e8 di leggere i volumi precedenti per non perdere chicche o riferimenti a personaggi e fatti accaduti prima degli eventi raccontati nel romanzo.<\/p>\n\n\n\n<h5 class=\"wp-block-heading\"><strong>ESTRATTO<\/strong><\/h5>\n\n\n\n<p>\u00abPerch\u00e9 ti stai trattenendo?\u00bb<br>\u00abTrattenendo?\u00bb Amelia scoppi\u00f2 a ridere, con il cuore in tumulto. \u00abMettiamo le cose in chiaro.<br>Solo perch\u00e9 non voglio una tresca con te non significa che mi stia facendo violenza.\u00bb Anche perch\u00e9,<br>onestamente, non avrebbe portato a nulla. E lei era stanca di non avere nulla.<br>Jake sorrise pericolosamente e schiocc\u00f2 la lingua. \u00abLo stai negando, forse?\u00bb C\u2019era divertimento e<br>sfida nel modo in cui la guardava.<br>Amelia sollev\u00f2 un sopracciglio. \u00abCosa ti fa credere che mi stia trattenendo?\u00bb<br>Jake sorrise e le disse: \u00abCredo nell\u2019attrazione che provi per me. So che \u00e8 potente quanto quella che<br>sento io nei tuoi confronti.\u00bb<br>\u00abSe \u00e8 cos\u00ec potente come dici, come mai sei tutto bello rilassato? Non mi sembra poi cos\u00ec estrema<br>la situazione.\u00bb<br>Jake le si avvicin\u00f2 a un soffio dal viso e sussurr\u00f2: \u00abSono molto, molto allenato, Scricciolo. Mi so<br>controllare. Tu, piuttosto, sei capace di dominare i tuoi istinti?\u00bb<br>\u00abFammi capire, energumeno\u2026 il mio istinto mi dovrebbe dire di sbatterti contro un muro e<br>infilarti la lingua in gola?\u00bb<\/p>\n\n\n\n<p><\/p>\n","protected":false},"excerpt":{"rendered":"<p>GIOCO DI SEDUZIONE Qui trovi il materiale influencer per Gioco di seduzione: la scheda romanzo, un mini blurb, la descrizione Amazon e un estratto. Puoi trovare card e materiale promozionale qui. STEM &amp; SPORT ROMANCE Titolo: Gioco di seduzione Autore: Nora June Peebles Genere: Sport &amp; STEM Romance Formato: ebook e cartaceo (paperback e hardcover),&#8230;<\/p>\n","protected":false},"author":1,"featured_media":0,"parent":0,"menu_order":0,"comment_status":"closed","ping_status":"closed","template":"","meta":{"_themeisle_gutenberg_block_has_review":false,"_kadence_starter_templates_imported_post":false,"_kad_post_transparent":"","_kad_post_title":"","_kad_post_layout":"","_kad_post_sidebar_id":"","_kad_post_content_style":"","_kad_post_vertical_padding":"","_kad_post_feature":"","_kad_post_feature_position":"","_kad_post_header":false,"_kad_post_footer":false,"footnotes":""},"class_list":["post-539","page","type-page","status-publish","hentry"],"yoast_head":"<!-- This site is optimized with the Yoast SEO plugin v22.8 - https:\/\/yoast.com\/wordpress\/plugins\/seo\/ -->\n<title>MATERIALE GIOCO DI SEDUZIONE - NORA JUNE PEEBLES - ROMANCE AUTHOR<\/title>\n<meta name=\"description\" content=\"Nora June Peebles \u00e8 un&#039;autrice italiana di romanzi rosa, romantasy e fantasy. Qui trovi il materiale per gli influencer per Gioco di seduzione\" \/>\n<meta name=\"robots\" content=\"index, follow, max-snippet:-1, max-image-preview:large, max-video-preview:-1\" \/>\n<link rel=\"canonical\" href=\"https:\/\/norajunepeebles.com\/?page_id=539\" \/>\n<meta property=\"og:locale\" content=\"en_US\" \/>\n<meta property=\"og:type\" content=\"article\" \/>\n<meta property=\"og:title\" content=\"MATERIALE GIOCO DI SEDUZIONE - NORA JUNE PEEBLES - ROMANCE AUTHOR\" \/>\n<meta property=\"og:description\" content=\"Nora June Peebles \u00e8 un&#039;autrice italiana di romanzi rosa, romantasy e fantasy. Qui trovi il materiale per gli influencer per Gioco di seduzione\" \/>\n<meta property=\"og:url\" content=\"https:\/\/norajunepeebles.com\/?page_id=539\" \/>\n<meta property=\"og:site_name\" content=\"NORA JUNE PEEBLES - ROMANCE AUTHOR\" \/>\n<meta property=\"article:modified_time\" content=\"2024-11-05T07:08:00+00:00\" \/>\n<meta property=\"og:image\" content=\"https:\/\/norajunepeebles.com\/wp-content\/uploads\/2024\/11\/GDI-A-Content-5-1024x317.png\" \/>\n<meta name=\"twitter:card\" content=\"summary_large_image\" \/>\n<meta name=\"twitter:label1\" content=\"Est. reading time\" \/>\n\t<meta name=\"twitter:data1\" content=\"3 minutes\" \/>\n<script type=\"application\/ld+json\" class=\"yoast-schema-graph\">{\"@context\":\"https:\/\/schema.org\",\"@graph\":[{\"@type\":\"WebPage\",\"@id\":\"https:\/\/norajunepeebles.com\/?page_id=539\",\"url\":\"https:\/\/norajunepeebles.com\/?page_id=539\",\"name\":\"MATERIALE GIOCO DI SEDUZIONE - NORA JUNE PEEBLES - ROMANCE AUTHOR\",\"isPartOf\":{\"@id\":\"https:\/\/norajunepeebles.com\/#website\"},\"primaryImageOfPage\":{\"@id\":\"https:\/\/norajunepeebles.com\/?page_id=539#primaryimage\"},\"image\":{\"@id\":\"https:\/\/norajunepeebles.com\/?page_id=539#primaryimage\"},\"thumbnailUrl\":\"https:\/\/norajunepeebles.com\/wp-content\/uploads\/2024\/11\/GDI-A-Content-5-1024x317.png\",\"datePublished\":\"2024-11-05T07:07:58+00:00\",\"dateModified\":\"2024-11-05T07:08:00+00:00\",\"description\":\"Nora June Peebles \u00e8 un'autrice italiana di romanzi rosa, romantasy e fantasy. Qui trovi il materiale per gli influencer per Gioco di seduzione\",\"breadcrumb\":{\"@id\":\"https:\/\/norajunepeebles.com\/?page_id=539#breadcrumb\"},\"inLanguage\":\"en-US\",\"potentialAction\":[{\"@type\":\"ReadAction\",\"target\":[\"https:\/\/norajunepeebles.com\/?page_id=539\"]}]},{\"@type\":\"ImageObject\",\"inLanguage\":\"en-US\",\"@id\":\"https:\/\/norajunepeebles.com\/?page_id=539#primaryimage\",\"url\":\"https:\/\/norajunepeebles.com\/wp-content\/uploads\/2024\/11\/GDI-A-Content-5.png\",\"contentUrl\":\"https:\/\/norajunepeebles.com\/wp-content\/uploads\/2024\/11\/GDI-A-Content-5.png\",\"width\":1940,\"height\":600},{\"@type\":\"BreadcrumbList\",\"@id\":\"https:\/\/norajunepeebles.com\/?page_id=539#breadcrumb\",\"itemListElement\":[{\"@type\":\"ListItem\",\"position\":1,\"name\":\"Home\",\"item\":\"https:\/\/norajunepeebles.com\/\"},{\"@type\":\"ListItem\",\"position\":2,\"name\":\"MATERIALE GIOCO DI SEDUZIONE\"}]},{\"@type\":\"WebSite\",\"@id\":\"https:\/\/norajunepeebles.com\/#website\",\"url\":\"https:\/\/norajunepeebles.com\/\",\"name\":\"NORA JUNE PEEBLES - ROMANCE AUTHOR\",\"description\":\"LOVE, HUMOUR AND A HAPPILY EVER AFTER\",\"publisher\":{\"@id\":\"https:\/\/norajunepeebles.com\/#organization\"},\"potentialAction\":[{\"@type\":\"SearchAction\",\"target\":{\"@type\":\"EntryPoint\",\"urlTemplate\":\"https:\/\/norajunepeebles.com\/?s={search_term_string}\"},\"query-input\":\"required name=search_term_string\"}],\"inLanguage\":\"en-US\"},{\"@type\":\"Organization\",\"@id\":\"https:\/\/norajunepeebles.com\/#organization\",\"name\":\"NORA JUNE PEEBLES - ROMANCE AUTHOR\",\"url\":\"https:\/\/norajunepeebles.com\/\",\"logo\":{\"@type\":\"ImageObject\",\"inLanguage\":\"en-US\",\"@id\":\"https:\/\/norajunepeebles.com\/#\/schema\/logo\/image\/\",\"url\":\"https:\/\/norajunepeebles.com\/wp-content\/uploads\/2024\/06\/cropped-Love-humour-and-a-happily-ever-after-4.png\",\"contentUrl\":\"https:\/\/norajunepeebles.com\/wp-content\/uploads\/2024\/06\/cropped-Love-humour-and-a-happily-ever-after-4.png\",\"width\":500,\"height\":363,\"caption\":\"NORA JUNE PEEBLES - ROMANCE AUTHOR\"},\"image\":{\"@id\":\"https:\/\/norajunepeebles.com\/#\/schema\/logo\/image\/\"}}]}<\/script>\n<!-- \/ Yoast SEO plugin. -->","yoast_head_json":{"title":"MATERIALE GIOCO DI SEDUZIONE - NORA JUNE PEEBLES - ROMANCE AUTHOR","description":"Nora June Peebles \u00e8 un'autrice italiana di romanzi rosa, romantasy e fantasy. Qui trovi il materiale per gli influencer per Gioco di seduzione","robots":{"index":"index","follow":"follow","max-snippet":"max-snippet:-1","max-image-preview":"max-image-preview:large","max-video-preview":"max-video-preview:-1"},"canonical":"https:\/\/norajunepeebles.com\/?page_id=539","og_locale":"en_US","og_type":"article","og_title":"MATERIALE GIOCO DI SEDUZIONE - NORA JUNE PEEBLES - ROMANCE AUTHOR","og_description":"Nora June Peebles \u00e8 un'autrice italiana di romanzi rosa, romantasy e fantasy. Qui trovi il materiale per gli influencer per Gioco di seduzione","og_url":"https:\/\/norajunepeebles.com\/?page_id=539","og_site_name":"NORA JUNE PEEBLES - ROMANCE AUTHOR","article_modified_time":"2024-11-05T07:08:00+00:00","og_image":[{"url":"https:\/\/norajunepeebles.com\/wp-content\/uploads\/2024\/11\/GDI-A-Content-5-1024x317.png"}],"twitter_card":"summary_large_image","twitter_misc":{"Est. reading time":"3 minutes"},"schema":{"@context":"https:\/\/schema.org","@graph":[{"@type":"WebPage","@id":"https:\/\/norajunepeebles.com\/?page_id=539","url":"https:\/\/norajunepeebles.com\/?page_id=539","name":"MATERIALE GIOCO DI SEDUZIONE - NORA JUNE PEEBLES - ROMANCE AUTHOR","isPartOf":{"@id":"https:\/\/norajunepeebles.com\/#website"},"primaryImageOfPage":{"@id":"https:\/\/norajunepeebles.com\/?page_id=539#primaryimage"},"image":{"@id":"https:\/\/norajunepeebles.com\/?page_id=539#primaryimage"},"thumbnailUrl":"https:\/\/norajunepeebles.com\/wp-content\/uploads\/2024\/11\/GDI-A-Content-5-1024x317.png","datePublished":"2024-11-05T07:07:58+00:00","dateModified":"2024-11-05T07:08:00+00:00","description":"Nora June Peebles \u00e8 un'autrice italiana di romanzi rosa, romantasy e fantasy. Qui trovi il materiale per gli influencer per Gioco di seduzione","breadcrumb":{"@id":"https:\/\/norajunepeebles.com\/?page_id=539#breadcrumb"},"inLanguage":"en-US","potentialAction":[{"@type":"ReadAction","target":["https:\/\/norajunepeebles.com\/?page_id=539"]}]},{"@type":"ImageObject","inLanguage":"en-US","@id":"https:\/\/norajunepeebles.com\/?page_id=539#primaryimage","url":"https:\/\/norajunepeebles.com\/wp-content\/uploads\/2024\/11\/GDI-A-Content-5.png","contentUrl":"https:\/\/norajunepeebles.com\/wp-content\/uploads\/2024\/11\/GDI-A-Content-5.png","width":1940,"height":600},{"@type":"BreadcrumbList","@id":"https:\/\/norajunepeebles.com\/?page_id=539#breadcrumb","itemListElement":[{"@type":"ListItem","position":1,"name":"Home","item":"https:\/\/norajunepeebles.com\/"},{"@type":"ListItem","position":2,"name":"MATERIALE GIOCO DI SEDUZIONE"}]},{"@type":"WebSite","@id":"https:\/\/norajunepeebles.com\/#website","url":"https:\/\/norajunepeebles.com\/","name":"NORA JUNE PEEBLES - ROMANCE AUTHOR","description":"LOVE, HUMOUR AND A HAPPILY EVER AFTER","publisher":{"@id":"https:\/\/norajunepeebles.com\/#organization"},"potentialAction":[{"@type":"SearchAction","target":{"@type":"EntryPoint","urlTemplate":"https:\/\/norajunepeebles.com\/?s={search_term_string}"},"query-input":"required name=search_term_string"}],"inLanguage":"en-US"},{"@type":"Organization","@id":"https:\/\/norajunepeebles.com\/#organization","name":"NORA JUNE PEEBLES - ROMANCE AUTHOR","url":"https:\/\/norajunepeebles.com\/","logo":{"@type":"ImageObject","inLanguage":"en-US","@id":"https:\/\/norajunepeebles.com\/#\/schema\/logo\/image\/","url":"https:\/\/norajunepeebles.com\/wp-content\/uploads\/2024\/06\/cropped-Love-humour-and-a-happily-ever-after-4.png","contentUrl":"https:\/\/norajunepeebles.com\/wp-content\/uploads\/2024\/06\/cropped-Love-humour-and-a-happily-ever-after-4.png","width":500,"height":363,"caption":"NORA JUNE PEEBLES - ROMANCE AUTHOR"},"image":{"@id":"https:\/\/norajunepeebles.com\/#\/schema\/logo\/image\/"}}]}},"_links":{"self":[{"href":"https:\/\/norajunepeebles.com\/index.php?rest_route=\/wp\/v2\/pages\/539","targetHints":{"allow":["GET"]}}],"collection":[{"href":"https:\/\/norajunepeebles.com\/index.php?rest_route=\/wp\/v2\/pages"}],"about":[{"href":"https:\/\/norajunepeebles.com\/index.php?rest_route=\/wp\/v2\/types\/page"}],"author":[{"embeddable":true,"href":"https:\/\/norajunepeebles.com\/index.php?rest_route=\/wp\/v2\/users\/1"}],"replies":[{"embeddable":true,"href":"https:\/\/norajunepeebles.com\/index.php?rest_route=%2Fwp%2Fv2%2Fcomments&post=539"}],"version-history":[{"count":1,"href":"https:\/\/norajunepeebles.com\/index.php?rest_route=\/wp\/v2\/pages\/539\/revisions"}],"predecessor-version":[{"id":541,"href":"https:\/\/norajunepeebles.com\/index.php?rest_route=\/wp\/v2\/pages\/539\/revisions\/541"}],"wp:attachment":[{"href":"https:\/\/norajunepeebles.com\/index.php?rest_route=%2Fwp%2Fv2%2Fmedia&parent=539"}],"curies":[{"name":"wp","href":"https:\/\/api.w.org\/{rel}","templated":true}]}}