{"id":552,"date":"2024-11-05T07:47:00","date_gmt":"2024-11-05T07:47:00","guid":{"rendered":"https:\/\/norajunepeebles.com\/?page_id=552"},"modified":"2025-03-17T13:58:51","modified_gmt":"2025-03-17T13:58:51","slug":"stem-romance","status":"publish","type":"page","link":"https:\/\/norajunepeebles.com\/?page_id=552","title":{"rendered":"GIOCO DI SEDUZIONE"},"content":{"rendered":"\n<figure class=\"wp-block-image size-large is-resized\"><img loading=\"lazy\" decoding=\"async\" width=\"1024\" height=\"307\" src=\"https:\/\/norajunepeebles.com\/wp-content\/uploads\/2024\/11\/Blush-Wave-LinkedIn-Banner-17-1024x307.png\" alt=\"\" class=\"wp-image-553\" style=\"width:1450px;height:auto\" srcset=\"https:\/\/norajunepeebles.com\/wp-content\/uploads\/2024\/11\/Blush-Wave-LinkedIn-Banner-17-1024x307.png 1024w, https:\/\/norajunepeebles.com\/wp-content\/uploads\/2024\/11\/Blush-Wave-LinkedIn-Banner-17-300x90.png 300w, https:\/\/norajunepeebles.com\/wp-content\/uploads\/2024\/11\/Blush-Wave-LinkedIn-Banner-17-768x230.png 768w, https:\/\/norajunepeebles.com\/wp-content\/uploads\/2024\/11\/Blush-Wave-LinkedIn-Banner-17-1536x461.png 1536w, https:\/\/norajunepeebles.com\/wp-content\/uploads\/2024\/11\/Blush-Wave-LinkedIn-Banner-17-18x5.png 18w, https:\/\/norajunepeebles.com\/wp-content\/uploads\/2024\/11\/Blush-Wave-LinkedIn-Banner-17-600x180.png 600w, https:\/\/norajunepeebles.com\/wp-content\/uploads\/2024\/11\/Blush-Wave-LinkedIn-Banner-17.png 2000w\" sizes=\"auto, (max-width: 1024px) 100vw, 1024px\" \/><\/figure>\n\n\n\n<div id=\"wp-block-themeisle-blocks-advanced-columns-7a3a4421\" class=\"wp-block-themeisle-blocks-advanced-columns has-2-columns has-desktop-equal-layout has-tablet-equal-layout has-mobile-collapsedRows-layout has-vertical-unset\"><div class=\"wp-block-themeisle-blocks-advanced-columns-overlay\"><\/div><div class=\"innerblocks-wrap\">\n<div id=\"wp-block-themeisle-blocks-advanced-column-c2cd01a8\" class=\"wp-block-themeisle-blocks-advanced-column\">\n<p><\/p>\n\n\n\n<p><\/p>\n\n\n\n<p><\/p>\n\n\n\n<h3 class=\"wp-block-heading\" id=\"wp-block-themeisle-blocks-advanced-heading-af4a6933\">GIOCO DI SEDUZIONE<\/h3>\n\n\n\n<h3 class=\"wp-block-heading\">STEM &amp; SPORT ROMANCE<\/h3>\n\n\n\n<p><strong>Gioco di seduzione \u00e8 il terzo e ultimo volume autoconclusivo della serie&nbsp;<a href=\"https:\/\/norajunepeebles.com\/?page_id=265\">Plan B<\/a>, in cui sport e STEM romance si intrecciano in una storia d\u2019amore travolgente, nella quale vi aspettano una nevicata da record, identit\u00e0 segrete e un gioco di seduzione impossibile da perdere.<\/strong><\/p>\n\n\n\n<div class=\"wp-block-buttons is-layout-flex wp-block-buttons-is-layout-flex\">\n<div class=\"wp-block-button\"><a class=\"wp-block-button__link wp-element-button\" href=\"https:\/\/www.amazon.it\/dp\/B0BQN9HZV6\">Leggi <em>Gioco di seduzione<\/em><\/a><\/div>\n<\/div>\n<\/div>\n\n\n\n<div id=\"wp-block-themeisle-blocks-advanced-column-900b4f02\" class=\"wp-block-themeisle-blocks-advanced-column\">\n<figure class=\"wp-block-image size-large\"><img loading=\"lazy\" decoding=\"async\" width=\"1024\" height=\"944\" src=\"https:\/\/norajunepeebles.com\/wp-content\/uploads\/2024\/11\/1730753596-1024x944.png\" alt=\"\" class=\"wp-image-534\" srcset=\"https:\/\/norajunepeebles.com\/wp-content\/uploads\/2024\/11\/1730753596-1024x944.png 1024w, https:\/\/norajunepeebles.com\/wp-content\/uploads\/2024\/11\/1730753596-300x277.png 300w, https:\/\/norajunepeebles.com\/wp-content\/uploads\/2024\/11\/1730753596-768x708.png 768w, https:\/\/norajunepeebles.com\/wp-content\/uploads\/2024\/11\/1730753596-13x12.png 13w, https:\/\/norajunepeebles.com\/wp-content\/uploads\/2024\/11\/1730753596-600x553.png 600w, https:\/\/norajunepeebles.com\/wp-content\/uploads\/2024\/11\/1730753596.png 1500w\" sizes=\"auto, (max-width: 1024px) 100vw, 1024px\" \/><\/figure>\n<\/div>\n<\/div><\/div>\n\n\n\n<h3 class=\"wp-block-heading\">PROTAGONISTI E TROPE PRINCIPALI<\/h3>\n\n\n\n<p>Vulcanologa \/ Giocatore di football<br>GENERE: sport romance, STEM romance, contemporary romance<br>TROPES: chosen family, emotional scars, prime volte, secret identity, amico del migliore amico, cowboys, \u201csei mia\u201d<br>DOPPIO POV<\/p>\n\n\n\n<h3 class=\"wp-block-heading\">DESCRIZIONE<\/h3>\n\n\n\n<p><strong>Cosa succede quando il giocatore pi\u00f9 sexy e pi\u00f9 zen del football americano si scontra con l\u2019unica donna capace di fargli perdere la testa?&nbsp;<\/strong><\/p>\n\n\n\n<p><strong>Gli opposti si attraggono<\/strong>, dicono, ma Amelia Baldi non crede alle dicerie. Vulcanologa di successo, \u00e8 una scienziata e, come tale, ha bisogno di prove. L\u2019evidenza sperimentale, per\u00f2, punta in tutt\u2019altra direzione. Ogni uomo con cui \u00e8 stata si \u00e8 rivelato bugiardo, sposato o entrambe le cose. Il fatto che abbia avuto un\u2019unica relazione non inficia il risultato dell\u2019esperimento. Giusto?<\/p>\n\n\n\n<p><strong>Tutto ci\u00f2 che tocca diventa d\u2019oro.<\/strong>&nbsp;Ex capitano dei Giants e proprietario di un\u2019azienda di software in costante ascesa, Jakob Dwight Sullivan \u00e8 uno degli uomini pi\u00f9 ricchi di New York.&nbsp;Leale, di talento e dotato di un\u2019eleganza innata, Jake ha successo in ogni sua impresa e non perde mai il controllo. Le donne,&nbsp;<em>tutte le donne<\/em>, impazziscono per lui. O cos\u00ec credeva, prima di conoscere Amelia. Quel diavolo di scienziata gli si \u00e8 infilata sotto pelle e crede di potergli resistere. Non sa con chi ha a che fare!&nbsp;<\/p>\n\n\n\n<p>Le d\u00e0 quattro giorni per capitolare.<\/p>\n\n\n\n<p><em>Jake pu\u00f2 sedurre qualunque donna lui voglia\u2026 oppure no?&nbsp;<\/em><\/p>\n\n\n\n<p><strong>Una nevicata da record, identit\u00e0 segrete, un gioco di seduzione impossibile da perdere e un\u2019insana passione per il&nbsp;<em>Signore degli Anelli<\/em>&nbsp;sono le scintille che fanno divampare un amore travolgente nella coppia pi\u00f9 insospettabile di tutte.&nbsp;<\/strong><\/p>\n\n\n\n<p>Scopri l\u2019epilogo della serie&nbsp;<em>Plan B<\/em>, dove i piani di riserva si rivelano ricchi di sorprese inaspettate.<\/p>\n\n\n\n<p>Nota dell\u2019autrice:&nbsp;<em>Gioco di seduzione<\/em>&nbsp;\u00e8 il terzo volume della serie<em>&nbsp;Plan B.<\/em>&nbsp;Anche se compaiono alcuni dei protagonisti di&nbsp;<em>Gioco d\u2019intesa<\/em>e<em>Le regole del gioco<\/em>, pu\u00f2 essere letto come uno standalone. Il consiglio, per\u00f2, \u00e8 di leggere i volumi precedenti per non perdere chicche o riferimenti a personaggi e fatti accaduti prima degli eventi raccontati nel romanzo.<\/p>\n\n\n\n<h2 class=\"wp-block-heading\">I PROTAGONISTI DI GIOCO DI SEDUZIONE<\/h2>\n\n\n\n<div id=\"wp-block-themeisle-blocks-advanced-columns-80dcd2f7\" class=\"wp-block-themeisle-blocks-advanced-columns has-2-columns has-desktop-equal-layout has-tablet-equal-layout has-mobile-collapsedRows-layout has-vertical-unset\"><div class=\"wp-block-themeisle-blocks-advanced-columns-overlay\"><\/div><div class=\"innerblocks-wrap\">\n<div id=\"wp-block-themeisle-blocks-advanced-column-82fa8e75\" class=\"wp-block-themeisle-blocks-advanced-column\">\n<figure class=\"wp-block-image size-full\"><img loading=\"lazy\" decoding=\"async\" width=\"940\" height=\"788\" src=\"https:\/\/norajunepeebles.com\/wp-content\/uploads\/2024\/08\/15.png\" alt=\"\" class=\"wp-image-474\" srcset=\"https:\/\/norajunepeebles.com\/wp-content\/uploads\/2024\/08\/15.png 940w, https:\/\/norajunepeebles.com\/wp-content\/uploads\/2024\/08\/15-300x251.png 300w, https:\/\/norajunepeebles.com\/wp-content\/uploads\/2024\/08\/15-768x644.png 768w, https:\/\/norajunepeebles.com\/wp-content\/uploads\/2024\/08\/15-14x12.png 14w, https:\/\/norajunepeebles.com\/wp-content\/uploads\/2024\/08\/15-600x503.png 600w\" sizes=\"auto, (max-width: 940px) 100vw, 940px\" \/><\/figure>\n<\/div>\n\n\n\n<div id=\"wp-block-themeisle-blocks-advanced-column-69eb809e\" class=\"wp-block-themeisle-blocks-advanced-column\">\n<figure class=\"wp-block-image size-full\"><img loading=\"lazy\" decoding=\"async\" width=\"940\" height=\"788\" src=\"https:\/\/norajunepeebles.com\/wp-content\/uploads\/2024\/08\/16.png\" alt=\"\" class=\"wp-image-475\" srcset=\"https:\/\/norajunepeebles.com\/wp-content\/uploads\/2024\/08\/16.png 940w, https:\/\/norajunepeebles.com\/wp-content\/uploads\/2024\/08\/16-300x251.png 300w, https:\/\/norajunepeebles.com\/wp-content\/uploads\/2024\/08\/16-768x644.png 768w, https:\/\/norajunepeebles.com\/wp-content\/uploads\/2024\/08\/16-14x12.png 14w, https:\/\/norajunepeebles.com\/wp-content\/uploads\/2024\/08\/16-600x503.png 600w\" sizes=\"auto, (max-width: 940px) 100vw, 940px\" \/><\/figure>\n<\/div>\n<\/div><\/div>\n\n\n\n<h2 class=\"wp-block-heading\">GLI ALTRI ROMANZI DELLA SERIE<\/h2>\n\n\n\n<h3 class=\"wp-block-heading\">CONTEMPORARY, STEM &amp; SPORT ROMANCE<\/h3>\n\n\n\n<p>Hai letto <em>Gioco di seduzione<\/em> e vuoi conoscere le storie degli altri personaggi? Trovi <a href=\"https:\/\/norajunepeebles.com\/?page_id=265\">qui<\/a> gli altri romanzi della serie PLAN B.<\/p>\n\n\n\n<p>Immergiti in una serie indimenticabile in cui amore dirompente, passione e amicizia si mescolano in un connubio unico. La serie&nbsp;PLAN B&nbsp;combina gli amatissimi generi STEM e sport romance.<\/p>\n\n\n\n<p>Tutti i romanzi della serie sono FM, con l\u2019unica eccezione di&nbsp;<em>Le regole del gioco<\/em>, in cui trovi una coppia MM e bi rep.<\/p>\n\n\n\n<div class=\"wp-block-buttons is-layout-flex wp-block-buttons-is-layout-flex\">\n<div class=\"wp-block-button\"><a class=\"wp-block-button__link wp-element-button\" href=\"https:\/\/norajunepeebles.com\/?page_id=265\">Scopri tutti i romanzi della serie PLAN B<\/a><\/div>\n<\/div>\n","protected":false},"excerpt":{"rendered":"<p>PROTAGONISTI E TROPE PRINCIPALI Vulcanologa \/ Giocatore di footballGENERE: sport romance, STEM romance, contemporary romanceTROPES: chosen family, emotional scars, prime volte, secret identity, amico del migliore amico, cowboys, \u201csei mia\u201dDOPPIO POV DESCRIZIONE Cosa succede quando il giocatore pi\u00f9 sexy e pi\u00f9 zen del football americano si scontra con l\u2019unica donna capace di fargli perdere la&#8230;<\/p>\n","protected":false},"author":1,"featured_media":0,"parent":0,"menu_order":0,"comment_status":"closed","ping_status":"closed","template":"","meta":{"_themeisle_gutenberg_block_has_review":false,"_kadence_starter_templates_imported_post":false,"_kad_post_transparent":"","_kad_post_title":"","_kad_post_layout":"","_kad_post_sidebar_id":"","_kad_post_content_style":"","_kad_post_vertical_padding":"","_kad_post_feature":"","_kad_post_feature_position":"","_kad_post_header":false,"_kad_post_footer":false,"footnotes":""},"class_list":["post-552","page","type-page","status-publish","hentry"],"yoast_head":"<!-- This site is optimized with the Yoast SEO plugin v22.8 - https:\/\/yoast.com\/wordpress\/plugins\/seo\/ -->\n<title>GIOCO DI SEDUZIONE - NORA JUNE PEEBLES - ROMANCE AUTHOR<\/title>\n<meta name=\"description\" content=\"Gioco d&#039;intesa \u00e8 il terzo volume della serie Plan B, in cui STEM e sport romance si intrecciano in una storia d\u2019amore dirompente. Leggilo ora!\" \/>\n<meta name=\"robots\" content=\"index, follow, max-snippet:-1, max-image-preview:large, max-video-preview:-1\" \/>\n<link rel=\"canonical\" href=\"https:\/\/norajunepeebles.com\/?page_id=552\" \/>\n<meta property=\"og:locale\" content=\"en_US\" \/>\n<meta property=\"og:type\" content=\"article\" \/>\n<meta property=\"og:title\" content=\"GIOCO DI SEDUZIONE - NORA JUNE PEEBLES - ROMANCE AUTHOR\" \/>\n<meta property=\"og:description\" content=\"Gioco d&#039;intesa \u00e8 il terzo volume della serie Plan B, in cui STEM e sport romance si intrecciano in una storia d\u2019amore dirompente. Leggilo ora!\" \/>\n<meta property=\"og:url\" content=\"https:\/\/norajunepeebles.com\/?page_id=552\" \/>\n<meta property=\"og:site_name\" content=\"NORA JUNE PEEBLES - ROMANCE AUTHOR\" \/>\n<meta property=\"article:modified_time\" content=\"2025-03-17T13:58:51+00:00\" \/>\n<meta property=\"og:image\" content=\"https:\/\/norajunepeebles.com\/wp-content\/uploads\/2024\/11\/Blush-Wave-LinkedIn-Banner-17-1024x307.png\" \/>\n<meta name=\"twitter:card\" content=\"summary_large_image\" \/>\n<meta name=\"twitter:label1\" content=\"Est. reading time\" \/>\n\t<meta name=\"twitter:data1\" content=\"3 minutes\" \/>\n<script type=\"application\/ld+json\" class=\"yoast-schema-graph\">{\"@context\":\"https:\/\/schema.org\",\"@graph\":[{\"@type\":\"WebPage\",\"@id\":\"https:\/\/norajunepeebles.com\/?page_id=552\",\"url\":\"https:\/\/norajunepeebles.com\/?page_id=552\",\"name\":\"GIOCO DI SEDUZIONE - NORA JUNE PEEBLES - ROMANCE AUTHOR\",\"isPartOf\":{\"@id\":\"https:\/\/norajunepeebles.com\/#website\"},\"primaryImageOfPage\":{\"@id\":\"https:\/\/norajunepeebles.com\/?page_id=552#primaryimage\"},\"image\":{\"@id\":\"https:\/\/norajunepeebles.com\/?page_id=552#primaryimage\"},\"thumbnailUrl\":\"https:\/\/norajunepeebles.com\/wp-content\/uploads\/2024\/11\/Blush-Wave-LinkedIn-Banner-17-1024x307.png\",\"datePublished\":\"2024-11-05T07:47:00+00:00\",\"dateModified\":\"2025-03-17T13:58:51+00:00\",\"description\":\"Gioco d'intesa \u00e8 il terzo volume della serie Plan B, in cui STEM e sport romance si intrecciano in una storia d\u2019amore dirompente. Leggilo ora!\",\"breadcrumb\":{\"@id\":\"https:\/\/norajunepeebles.com\/?page_id=552#breadcrumb\"},\"inLanguage\":\"en-US\",\"potentialAction\":[{\"@type\":\"ReadAction\",\"target\":[\"https:\/\/norajunepeebles.com\/?page_id=552\"]}]},{\"@type\":\"ImageObject\",\"inLanguage\":\"en-US\",\"@id\":\"https:\/\/norajunepeebles.com\/?page_id=552#primaryimage\",\"url\":\"https:\/\/norajunepeebles.com\/wp-content\/uploads\/2024\/11\/Blush-Wave-LinkedIn-Banner-17.png\",\"contentUrl\":\"https:\/\/norajunepeebles.com\/wp-content\/uploads\/2024\/11\/Blush-Wave-LinkedIn-Banner-17.png\",\"width\":2000,\"height\":600},{\"@type\":\"BreadcrumbList\",\"@id\":\"https:\/\/norajunepeebles.com\/?page_id=552#breadcrumb\",\"itemListElement\":[{\"@type\":\"ListItem\",\"position\":1,\"name\":\"Home\",\"item\":\"https:\/\/norajunepeebles.com\/\"},{\"@type\":\"ListItem\",\"position\":2,\"name\":\"GIOCO DI SEDUZIONE\"}]},{\"@type\":\"WebSite\",\"@id\":\"https:\/\/norajunepeebles.com\/#website\",\"url\":\"https:\/\/norajunepeebles.com\/\",\"name\":\"NORA JUNE PEEBLES - ROMANCE AUTHOR\",\"description\":\"LOVE, HUMOUR AND A HAPPILY EVER AFTER\",\"publisher\":{\"@id\":\"https:\/\/norajunepeebles.com\/#organization\"},\"potentialAction\":[{\"@type\":\"SearchAction\",\"target\":{\"@type\":\"EntryPoint\",\"urlTemplate\":\"https:\/\/norajunepeebles.com\/?s={search_term_string}\"},\"query-input\":\"required name=search_term_string\"}],\"inLanguage\":\"en-US\"},{\"@type\":\"Organization\",\"@id\":\"https:\/\/norajunepeebles.com\/#organization\",\"name\":\"NORA JUNE PEEBLES - ROMANCE AUTHOR\",\"url\":\"https:\/\/norajunepeebles.com\/\",\"logo\":{\"@type\":\"ImageObject\",\"inLanguage\":\"en-US\",\"@id\":\"https:\/\/norajunepeebles.com\/#\/schema\/logo\/image\/\",\"url\":\"https:\/\/norajunepeebles.com\/wp-content\/uploads\/2024\/06\/cropped-Love-humour-and-a-happily-ever-after-4.png\",\"contentUrl\":\"https:\/\/norajunepeebles.com\/wp-content\/uploads\/2024\/06\/cropped-Love-humour-and-a-happily-ever-after-4.png\",\"width\":500,\"height\":363,\"caption\":\"NORA JUNE PEEBLES - ROMANCE AUTHOR\"},\"image\":{\"@id\":\"https:\/\/norajunepeebles.com\/#\/schema\/logo\/image\/\"}}]}<\/script>\n<!-- \/ Yoast SEO plugin. -->","yoast_head_json":{"title":"GIOCO DI SEDUZIONE - NORA JUNE PEEBLES - ROMANCE AUTHOR","description":"Gioco d'intesa \u00e8 il terzo volume della serie Plan B, in cui STEM e sport romance si intrecciano in una storia d\u2019amore dirompente. Leggilo ora!","robots":{"index":"index","follow":"follow","max-snippet":"max-snippet:-1","max-image-preview":"max-image-preview:large","max-video-preview":"max-video-preview:-1"},"canonical":"https:\/\/norajunepeebles.com\/?page_id=552","og_locale":"en_US","og_type":"article","og_title":"GIOCO DI SEDUZIONE - NORA JUNE PEEBLES - ROMANCE AUTHOR","og_description":"Gioco d'intesa \u00e8 il terzo volume della serie Plan B, in cui STEM e sport romance si intrecciano in una storia d\u2019amore dirompente. Leggilo ora!","og_url":"https:\/\/norajunepeebles.com\/?page_id=552","og_site_name":"NORA JUNE PEEBLES - ROMANCE AUTHOR","article_modified_time":"2025-03-17T13:58:51+00:00","og_image":[{"url":"https:\/\/norajunepeebles.com\/wp-content\/uploads\/2024\/11\/Blush-Wave-LinkedIn-Banner-17-1024x307.png"}],"twitter_card":"summary_large_image","twitter_misc":{"Est. reading time":"3 minutes"},"schema":{"@context":"https:\/\/schema.org","@graph":[{"@type":"WebPage","@id":"https:\/\/norajunepeebles.com\/?page_id=552","url":"https:\/\/norajunepeebles.com\/?page_id=552","name":"GIOCO DI SEDUZIONE - NORA JUNE PEEBLES - ROMANCE AUTHOR","isPartOf":{"@id":"https:\/\/norajunepeebles.com\/#website"},"primaryImageOfPage":{"@id":"https:\/\/norajunepeebles.com\/?page_id=552#primaryimage"},"image":{"@id":"https:\/\/norajunepeebles.com\/?page_id=552#primaryimage"},"thumbnailUrl":"https:\/\/norajunepeebles.com\/wp-content\/uploads\/2024\/11\/Blush-Wave-LinkedIn-Banner-17-1024x307.png","datePublished":"2024-11-05T07:47:00+00:00","dateModified":"2025-03-17T13:58:51+00:00","description":"Gioco d'intesa \u00e8 il terzo volume della serie Plan B, in cui STEM e sport romance si intrecciano in una storia d\u2019amore dirompente. Leggilo ora!","breadcrumb":{"@id":"https:\/\/norajunepeebles.com\/?page_id=552#breadcrumb"},"inLanguage":"en-US","potentialAction":[{"@type":"ReadAction","target":["https:\/\/norajunepeebles.com\/?page_id=552"]}]},{"@type":"ImageObject","inLanguage":"en-US","@id":"https:\/\/norajunepeebles.com\/?page_id=552#primaryimage","url":"https:\/\/norajunepeebles.com\/wp-content\/uploads\/2024\/11\/Blush-Wave-LinkedIn-Banner-17.png","contentUrl":"https:\/\/norajunepeebles.com\/wp-content\/uploads\/2024\/11\/Blush-Wave-LinkedIn-Banner-17.png","width":2000,"height":600},{"@type":"BreadcrumbList","@id":"https:\/\/norajunepeebles.com\/?page_id=552#breadcrumb","itemListElement":[{"@type":"ListItem","position":1,"name":"Home","item":"https:\/\/norajunepeebles.com\/"},{"@type":"ListItem","position":2,"name":"GIOCO DI SEDUZIONE"}]},{"@type":"WebSite","@id":"https:\/\/norajunepeebles.com\/#website","url":"https:\/\/norajunepeebles.com\/","name":"NORA JUNE PEEBLES - ROMANCE AUTHOR","description":"LOVE, HUMOUR AND A HAPPILY EVER AFTER","publisher":{"@id":"https:\/\/norajunepeebles.com\/#organization"},"potentialAction":[{"@type":"SearchAction","target":{"@type":"EntryPoint","urlTemplate":"https:\/\/norajunepeebles.com\/?s={search_term_string}"},"query-input":"required name=search_term_string"}],"inLanguage":"en-US"},{"@type":"Organization","@id":"https:\/\/norajunepeebles.com\/#organization","name":"NORA JUNE PEEBLES - ROMANCE AUTHOR","url":"https:\/\/norajunepeebles.com\/","logo":{"@type":"ImageObject","inLanguage":"en-US","@id":"https:\/\/norajunepeebles.com\/#\/schema\/logo\/image\/","url":"https:\/\/norajunepeebles.com\/wp-content\/uploads\/2024\/06\/cropped-Love-humour-and-a-happily-ever-after-4.png","contentUrl":"https:\/\/norajunepeebles.com\/wp-content\/uploads\/2024\/06\/cropped-Love-humour-and-a-happily-ever-after-4.png","width":500,"height":363,"caption":"NORA JUNE PEEBLES - ROMANCE AUTHOR"},"image":{"@id":"https:\/\/norajunepeebles.com\/#\/schema\/logo\/image\/"}}]}},"_links":{"self":[{"href":"https:\/\/norajunepeebles.com\/index.php?rest_route=\/wp\/v2\/pages\/552","targetHints":{"allow":["GET"]}}],"collection":[{"href":"https:\/\/norajunepeebles.com\/index.php?rest_route=\/wp\/v2\/pages"}],"about":[{"href":"https:\/\/norajunepeebles.com\/index.php?rest_route=\/wp\/v2\/types\/page"}],"author":[{"embeddable":true,"href":"https:\/\/norajunepeebles.com\/index.php?rest_route=\/wp\/v2\/users\/1"}],"replies":[{"embeddable":true,"href":"https:\/\/norajunepeebles.com\/index.php?rest_route=%2Fwp%2Fv2%2Fcomments&post=552"}],"version-history":[{"count":3,"href":"https:\/\/norajunepeebles.com\/index.php?rest_route=\/wp\/v2\/pages\/552\/revisions"}],"predecessor-version":[{"id":582,"href":"https:\/\/norajunepeebles.com\/index.php?rest_route=\/wp\/v2\/pages\/552\/revisions\/582"}],"wp:attachment":[{"href":"https:\/\/norajunepeebles.com\/index.php?rest_route=%2Fwp%2Fv2%2Fmedia&parent=552"}],"curies":[{"name":"wp","href":"https:\/\/api.w.org\/{rel}","templated":true}]}}