{"id":681,"date":"2025-06-30T15:31:43","date_gmt":"2025-06-30T15:31:43","guid":{"rendered":"https:\/\/norajunepeebles.com\/?page_id=681"},"modified":"2025-06-30T15:31:44","modified_gmt":"2025-06-30T15:31:44","slug":"materiale-guida-per-maghi","status":"publish","type":"page","link":"https:\/\/norajunepeebles.com\/?page_id=681","title":{"rendered":"MATERIALE GUIDA PER MAGHI"},"content":{"rendered":"\n<figure class=\"wp-block-image size-large is-resized\"><img loading=\"lazy\" decoding=\"async\" width=\"1024\" height=\"317\" src=\"https:\/\/norajunepeebles.com\/wp-content\/uploads\/2025\/06\/10-1024x317.png\" alt=\"\" class=\"wp-image-670\" style=\"width:1630px;height:auto\" srcset=\"https:\/\/norajunepeebles.com\/wp-content\/uploads\/2025\/06\/10-1024x317.png 1024w, https:\/\/norajunepeebles.com\/wp-content\/uploads\/2025\/06\/10-300x93.png 300w, https:\/\/norajunepeebles.com\/wp-content\/uploads\/2025\/06\/10-768x238.png 768w, https:\/\/norajunepeebles.com\/wp-content\/uploads\/2025\/06\/10-1536x475.png 1536w, https:\/\/norajunepeebles.com\/wp-content\/uploads\/2025\/06\/10-18x6.png 18w, https:\/\/norajunepeebles.com\/wp-content\/uploads\/2025\/06\/10-600x186.png 600w, https:\/\/norajunepeebles.com\/wp-content\/uploads\/2025\/06\/10.png 1940w\" sizes=\"auto, (max-width: 1024px) 100vw, 1024px\" \/><\/figure>\n\n\n\n<h2 class=\"wp-block-heading\">GUIDA PER MAGHI: COME SOPRAVVIVERE A UNA COINQUILINA FAE (SENZA INNAMORARSI)<\/h2>\n\n\n\n<p>Qui trovi il materiale influencer per GUIDA PER MAGHI: la scheda romanzo, un mini blurb, la descrizione Amazon e un estratto. Puoi trovare card e materiale promozionale <a href=\"https:\/\/norajunepeebles.com\/?page_id=361\">qui<\/a>.<\/p>\n\n\n\n<h4 class=\"wp-block-heading\">COZY FANTASY CON UN PIZZICO DI STEM ROMANCE<\/h4>\n\n\n\n<p><strong>Titolo:&nbsp;<\/strong><em>Guida per Maghi: come sopravvivere a una coinquilina Fae (senza innamorarsi)<\/em><\/p>\n\n\n\n<p><strong>Autore:&nbsp;<\/strong>Nora June Peebles<\/p>\n\n\n\n<p><strong>Genere:&nbsp;<\/strong>Cozy fantasy,&nbsp;Rom-com, con un pizzico di<strong>&nbsp;<\/strong>STEM Romance&nbsp;<\/p>\n\n\n\n<p><strong>Formato:&nbsp;<\/strong>ebook e cartaceo (paperback e hardcover), anche in abbonamento Kindle Unlimited<\/p>\n\n\n\n<p><strong>Costo:&nbsp;<\/strong>0.99 euro al lancio, poi 2.69 euro<\/p>\n\n\n\n<p><strong><u>Contatti di Nora:<\/u><\/strong><\/p>\n\n\n\n<p><strong>Sito web:&nbsp;<\/strong><a href=\"https:\/\/norajunepeebles.com\/\">https:\/\/norajunepeebles.com\/<\/a><\/p>\n\n\n\n<p><strong>Pagina Autore su Amazon:&nbsp;<\/strong><a href=\"https:\/\/www.amazon.it\/stores\/Nora-June-Peebles\/author\/B08R7HHN2M\">https:\/\/www.amazon.it\/stores\/Nora-June-Peebles\/author\/B08R7HHN2M<\/a><\/p>\n\n\n\n<p><strong>Pagina Facebook:&nbsp;<\/strong><a href=\"https:\/\/www.facebook.com\/norajpeebles\">https:\/\/www.facebook.com\/norajpeebles&nbsp;<\/a>;<\/p>\n\n\n\n<p><strong>TikTok, Instagram e Threads:&nbsp;<\/strong>norajunepeebles<\/p>\n\n\n\n<h5 class=\"wp-block-heading\"><strong>MINI BLURB:<\/strong><\/h5>\n\n\n\n<p><strong>Cosa succede quando una Fae spumeggiante e amante dei brillantini si trasferisce a casa di un Mago condannato per crimini di guerra?\u00a0Tra muffe melmose senzienti, incantesimi e battibecchi&#8230; potrebbe scapparci l&#8217;amore.<\/strong><\/p>\n\n\n\n<h5 class=\"wp-block-heading\"><strong>TRAMA E DESCRIZIONE AMAZON:<\/strong><\/h5>\n\n\n\n<p><strong>Cosa succede quando una Fae spumeggiante e amante dei brillantini si trasferisce a casa di un Mago condannato per crimini di guerra?<\/strong><\/p>\n\n\n\n<p><em>Lui vuole solitudine.<\/em><\/p>\n\n\n\n<p><em>Lei vuole dati.<\/em><\/p>\n\n\n\n<p>Nessuno dei due \u00e8 pronto alla convivenza che li attende.<\/p>\n\n\n\n<p>LUCIEN STORMRUNE \u00e8 uno dei maghi pi\u00f9 potenti di tutti i tempi. Condannato a restare prigioniero nel suo maniero per l\u2019eternit\u00e0, non riceve visitatori, e di sicuro non sta cercando una coinquilina.<\/p>\n\n\n\n<p>Peccato che a PRIMROSE \u201cROSE\u201d EVERMORE non importi e se la ritrovi sempre tra i piedi. Determinata a finire la sua tesi di dottorato sulle muffe melmose senzienti che abitano nell\u2019antica dimora degli Stormrune, Rose \u00e8 una Fae caotica, curiosa e senza rispetto per le porte sigillate\u2014n\u00e9 per lo spazio personale.<\/p>\n\n\n\n<p>Ma tra incantesimi sbagliati, vecchi segreti e sigilli violati&#8230; potrebbe scapparci un\u2019irresistibile storia d\u2019amore.<\/p>\n\n\n\n<p><strong>Una maledizione antica. Un mago scontroso. Una Fae dai capelli che cambiano colore. Una muffa melmosa senziente appassionata di vecchi libri.<\/strong><\/p>\n\n\n\n<p><em>Cosa potrebbe mai andare storto?<\/em><\/p>\n\n\n\n<p><em>Attenzione<\/em>: contiene pasticci magici in cucina, libri proibiti, baci rubati e una quantit\u00e0 irragionevole di glitter.<\/p>\n\n\n\n<p><em>Spoiler:<\/em>&nbsp;se pensate che convivere con una Fae che dipinge unicorni sia complicato, provate a farlo con un genio sarcastico che ha visto di peggio e un gatto-ombra che vi giudica senza piet\u00e0.<\/p>\n\n\n\n<p>(E s\u00ec, c\u2019\u00e8 un solo letto. Mi ringrazierete dopo.)<\/p>\n\n\n\n<h5 class=\"wp-block-heading\">ESTRATTO<\/h5>\n\n\n\n<p>Si appoggia allo schienale della poltrona, tenendo ancora il libro aperto in mano. \u00abAllora, vuoi la guerra?\u00bb<\/p>\n\n\n\n<p>\u00abCredo che il termine tecnico sia&nbsp;<em>escalation<\/em>.\u00bb<\/p>\n\n\n\n<p>\u00abSpero che tu sia preparata, Miss Evermore.\u00bb Il suo sorriso \u00e8 composto, ed esasperante. \u00abHo una biblioteca ben fornita, come credo che tu abbia notato.\u00bb<\/p>\n\n\n\n<p>Non sto arrossendo. Brillo dall\u2019interno come una lanterna magica.<\/p>\n\n\n\n<p>Lucien si alza lentamente e si avvicina, abbassando la voce fino a che non \u00e8 pi\u00f9 che un sussurro sensuale. Il marchio che gli \u00e8 stato impresso sul petto pulsa di una luce rossastra, e non posso non vederlo, dato che \u00e8 all\u2019altezza dei miei occhi. \u00abDimmi, Rose, stai forse chiedendo una dimostrazione pratica?\u00bb<\/p>\n\n\n\n<p>\u00abIl mio interesse \u00e8 puramente accademico,\u00bb rispondo, riuscendo a non implodere dall\u2019imbarazzo.<\/p>\n\n\n\n<p><\/p>\n","protected":false},"excerpt":{"rendered":"<p>GUIDA PER MAGHI: COME SOPRAVVIVERE A UNA COINQUILINA FAE (SENZA INNAMORARSI) Qui trovi il materiale influencer per GUIDA PER MAGHI: la scheda romanzo, un mini blurb, la descrizione Amazon e un estratto. Puoi trovare card e materiale promozionale qui. COZY FANTASY CON UN PIZZICO DI STEM ROMANCE Titolo:&nbsp;Guida per Maghi: come sopravvivere a una coinquilina&#8230;<\/p>\n","protected":false},"author":1,"featured_media":0,"parent":0,"menu_order":0,"comment_status":"closed","ping_status":"closed","template":"","meta":{"_themeisle_gutenberg_block_has_review":false,"_kadence_starter_templates_imported_post":false,"_kad_post_transparent":"","_kad_post_title":"","_kad_post_layout":"","_kad_post_sidebar_id":"","_kad_post_content_style":"","_kad_post_vertical_padding":"","_kad_post_feature":"","_kad_post_feature_position":"","_kad_post_header":false,"_kad_post_footer":false,"footnotes":""},"class_list":["post-681","page","type-page","status-publish","hentry"],"yoast_head":"<!-- This site is optimized with the Yoast SEO plugin v22.8 - https:\/\/yoast.com\/wordpress\/plugins\/seo\/ -->\n<title>MATERIALE GUIDA PER MAGHI - NORA JUNE PEEBLES - ROMANCE AUTHOR<\/title>\n<meta name=\"description\" content=\"Nora June Peebles \u00e8 un&#039;autrice italiana di romanzi rosa, romantasy e fantasy. Qui trovi il materiale per gli influencer per Guida per maghi.\" \/>\n<meta name=\"robots\" content=\"index, follow, max-snippet:-1, max-image-preview:large, max-video-preview:-1\" \/>\n<link rel=\"canonical\" href=\"https:\/\/norajunepeebles.com\/?page_id=681\" \/>\n<meta property=\"og:locale\" content=\"en_US\" \/>\n<meta property=\"og:type\" content=\"article\" \/>\n<meta property=\"og:title\" content=\"MATERIALE GUIDA PER MAGHI - NORA JUNE PEEBLES - ROMANCE AUTHOR\" \/>\n<meta property=\"og:description\" content=\"Nora June Peebles \u00e8 un&#039;autrice italiana di romanzi rosa, romantasy e fantasy. Qui trovi il materiale per gli influencer per Guida per maghi.\" \/>\n<meta property=\"og:url\" content=\"https:\/\/norajunepeebles.com\/?page_id=681\" \/>\n<meta property=\"og:site_name\" content=\"NORA JUNE PEEBLES - ROMANCE AUTHOR\" \/>\n<meta property=\"article:modified_time\" content=\"2025-06-30T15:31:44+00:00\" \/>\n<meta property=\"og:image\" content=\"https:\/\/norajunepeebles.com\/wp-content\/uploads\/2025\/06\/10-1024x317.png\" \/>\n<meta name=\"twitter:card\" content=\"summary_large_image\" \/>\n<meta name=\"twitter:label1\" content=\"Est. reading time\" \/>\n\t<meta name=\"twitter:data1\" content=\"3 minutes\" \/>\n<script type=\"application\/ld+json\" class=\"yoast-schema-graph\">{\"@context\":\"https:\/\/schema.org\",\"@graph\":[{\"@type\":\"WebPage\",\"@id\":\"https:\/\/norajunepeebles.com\/?page_id=681\",\"url\":\"https:\/\/norajunepeebles.com\/?page_id=681\",\"name\":\"MATERIALE GUIDA PER MAGHI - NORA JUNE PEEBLES - ROMANCE AUTHOR\",\"isPartOf\":{\"@id\":\"https:\/\/norajunepeebles.com\/#website\"},\"primaryImageOfPage\":{\"@id\":\"https:\/\/norajunepeebles.com\/?page_id=681#primaryimage\"},\"image\":{\"@id\":\"https:\/\/norajunepeebles.com\/?page_id=681#primaryimage\"},\"thumbnailUrl\":\"https:\/\/norajunepeebles.com\/wp-content\/uploads\/2025\/06\/10-1024x317.png\",\"datePublished\":\"2025-06-30T15:31:43+00:00\",\"dateModified\":\"2025-06-30T15:31:44+00:00\",\"description\":\"Nora June Peebles \u00e8 un'autrice italiana di romanzi rosa, romantasy e fantasy. Qui trovi il materiale per gli influencer per Guida per maghi.\",\"breadcrumb\":{\"@id\":\"https:\/\/norajunepeebles.com\/?page_id=681#breadcrumb\"},\"inLanguage\":\"en-US\",\"potentialAction\":[{\"@type\":\"ReadAction\",\"target\":[\"https:\/\/norajunepeebles.com\/?page_id=681\"]}]},{\"@type\":\"ImageObject\",\"inLanguage\":\"en-US\",\"@id\":\"https:\/\/norajunepeebles.com\/?page_id=681#primaryimage\",\"url\":\"https:\/\/norajunepeebles.com\/wp-content\/uploads\/2025\/06\/10.png\",\"contentUrl\":\"https:\/\/norajunepeebles.com\/wp-content\/uploads\/2025\/06\/10.png\",\"width\":1940,\"height\":600},{\"@type\":\"BreadcrumbList\",\"@id\":\"https:\/\/norajunepeebles.com\/?page_id=681#breadcrumb\",\"itemListElement\":[{\"@type\":\"ListItem\",\"position\":1,\"name\":\"Home\",\"item\":\"https:\/\/norajunepeebles.com\/\"},{\"@type\":\"ListItem\",\"position\":2,\"name\":\"MATERIALE GUIDA PER MAGHI\"}]},{\"@type\":\"WebSite\",\"@id\":\"https:\/\/norajunepeebles.com\/#website\",\"url\":\"https:\/\/norajunepeebles.com\/\",\"name\":\"NORA JUNE PEEBLES - ROMANCE AUTHOR\",\"description\":\"LOVE, HUMOUR AND A HAPPILY EVER AFTER\",\"publisher\":{\"@id\":\"https:\/\/norajunepeebles.com\/#organization\"},\"potentialAction\":[{\"@type\":\"SearchAction\",\"target\":{\"@type\":\"EntryPoint\",\"urlTemplate\":\"https:\/\/norajunepeebles.com\/?s={search_term_string}\"},\"query-input\":\"required name=search_term_string\"}],\"inLanguage\":\"en-US\"},{\"@type\":\"Organization\",\"@id\":\"https:\/\/norajunepeebles.com\/#organization\",\"name\":\"NORA JUNE PEEBLES - ROMANCE AUTHOR\",\"url\":\"https:\/\/norajunepeebles.com\/\",\"logo\":{\"@type\":\"ImageObject\",\"inLanguage\":\"en-US\",\"@id\":\"https:\/\/norajunepeebles.com\/#\/schema\/logo\/image\/\",\"url\":\"https:\/\/norajunepeebles.com\/wp-content\/uploads\/2024\/06\/cropped-Love-humour-and-a-happily-ever-after-4.png\",\"contentUrl\":\"https:\/\/norajunepeebles.com\/wp-content\/uploads\/2024\/06\/cropped-Love-humour-and-a-happily-ever-after-4.png\",\"width\":500,\"height\":363,\"caption\":\"NORA JUNE PEEBLES - ROMANCE AUTHOR\"},\"image\":{\"@id\":\"https:\/\/norajunepeebles.com\/#\/schema\/logo\/image\/\"}}]}<\/script>\n<!-- \/ Yoast SEO plugin. -->","yoast_head_json":{"title":"MATERIALE GUIDA PER MAGHI - NORA JUNE PEEBLES - ROMANCE AUTHOR","description":"Nora June Peebles \u00e8 un'autrice italiana di romanzi rosa, romantasy e fantasy. Qui trovi il materiale per gli influencer per Guida per maghi.","robots":{"index":"index","follow":"follow","max-snippet":"max-snippet:-1","max-image-preview":"max-image-preview:large","max-video-preview":"max-video-preview:-1"},"canonical":"https:\/\/norajunepeebles.com\/?page_id=681","og_locale":"en_US","og_type":"article","og_title":"MATERIALE GUIDA PER MAGHI - NORA JUNE PEEBLES - ROMANCE AUTHOR","og_description":"Nora June Peebles \u00e8 un'autrice italiana di romanzi rosa, romantasy e fantasy. Qui trovi il materiale per gli influencer per Guida per maghi.","og_url":"https:\/\/norajunepeebles.com\/?page_id=681","og_site_name":"NORA JUNE PEEBLES - ROMANCE AUTHOR","article_modified_time":"2025-06-30T15:31:44+00:00","og_image":[{"url":"https:\/\/norajunepeebles.com\/wp-content\/uploads\/2025\/06\/10-1024x317.png"}],"twitter_card":"summary_large_image","twitter_misc":{"Est. reading time":"3 minutes"},"schema":{"@context":"https:\/\/schema.org","@graph":[{"@type":"WebPage","@id":"https:\/\/norajunepeebles.com\/?page_id=681","url":"https:\/\/norajunepeebles.com\/?page_id=681","name":"MATERIALE GUIDA PER MAGHI - NORA JUNE PEEBLES - ROMANCE AUTHOR","isPartOf":{"@id":"https:\/\/norajunepeebles.com\/#website"},"primaryImageOfPage":{"@id":"https:\/\/norajunepeebles.com\/?page_id=681#primaryimage"},"image":{"@id":"https:\/\/norajunepeebles.com\/?page_id=681#primaryimage"},"thumbnailUrl":"https:\/\/norajunepeebles.com\/wp-content\/uploads\/2025\/06\/10-1024x317.png","datePublished":"2025-06-30T15:31:43+00:00","dateModified":"2025-06-30T15:31:44+00:00","description":"Nora June Peebles \u00e8 un'autrice italiana di romanzi rosa, romantasy e fantasy. Qui trovi il materiale per gli influencer per Guida per maghi.","breadcrumb":{"@id":"https:\/\/norajunepeebles.com\/?page_id=681#breadcrumb"},"inLanguage":"en-US","potentialAction":[{"@type":"ReadAction","target":["https:\/\/norajunepeebles.com\/?page_id=681"]}]},{"@type":"ImageObject","inLanguage":"en-US","@id":"https:\/\/norajunepeebles.com\/?page_id=681#primaryimage","url":"https:\/\/norajunepeebles.com\/wp-content\/uploads\/2025\/06\/10.png","contentUrl":"https:\/\/norajunepeebles.com\/wp-content\/uploads\/2025\/06\/10.png","width":1940,"height":600},{"@type":"BreadcrumbList","@id":"https:\/\/norajunepeebles.com\/?page_id=681#breadcrumb","itemListElement":[{"@type":"ListItem","position":1,"name":"Home","item":"https:\/\/norajunepeebles.com\/"},{"@type":"ListItem","position":2,"name":"MATERIALE GUIDA PER MAGHI"}]},{"@type":"WebSite","@id":"https:\/\/norajunepeebles.com\/#website","url":"https:\/\/norajunepeebles.com\/","name":"NORA JUNE PEEBLES - ROMANCE AUTHOR","description":"LOVE, HUMOUR AND A HAPPILY EVER AFTER","publisher":{"@id":"https:\/\/norajunepeebles.com\/#organization"},"potentialAction":[{"@type":"SearchAction","target":{"@type":"EntryPoint","urlTemplate":"https:\/\/norajunepeebles.com\/?s={search_term_string}"},"query-input":"required name=search_term_string"}],"inLanguage":"en-US"},{"@type":"Organization","@id":"https:\/\/norajunepeebles.com\/#organization","name":"NORA JUNE PEEBLES - ROMANCE AUTHOR","url":"https:\/\/norajunepeebles.com\/","logo":{"@type":"ImageObject","inLanguage":"en-US","@id":"https:\/\/norajunepeebles.com\/#\/schema\/logo\/image\/","url":"https:\/\/norajunepeebles.com\/wp-content\/uploads\/2024\/06\/cropped-Love-humour-and-a-happily-ever-after-4.png","contentUrl":"https:\/\/norajunepeebles.com\/wp-content\/uploads\/2024\/06\/cropped-Love-humour-and-a-happily-ever-after-4.png","width":500,"height":363,"caption":"NORA JUNE PEEBLES - ROMANCE AUTHOR"},"image":{"@id":"https:\/\/norajunepeebles.com\/#\/schema\/logo\/image\/"}}]}},"_links":{"self":[{"href":"https:\/\/norajunepeebles.com\/index.php?rest_route=\/wp\/v2\/pages\/681","targetHints":{"allow":["GET"]}}],"collection":[{"href":"https:\/\/norajunepeebles.com\/index.php?rest_route=\/wp\/v2\/pages"}],"about":[{"href":"https:\/\/norajunepeebles.com\/index.php?rest_route=\/wp\/v2\/types\/page"}],"author":[{"embeddable":true,"href":"https:\/\/norajunepeebles.com\/index.php?rest_route=\/wp\/v2\/users\/1"}],"replies":[{"embeddable":true,"href":"https:\/\/norajunepeebles.com\/index.php?rest_route=%2Fwp%2Fv2%2Fcomments&post=681"}],"version-history":[{"count":2,"href":"https:\/\/norajunepeebles.com\/index.php?rest_route=\/wp\/v2\/pages\/681\/revisions"}],"predecessor-version":[{"id":740,"href":"https:\/\/norajunepeebles.com\/index.php?rest_route=\/wp\/v2\/pages\/681\/revisions\/740"}],"wp:attachment":[{"href":"https:\/\/norajunepeebles.com\/index.php?rest_route=%2Fwp%2Fv2%2Fmedia&parent=681"}],"curies":[{"name":"wp","href":"https:\/\/api.w.org\/{rel}","templated":true}]}}