{"id":693,"date":"2025-07-16T15:42:06","date_gmt":"2025-07-16T15:42:06","guid":{"rendered":"https:\/\/norajunepeebles.com\/?page_id=693"},"modified":"2025-12-19T07:12:06","modified_gmt":"2025-12-19T07:12:06","slug":"cozy-fantasy","status":"publish","type":"page","link":"https:\/\/norajunepeebles.com\/?page_id=693","title":{"rendered":"GUIDA PER MAGHI: COME SOPRAVVIVERE A UNA COINQUILINA FAE (SENZA INNAMORARSI)"},"content":{"rendered":"\n<figure class=\"wp-block-image size-large is-resized\"><img loading=\"lazy\" decoding=\"async\" width=\"1024\" height=\"317\" src=\"https:\/\/norajunepeebles.com\/wp-content\/uploads\/2025\/07\/GDI-A-Content-4-1024x317.png\" alt=\"\" class=\"wp-image-688\" style=\"width:1630px;height:auto\" srcset=\"https:\/\/norajunepeebles.com\/wp-content\/uploads\/2025\/07\/GDI-A-Content-4-1024x317.png 1024w, https:\/\/norajunepeebles.com\/wp-content\/uploads\/2025\/07\/GDI-A-Content-4-300x93.png 300w, https:\/\/norajunepeebles.com\/wp-content\/uploads\/2025\/07\/GDI-A-Content-4-768x238.png 768w, https:\/\/norajunepeebles.com\/wp-content\/uploads\/2025\/07\/GDI-A-Content-4-1536x475.png 1536w, https:\/\/norajunepeebles.com\/wp-content\/uploads\/2025\/07\/GDI-A-Content-4-18x6.png 18w, https:\/\/norajunepeebles.com\/wp-content\/uploads\/2025\/07\/GDI-A-Content-4-600x186.png 600w, https:\/\/norajunepeebles.com\/wp-content\/uploads\/2025\/07\/GDI-A-Content-4.png 1940w\" sizes=\"auto, (max-width: 1024px) 100vw, 1024px\" \/><\/figure>\n\n\n\n<div class=\"wp-block-columns is-layout-flex wp-container-core-columns-is-layout-9d6595d7 wp-block-columns-is-layout-flex\">\n<div class=\"wp-block-column is-layout-flow wp-block-column-is-layout-flow\">\n<h3 class=\"wp-block-heading\">GUIDA PER MAGHI: COME SOPRAVVIVERE A UNA COINQUILINA FAE (SENZA INNAMORARSI)<\/h3>\n\n\n\n<h3 class=\"wp-block-heading\">COZY FANTASY ROM-COM con un pizzico di STEM romance<\/h3>\n\n\n\n<p>Una frizzante commedia romantica cozy fantasy che vi far\u00e0 ridere e sognare!<\/p>\n\n\n\n<p><strong>Un mago scontroso, condannato a vivere confinato nel suo maniero per l&#8217;eternit\u00e0, non ha certo bisogno di coinquilini. Peccato che si ritrovi tra i piedi una spumeggiante Fae amante del glitter, determinata a scrivere una tesi di dottorato sulle muffe melmose senzienti che infestano Lula sua dimora. Ma tra incantesimi e segreti, quella convivenza all&#8217;apparenza impossibile rischia di trasformarsi in qualcosa di molto pi\u00f9 pericoloso&#8230; un&#8217;irresistibile storia d&#8217;amore.<\/strong><\/p>\n\n\n\n<div class=\"wp-block-buttons is-layout-flex wp-block-buttons-is-layout-flex\">\n<div class=\"wp-block-button\"><a class=\"wp-block-button__link wp-element-button\" href=\"https:\/\/www.amazon.it\/dp\/B0FL2GNV1Y\/\">Leggi <em>Guida per Maghi<\/em><\/a><\/div>\n<\/div>\n\n\n\n<h3 class=\"wp-block-heading\">PROTAGONISTI E TROPE PRINCIPALI<\/h3>\n\n\n\n<p>Un mago tormentato e prigioniero \/ Una scienziata Fae amante dei glitter e dell\u2019arte<br>GENERE: Commedia romantica, cozy fantasy, romantasy, STEM romance<br>TROPES: grumpy vs. sunshine, opposites attract, forced proximity, slowburn<br>DOPPIO POV<\/p>\n\n\n\n<p><\/p>\n<\/div>\n\n\n\n<div class=\"wp-block-column is-layout-flow wp-block-column-is-layout-flow\">\n<figure class=\"wp-block-image size-large\"><img loading=\"lazy\" decoding=\"async\" width=\"1024\" height=\"944\" src=\"https:\/\/norajunepeebles.com\/wp-content\/uploads\/2025\/07\/1751285572-1024x944.png\" alt=\"\" class=\"wp-image-690\" srcset=\"https:\/\/norajunepeebles.com\/wp-content\/uploads\/2025\/07\/1751285572-1024x944.png 1024w, https:\/\/norajunepeebles.com\/wp-content\/uploads\/2025\/07\/1751285572-300x277.png 300w, https:\/\/norajunepeebles.com\/wp-content\/uploads\/2025\/07\/1751285572-768x708.png 768w, https:\/\/norajunepeebles.com\/wp-content\/uploads\/2025\/07\/1751285572-13x12.png 13w, https:\/\/norajunepeebles.com\/wp-content\/uploads\/2025\/07\/1751285572-600x553.png 600w, https:\/\/norajunepeebles.com\/wp-content\/uploads\/2025\/07\/1751285572.png 1500w\" sizes=\"auto, (max-width: 1024px) 100vw, 1024px\" \/><\/figure>\n<\/div>\n<\/div>\n\n\n\n<h3 class=\"wp-block-heading\"><strong>Cosa ti aspetta<\/strong><\/h3>\n\n\n\n<p><strong>Cosa succede quando una Fae spumeggiante e amante dei brillantini si trasferisce a casa di un Mago condannato per crimini di guerra?<\/strong><\/p>\n\n\n\n<p><em>Lui vuole solitudine.<\/em><\/p>\n\n\n\n<p><em>Lei vuole dati.<\/em><\/p>\n\n\n\n<p>Nessuno dei due \u00e8 pronto alla convivenza che li attende.<\/p>\n\n\n\n<p>LUCIEN STORMRUNE \u00e8 uno dei maghi pi\u00f9 potenti di tutti i tempi. Condannato a restare prigioniero nel suo maniero per l\u2019eternit\u00e0, non riceve visitatori, e di sicuro non sta cercando una coinquilina.<\/p>\n\n\n\n<p>Peccato che a PRIMROSE \u201cROSE\u201d EVERMORE non importi e se la ritrovi sempre tra i piedi. Determinata a finire la sua tesi di dottorato sulle muffe melmose senzienti che abitano nell\u2019antica dimora degli Stormrune, Rose \u00e8 una Fae caotica, curiosa e senza rispetto per le porte sigillate\u2014n\u00e9 per lo spazio personale.<\/p>\n\n\n\n<p>Ma tra incantesimi sbagliati, vecchi segreti e sigilli violati\u2026 potrebbe scapparci un\u2019irresistibile storia d\u2019amore.<\/p>\n\n\n\n<p><strong>Una maledizione antica. Un mago scontroso. Una Fae dai capelli che cambiano colore. Una muffa melmosa senziente appassionata di vecchi libri.<\/strong><\/p>\n\n\n\n<p><em>Cosa potrebbe mai andare storto?<\/em><\/p>\n\n\n\n<p><em>Attenzione<\/em>: contiene pasticci magici in cucina, libri proibiti, baci rubati e una quantit\u00e0 irragionevole di glitter.<\/p>\n\n\n\n<p><em>Spoiler:<\/em>&nbsp;se pensate che convivere con una Fae che dipinge unicorni sia complicato, provate a farlo con un genio sarcastico che ha visto di peggio e un gatto-ombra che vi giudica senza piet\u00e0.<\/p>\n\n\n\n<p>(E s\u00ec, c\u2019\u00e8 un solo letto. Mi ringrazierete dopo.)<\/p>\n\n\n\n<h2 class=\"wp-block-heading\">I PROTAGONISTI DI GUIDA PER MAGHI<\/h2>\n\n\n\n<div class=\"wp-block-columns is-layout-flex wp-container-core-columns-is-layout-9d6595d7 wp-block-columns-is-layout-flex\">\n<div class=\"wp-block-column is-layout-flow wp-block-column-is-layout-flow\">\n<figure class=\"wp-block-image size-full\"><img loading=\"lazy\" decoding=\"async\" width=\"940\" height=\"788\" src=\"https:\/\/norajunepeebles.com\/wp-content\/uploads\/2025\/07\/Pink-Facebook-Post-3.png\" alt=\"\" class=\"wp-image-694\" srcset=\"https:\/\/norajunepeebles.com\/wp-content\/uploads\/2025\/07\/Pink-Facebook-Post-3.png 940w, https:\/\/norajunepeebles.com\/wp-content\/uploads\/2025\/07\/Pink-Facebook-Post-3-300x251.png 300w, https:\/\/norajunepeebles.com\/wp-content\/uploads\/2025\/07\/Pink-Facebook-Post-3-768x644.png 768w, https:\/\/norajunepeebles.com\/wp-content\/uploads\/2025\/07\/Pink-Facebook-Post-3-14x12.png 14w, https:\/\/norajunepeebles.com\/wp-content\/uploads\/2025\/07\/Pink-Facebook-Post-3-600x503.png 600w\" sizes=\"auto, (max-width: 940px) 100vw, 940px\" \/><\/figure>\n<\/div>\n\n\n\n<div class=\"wp-block-column is-layout-flow wp-block-column-is-layout-flow\">\n<figure class=\"wp-block-image size-full\"><img loading=\"lazy\" decoding=\"async\" width=\"940\" height=\"788\" src=\"https:\/\/norajunepeebles.com\/wp-content\/uploads\/2025\/07\/Pink-Facebook-Post-2.png\" alt=\"\" class=\"wp-image-695\" srcset=\"https:\/\/norajunepeebles.com\/wp-content\/uploads\/2025\/07\/Pink-Facebook-Post-2.png 940w, https:\/\/norajunepeebles.com\/wp-content\/uploads\/2025\/07\/Pink-Facebook-Post-2-300x251.png 300w, https:\/\/norajunepeebles.com\/wp-content\/uploads\/2025\/07\/Pink-Facebook-Post-2-768x644.png 768w, https:\/\/norajunepeebles.com\/wp-content\/uploads\/2025\/07\/Pink-Facebook-Post-2-14x12.png 14w, https:\/\/norajunepeebles.com\/wp-content\/uploads\/2025\/07\/Pink-Facebook-Post-2-600x503.png 600w\" sizes=\"auto, (max-width: 940px) 100vw, 940px\" \/><\/figure>\n<\/div>\n<\/div>\n\n\n\n<div class=\"wp-block-columns is-layout-flex wp-container-core-columns-is-layout-9d6595d7 wp-block-columns-is-layout-flex\">\n<div class=\"wp-block-column is-layout-flow wp-block-column-is-layout-flow\">\n<p class=\"has-text-align-center\"><strong>LUCIEN STORMRUNE<\/strong><\/p>\n\n\n\n<p class=\"has-text-align-center\">Condannato per crimini indicibili a essere prigioniero del suo maniero per l&#8217;eternit\u00e0<\/p>\n\n\n\n<p class=\"has-text-align-center\">Ha un gatto-ombra come famiglio e un genio sarcastico come maggiordomo<\/p>\n\n\n\n<p class=\"has-text-align-center\">Suona il violino in una stanza fatata, chiamata la Volta delle Stelle<\/p>\n\n\n\n<p class=\"has-text-align-center\">Possiede una collezione di libri&#8230; poco usuale<\/p>\n\n\n\n<p class=\"has-text-align-center\">\u00c8 irritato da Rose e dal suo entusiasmo<\/p>\n\n\n\n<p class=\"has-text-align-center\">Fa giardinaggio a torso nudo<\/p>\n<\/div>\n\n\n\n<div class=\"wp-block-column is-layout-flow wp-block-column-is-layout-flow\">\n<p class=\"has-text-align-center\"><strong>PRIMROSE &#8220;ROSE&#8221; EVERMORE<\/strong><\/p>\n\n\n\n<p class=\"has-text-align-center\">\u00c8 intenzionata a concludere la sua tesi di dottorato sulle muffe melmose senzienti<\/p>\n\n\n\n<p class=\"has-text-align-center\">\u00c8 possibile che Lucien la faccia arrossire ogni volta che lo incontra&nbsp;<\/p>\n\n\n\n<p class=\"has-text-align-center\">(ma succede solo perch\u00e9 lui tende a starle troppo vicino)<\/p>\n\n\n\n<p class=\"has-text-align-center\">Crede nel potere delle affermazioni positive<\/p>\n\n\n\n<p class=\"has-text-align-center\">Sparge glitter ovunque vada&nbsp;<\/p>\n\n\n\n<p class=\"has-text-align-center\">Ama dipingere unicorni<\/p>\n<\/div>\n<\/div>\n\n\n\n<h2 class=\"wp-block-heading\">UN ESTRATTO DI GUIDA PER MAGHI<\/h2>\n\n\n\n<p>Si appoggia allo schienale della poltrona, tenendo ancora il libro aperto in mano. \u00abAllora, vuoi la guerra?\u00bb<\/p>\n\n\n\n<p>\u00abCredo che il termine tecnico sia&nbsp;<em>escalation<\/em>.\u00bb<\/p>\n\n\n\n<p>\u00abSpero che tu sia preparata, Miss Evermore.\u00bb Il suo sorriso \u00e8 composto, ed esasperante. \u00abHo una biblioteca ben fornita, come credo che tu abbia notato.\u00bb<\/p>\n\n\n\n<p>Non sto arrossendo. Brillo dall&#8217;interno come una lanterna magica.<\/p>\n\n\n\n<p>Lucien si alza lentamente e si avvicina, abbassando la voce fino a che non \u00e8 pi\u00f9 che un sussurro sensuale. Il marchio che gli \u00e8 stato impresso sul petto pulsa di una luce rossastra, e non posso non vederlo, dato che \u00e8 all&#8217;altezza dei miei occhi. \u00abDimmi, Rose, stai forse chiedendo una dimostrazione pratica?\u00bb<\/p>\n\n\n\n<p>\u00abIl mio interesse \u00e8 puramente accademico,\u00bb rispondo, riuscendo a non implodere dall&#8217;imbarazzo.<\/p>\n\n\n\n<h2 class=\"wp-block-heading\">SCOPRI I MIEI ROMANZI<\/h2>\n\n\n\n<h3 class=\"wp-block-heading\">CONTEMPORARY, STEM &amp; SPORT ROMANCE<\/h3>\n\n\n\n<p>Hai letto <em>Guida per Maghi<\/em> e vuoi conoscere altre mie storie? Trovi <a href=\"https:\/\/www.amazon.it\/stores\/Nora-June-Peebles\/author\/B08R7HHN2M\">qui<\/a> la pagina Amazon con tutti i miei romanzi e <a href=\"https:\/\/norajunepeebles.com\/?page_id=70\">qui<\/a> la pagina loro dedicata sul mio sito.<\/p>\n\n\n\n<p>Sei alla ricerca di una serie? Trovi <a href=\"https:\/\/norajunepeebles.com\/?page_id=265\">qui<\/a> i romanzi della serie PLAN B.<\/p>\n\n\n\n<p>Immergiti in una serie indimenticabile in cui amore dirompente, passione e amicizia si mescolano in un connubio unico. La serie&nbsp;PLAN B&nbsp;combina gli amatissimi generi STEM e sport romance.<\/p>\n\n\n\n<p>Tutti i romanzi della serie sono FM, con l\u2019unica eccezione di&nbsp;<em>Le regole del gioco<\/em>, in cui trovi una coppia MM e bi rep.<\/p>\n\n\n\n<div class=\"wp-block-buttons is-layout-flex wp-block-buttons-is-layout-flex\">\n<div class=\"wp-block-button\"><a class=\"wp-block-button__link wp-element-button\" href=\"https:\/\/norajunepeebles.com\/?page_id=265\">Scopri tutti i romanzi della serie PLAN B<\/a><\/div>\n<\/div>\n\n\n\n<h2 class=\"wp-block-heading\">ESPLORA IL NORAVERSE<\/h2>\n\n\n\n<p><em>Guida per Maghi<\/em> ti ha incuriosita e vuoi esplorare il Noraverse? Trovi <a href=\"https:\/\/norajunepeebles.com\/?page_id=346\">qui<\/a> uno spazio dedicato alle mie lettrici.<br><\/p>\n","protected":false},"excerpt":{"rendered":"<p>GUIDA PER MAGHI: COME SOPRAVVIVERE A UNA COINQUILINA FAE (SENZA INNAMORARSI) COZY FANTASY ROM-COM con un pizzico di STEM romance Una frizzante commedia romantica cozy fantasy che vi far\u00e0 ridere e sognare! Un mago scontroso, condannato a vivere confinato nel suo maniero per l&#8217;eternit\u00e0, non ha certo bisogno di coinquilini. Peccato che si ritrovi tra&#8230;<\/p>\n","protected":false},"author":1,"featured_media":0,"parent":0,"menu_order":0,"comment_status":"closed","ping_status":"closed","template":"","meta":{"_themeisle_gutenberg_block_has_review":false,"_kadence_starter_templates_imported_post":false,"_kad_post_transparent":"","_kad_post_title":"","_kad_post_layout":"","_kad_post_sidebar_id":"","_kad_post_content_style":"","_kad_post_vertical_padding":"","_kad_post_feature":"","_kad_post_feature_position":"","_kad_post_header":false,"_kad_post_footer":false,"footnotes":""},"class_list":["post-693","page","type-page","status-publish","hentry"],"yoast_head":"<!-- This site is optimized with the Yoast SEO plugin v22.8 - https:\/\/yoast.com\/wordpress\/plugins\/seo\/ -->\n<title>GUIDA PER MAGHI: ROM-COM COZY FANTASY - NORA JUNE PEEBLES - ROMANCE AUTHOR<\/title>\n<meta name=\"description\" content=\"Guida per maghi \u00e8 una rom-com cozy fantasy con un pizzico di STEM romance. Leggi ora la magica storia d\u2019amore tra Lucien e Rose!\" \/>\n<meta name=\"robots\" content=\"index, follow, max-snippet:-1, max-image-preview:large, max-video-preview:-1\" \/>\n<link rel=\"canonical\" href=\"https:\/\/norajunepeebles.com\/?page_id=693\" \/>\n<meta property=\"og:locale\" content=\"en_US\" \/>\n<meta property=\"og:type\" content=\"article\" \/>\n<meta property=\"og:title\" content=\"GUIDA PER MAGHI: ROM-COM COZY FANTASY - NORA JUNE PEEBLES - ROMANCE AUTHOR\" \/>\n<meta property=\"og:description\" content=\"Guida per maghi \u00e8 una rom-com cozy fantasy con un pizzico di STEM romance. Leggi ora la magica storia d\u2019amore tra Lucien e Rose!\" \/>\n<meta property=\"og:url\" content=\"https:\/\/norajunepeebles.com\/?page_id=693\" \/>\n<meta property=\"og:site_name\" content=\"NORA JUNE PEEBLES - ROMANCE AUTHOR\" \/>\n<meta property=\"article:modified_time\" content=\"2025-12-19T07:12:06+00:00\" \/>\n<meta property=\"og:image\" content=\"https:\/\/norajunepeebles.com\/wp-content\/uploads\/2025\/07\/GDI-A-Content-4-1024x317.png\" \/>\n<meta name=\"twitter:card\" content=\"summary_large_image\" \/>\n<meta name=\"twitter:label1\" content=\"Est. reading time\" \/>\n\t<meta name=\"twitter:data1\" content=\"5 minutes\" \/>\n<script type=\"application\/ld+json\" class=\"yoast-schema-graph\">{\"@context\":\"https:\/\/schema.org\",\"@graph\":[{\"@type\":\"WebPage\",\"@id\":\"https:\/\/norajunepeebles.com\/?page_id=693\",\"url\":\"https:\/\/norajunepeebles.com\/?page_id=693\",\"name\":\"GUIDA PER MAGHI: ROM-COM COZY FANTASY - NORA JUNE PEEBLES - ROMANCE AUTHOR\",\"isPartOf\":{\"@id\":\"https:\/\/norajunepeebles.com\/#website\"},\"primaryImageOfPage\":{\"@id\":\"https:\/\/norajunepeebles.com\/?page_id=693#primaryimage\"},\"image\":{\"@id\":\"https:\/\/norajunepeebles.com\/?page_id=693#primaryimage\"},\"thumbnailUrl\":\"https:\/\/norajunepeebles.com\/wp-content\/uploads\/2025\/07\/GDI-A-Content-4-1024x317.png\",\"datePublished\":\"2025-07-16T15:42:06+00:00\",\"dateModified\":\"2025-12-19T07:12:06+00:00\",\"description\":\"Guida per maghi \u00e8 una rom-com cozy fantasy con un pizzico di STEM romance. Leggi ora la magica storia d\u2019amore tra Lucien e Rose!\",\"breadcrumb\":{\"@id\":\"https:\/\/norajunepeebles.com\/?page_id=693#breadcrumb\"},\"inLanguage\":\"en-US\",\"potentialAction\":[{\"@type\":\"ReadAction\",\"target\":[\"https:\/\/norajunepeebles.com\/?page_id=693\"]}]},{\"@type\":\"ImageObject\",\"inLanguage\":\"en-US\",\"@id\":\"https:\/\/norajunepeebles.com\/?page_id=693#primaryimage\",\"url\":\"https:\/\/norajunepeebles.com\/wp-content\/uploads\/2025\/07\/GDI-A-Content-4.png\",\"contentUrl\":\"https:\/\/norajunepeebles.com\/wp-content\/uploads\/2025\/07\/GDI-A-Content-4.png\",\"width\":1940,\"height\":600},{\"@type\":\"BreadcrumbList\",\"@id\":\"https:\/\/norajunepeebles.com\/?page_id=693#breadcrumb\",\"itemListElement\":[{\"@type\":\"ListItem\",\"position\":1,\"name\":\"Home\",\"item\":\"https:\/\/norajunepeebles.com\/\"},{\"@type\":\"ListItem\",\"position\":2,\"name\":\"GUIDA PER MAGHI: COME SOPRAVVIVERE A UNA COINQUILINA FAE (SENZA INNAMORARSI)\"}]},{\"@type\":\"WebSite\",\"@id\":\"https:\/\/norajunepeebles.com\/#website\",\"url\":\"https:\/\/norajunepeebles.com\/\",\"name\":\"NORA JUNE PEEBLES - ROMANCE AUTHOR\",\"description\":\"LOVE, HUMOUR AND A HAPPILY EVER AFTER\",\"publisher\":{\"@id\":\"https:\/\/norajunepeebles.com\/#organization\"},\"potentialAction\":[{\"@type\":\"SearchAction\",\"target\":{\"@type\":\"EntryPoint\",\"urlTemplate\":\"https:\/\/norajunepeebles.com\/?s={search_term_string}\"},\"query-input\":\"required name=search_term_string\"}],\"inLanguage\":\"en-US\"},{\"@type\":\"Organization\",\"@id\":\"https:\/\/norajunepeebles.com\/#organization\",\"name\":\"NORA JUNE PEEBLES - ROMANCE AUTHOR\",\"url\":\"https:\/\/norajunepeebles.com\/\",\"logo\":{\"@type\":\"ImageObject\",\"inLanguage\":\"en-US\",\"@id\":\"https:\/\/norajunepeebles.com\/#\/schema\/logo\/image\/\",\"url\":\"https:\/\/norajunepeebles.com\/wp-content\/uploads\/2024\/06\/cropped-Love-humour-and-a-happily-ever-after-4.png\",\"contentUrl\":\"https:\/\/norajunepeebles.com\/wp-content\/uploads\/2024\/06\/cropped-Love-humour-and-a-happily-ever-after-4.png\",\"width\":500,\"height\":363,\"caption\":\"NORA JUNE PEEBLES - ROMANCE AUTHOR\"},\"image\":{\"@id\":\"https:\/\/norajunepeebles.com\/#\/schema\/logo\/image\/\"}}]}<\/script>\n<!-- \/ Yoast SEO plugin. -->","yoast_head_json":{"title":"GUIDA PER MAGHI: ROM-COM COZY FANTASY - NORA JUNE PEEBLES - ROMANCE AUTHOR","description":"Guida per maghi \u00e8 una rom-com cozy fantasy con un pizzico di STEM romance. Leggi ora la magica storia d\u2019amore tra Lucien e Rose!","robots":{"index":"index","follow":"follow","max-snippet":"max-snippet:-1","max-image-preview":"max-image-preview:large","max-video-preview":"max-video-preview:-1"},"canonical":"https:\/\/norajunepeebles.com\/?page_id=693","og_locale":"en_US","og_type":"article","og_title":"GUIDA PER MAGHI: ROM-COM COZY FANTASY - NORA JUNE PEEBLES - ROMANCE AUTHOR","og_description":"Guida per maghi \u00e8 una rom-com cozy fantasy con un pizzico di STEM romance. Leggi ora la magica storia d\u2019amore tra Lucien e Rose!","og_url":"https:\/\/norajunepeebles.com\/?page_id=693","og_site_name":"NORA JUNE PEEBLES - ROMANCE AUTHOR","article_modified_time":"2025-12-19T07:12:06+00:00","og_image":[{"url":"https:\/\/norajunepeebles.com\/wp-content\/uploads\/2025\/07\/GDI-A-Content-4-1024x317.png"}],"twitter_card":"summary_large_image","twitter_misc":{"Est. reading time":"5 minutes"},"schema":{"@context":"https:\/\/schema.org","@graph":[{"@type":"WebPage","@id":"https:\/\/norajunepeebles.com\/?page_id=693","url":"https:\/\/norajunepeebles.com\/?page_id=693","name":"GUIDA PER MAGHI: ROM-COM COZY FANTASY - NORA JUNE PEEBLES - ROMANCE AUTHOR","isPartOf":{"@id":"https:\/\/norajunepeebles.com\/#website"},"primaryImageOfPage":{"@id":"https:\/\/norajunepeebles.com\/?page_id=693#primaryimage"},"image":{"@id":"https:\/\/norajunepeebles.com\/?page_id=693#primaryimage"},"thumbnailUrl":"https:\/\/norajunepeebles.com\/wp-content\/uploads\/2025\/07\/GDI-A-Content-4-1024x317.png","datePublished":"2025-07-16T15:42:06+00:00","dateModified":"2025-12-19T07:12:06+00:00","description":"Guida per maghi \u00e8 una rom-com cozy fantasy con un pizzico di STEM romance. Leggi ora la magica storia d\u2019amore tra Lucien e Rose!","breadcrumb":{"@id":"https:\/\/norajunepeebles.com\/?page_id=693#breadcrumb"},"inLanguage":"en-US","potentialAction":[{"@type":"ReadAction","target":["https:\/\/norajunepeebles.com\/?page_id=693"]}]},{"@type":"ImageObject","inLanguage":"en-US","@id":"https:\/\/norajunepeebles.com\/?page_id=693#primaryimage","url":"https:\/\/norajunepeebles.com\/wp-content\/uploads\/2025\/07\/GDI-A-Content-4.png","contentUrl":"https:\/\/norajunepeebles.com\/wp-content\/uploads\/2025\/07\/GDI-A-Content-4.png","width":1940,"height":600},{"@type":"BreadcrumbList","@id":"https:\/\/norajunepeebles.com\/?page_id=693#breadcrumb","itemListElement":[{"@type":"ListItem","position":1,"name":"Home","item":"https:\/\/norajunepeebles.com\/"},{"@type":"ListItem","position":2,"name":"GUIDA PER MAGHI: COME SOPRAVVIVERE A UNA COINQUILINA FAE (SENZA INNAMORARSI)"}]},{"@type":"WebSite","@id":"https:\/\/norajunepeebles.com\/#website","url":"https:\/\/norajunepeebles.com\/","name":"NORA JUNE PEEBLES - ROMANCE AUTHOR","description":"LOVE, HUMOUR AND A HAPPILY EVER AFTER","publisher":{"@id":"https:\/\/norajunepeebles.com\/#organization"},"potentialAction":[{"@type":"SearchAction","target":{"@type":"EntryPoint","urlTemplate":"https:\/\/norajunepeebles.com\/?s={search_term_string}"},"query-input":"required name=search_term_string"}],"inLanguage":"en-US"},{"@type":"Organization","@id":"https:\/\/norajunepeebles.com\/#organization","name":"NORA JUNE PEEBLES - ROMANCE AUTHOR","url":"https:\/\/norajunepeebles.com\/","logo":{"@type":"ImageObject","inLanguage":"en-US","@id":"https:\/\/norajunepeebles.com\/#\/schema\/logo\/image\/","url":"https:\/\/norajunepeebles.com\/wp-content\/uploads\/2024\/06\/cropped-Love-humour-and-a-happily-ever-after-4.png","contentUrl":"https:\/\/norajunepeebles.com\/wp-content\/uploads\/2024\/06\/cropped-Love-humour-and-a-happily-ever-after-4.png","width":500,"height":363,"caption":"NORA JUNE PEEBLES - ROMANCE AUTHOR"},"image":{"@id":"https:\/\/norajunepeebles.com\/#\/schema\/logo\/image\/"}}]}},"_links":{"self":[{"href":"https:\/\/norajunepeebles.com\/index.php?rest_route=\/wp\/v2\/pages\/693","targetHints":{"allow":["GET"]}}],"collection":[{"href":"https:\/\/norajunepeebles.com\/index.php?rest_route=\/wp\/v2\/pages"}],"about":[{"href":"https:\/\/norajunepeebles.com\/index.php?rest_route=\/wp\/v2\/types\/page"}],"author":[{"embeddable":true,"href":"https:\/\/norajunepeebles.com\/index.php?rest_route=\/wp\/v2\/users\/1"}],"replies":[{"embeddable":true,"href":"https:\/\/norajunepeebles.com\/index.php?rest_route=%2Fwp%2Fv2%2Fcomments&post=693"}],"version-history":[{"count":2,"href":"https:\/\/norajunepeebles.com\/index.php?rest_route=\/wp\/v2\/pages\/693\/revisions"}],"predecessor-version":[{"id":781,"href":"https:\/\/norajunepeebles.com\/index.php?rest_route=\/wp\/v2\/pages\/693\/revisions\/781"}],"wp:attachment":[{"href":"https:\/\/norajunepeebles.com\/index.php?rest_route=%2Fwp%2Fv2%2Fmedia&parent=693"}],"curies":[{"name":"wp","href":"https:\/\/api.w.org\/{rel}","templated":true}]}}